
{"id":19844,"date":"2023-05-29T17:15:11","date_gmt":"2023-05-29T15:15:11","guid":{"rendered":"https:\/\/www.cutlerydryer.com\/?page_id=19844"},"modified":"2023-07-17T15:53:39","modified_gmt":"2023-07-17T13:53:39","slug":"avantages","status":"publish","type":"page","link":"https:\/\/www.cutlerydryer.com\/fr\/avantages\/","title":{"rendered":"Avantages"},"content":{"rendered":"<div class=\"wpb-content-wrapper\"><p>[vc_row bg_image=\u00a0\u00bb19597&Prime; bg_repeat=\u00a0\u00bbno-repeat\u00a0\u00bb top_padding=\u00a0\u00bb160&Prime; bottom_padding=\u00a0\u00bb160&Prime;][vc_column column_center=\u00a0\u00bbtrue\u00a0\u00bb width=\u00a0\u00bb1\/1&Prime;]<h1 class=\"headline font-special fontsize-xxxl fontweight-700 lh-inherit align-left transform-inherit \" style=\"margin: 0 0 0 0; color: #ffffff;\">D\u00c9COUVREZ TOUS LES AVANTAGES<\/h1><h1 class=\"headline font-special fontsize-xxxl fontweight-inherit lh-inherit align-left transform-inherit \" style=\"margin: 0 0 0 0; color: #ffffff;\">D\u2019UN S\u00c8CHE-COUVERTS<\/h1>[\/vc_column][\/vc_row][vc_row bg_image=\u00a0\u00bb19845&Prime; top_padding=\u00a0\u00bb110&Prime; bottom_padding=\u00a0\u00bb110&Prime; class=\u00a0\u00bbvantaggi-container1&Prime;][vc_column width=\u00a0\u00bb1\/6&Prime;][\/vc_column][vc_column width=\u00a0\u00bb2\/3&Prime;]<h1 class=\"headline font-inherit fontsize-inherit fontweight-700 lh-inherit align-center transform-inherit \" style=\"margin: 20px 0 0 0; color: #00a160;\">Pourquoi acqu\u00e9rir un s\u00e8che- couvert?<\/h1><div class=\"spacer\" style=\"height: 70px;\"><\/div><div class=\"iconbox  wpb_content_element iconbox-style-5 icon-color-greyscale color-dark clearfix\"><div class=\"iconbox-icon\"><img src='https:\/\/www.cutlerydryer.com\/wp-content\/uploads\/risparmio-vantaggipage.png' class='iconimg' \/><\/div><div class=\"iconbox-content\"><h3>Optimiser son temps et \u00e9conomiser de l\u2019argent<\/h3><p>Avec le s\u00e8che-couverts, la manutention de s\u00e9chage est effectu\u00e9e en quelques minutes. Le gain de temps se traduit par une \u00e9conomie d\u2019argent, vous permettant d\u2019amortir le co\u00fbt d\u2019investissement en peu de temps. De plus, la suppression des produits m\u00e9nagers et chiffons permettent de r\u00e9aliser des \u00e9conomies suppl\u00e9mentaires.<\/p><\/div><\/div><div class=\"iconbox  wpb_content_element iconbox-style-5 icon-color-greyscale color-dark clearfix\"><div class=\"iconbox-icon\"><img src='https:\/\/www.cutlerydryer.com\/wp-content\/uploads\/durevole-vantaggipage.png' class='iconimg' \/><\/div><div class=\"iconbox-content\"><h3>Durabilit\u00e9<\/h3><p>Augmenter la long\u00e9vit\u00e9 d\u2019utilisation des couverts et am\u00e9liorer la qualit\u00e9 du service aux clients<br \/>\nLes couverts auront un meilleur aspect et la mise en place \u00e0 table sera parfaite. L\u2019action de l\u2019\u00e9pi de ma\u00efs combin\u00e9e aux vibrations \u00e9limine tout r\u00e9sidu de calcaire et\/ou de produits chimiques de la surface. De plus, le traitement antioxydant des couverts en argent durera plus longtemps.<\/p><\/div><\/div><div class=\"iconbox  wpb_content_element iconbox-style-5 icon-color-greyscale color-dark clearfix\"><div class=\"iconbox-icon\"><img src='https:\/\/www.cutlerydryer.com\/wp-content\/uploads\/sanificazione-vantaggipage.png' class='iconimg' \/><\/div><div class=\"iconbox-content\"><h3>D\u00e9sinfection<\/h3><p>Durant le processus, les couverts sont trait\u00e9s \u00e0 tr\u00e8s haute temp\u00e9rature afin de garantir une d\u00e9sinfection minutieuse, un atout non-n\u00e9gligeable dans le contexte actuel. La d\u00e9sinfection par la chaleur fournit des r\u00e9sultats plus efficaces, fiables et complets en mati\u00e8re d\u2019\u00e9limination des bact\u00e9ries et des virus que les solutions alternatives chimiques.<\/p><\/div><\/div><div class=\"iconbox  wpb_content_element iconbox-style-5 icon-color-greyscale color-dark clearfix\"><div class=\"iconbox-icon\"><img src='https:\/\/www.cutlerydryer.com\/wp-content\/uploads\/brillantezza-vantaggipage.png' class='iconimg' \/><\/div><div class=\"iconbox-content\"><h3>Brillance<\/h3><p>Le macchie di calcare vengono eliminate rapidamente, facendo brillare la superficie delle posate.<\/p><\/div><\/div><div class=\"iconbox  wpb_content_element iconbox-style-5 icon-color-greyscale color-dark clearfix\"><div class=\"iconbox-icon\"><img src='https:\/\/www.cutlerydryer.com\/wp-content\/uploads\/ecosostenibile-vantaggipage.png' class='iconimg' \/><\/div><div class=\"iconbox-content\"><h3>\u00c9cologique<\/h3><p>Nous utilisons le granulat de ma\u00efs (\u00e9pi de ma\u00efs) : un produit 100% \u00e9cologique, totalement naturel et biod\u00e9gradable.<br \/>\nC\u2019est une mati\u00e8re premi\u00e8re, qui, gr\u00e2ce \u00e0 ses propri\u00e9t\u00e9s abrasive et absorbante permet l\u2019obtention de couverts parfaitement secs et brillants.<\/p><\/div><\/div><div class=\"iconbox  wpb_content_element iconbox-style-5 icon-color-greyscale color-dark clearfix\"><div class=\"iconbox-icon\"><img src='https:\/\/www.cutlerydryer.com\/wp-content\/uploads\/facile-vantaggipage.png' class='iconimg' \/><\/div><div class=\"iconbox-content\"><h3>Facilit\u00e9 d\u2019utilisation<\/h3><p>La technologies ACTIVE CONTROL offre une \u00e9cran LCD afin de guider l\u2019op\u00e9rateur sur les phase d\u2019utilisation de mani\u00e8re concise, simple et intuitive.<\/p><\/div><\/div>[vc_row_inner][vc_column_inner width=\u00a0\u00bb1\/4&Prime;][\/vc_column_inner][vc_column_inner width=\u00a0\u00bb1\/2&Prime;]<a href=\"#zone-contacts\" target=\"_self\" class=\"button color-2 large \" style=\"border-radius: ;\">INFORMATIONS REQUISES<\/a>[\/vc_column_inner][vc_column_inner width=\u00a0\u00bb1\/4&Prime;][\/vc_column_inner][\/vc_row_inner][\/vc_column][vc_column width=\u00a0\u00bb1\/6&Prime;][\/vc_column][\/vc_row][vc_row equal_height=\u00a0\u00bbyes\u00a0\u00bb top_padding=\u00a0\u00bb110&Prime; bottom_padding=\u00a0\u00bb110&Prime; class=\u00a0\u00bbvantaggi-container2&Prime;][vc_column width=\u00a0\u00bb1\/2&Prime;]<h1 class=\"headline font-inherit fontsize-inherit fontweight-700 lh-inherit align-left transform-inherit \" style=\"margin: 20px 0 0 0; color: #00a160;\">Pourquoi utiliser l\u2019haute temp\u00e9rature?<\/h1><div class=\"spacer\" style=\"height: 70px;\"><\/div><div class=\"iconbox  wpb_content_element iconbox-style-2 icon-color-accent color-dark clearfix\"><div class=\"iconbox-icon\"><i class=\"fa fa-check boxicon\" style=\"\"><\/i><\/div><div class=\"iconbox-content\"><h3>Assainissement<\/h3><p>C\u2019est obtenu par l\u2019haute temp\u00e9rature. Grace aux r\u00e9sistances adh\u00e9sives qui arrivent \u00e0 100\u00b0\/130\u00b0C, la rafle de mais, o\u00f9 sont les couverts, maintient une temp\u00e9rature stabile, en obtenant l\u2019\u00e9limination des pathog\u00e8nes (<span style=\"text-decoration: underline;\">prouv\u00e9 par test de laboratoire<\/span>).<\/p><\/div><\/div><div class=\"iconbox  wpb_content_element iconbox-style-2 icon-color-accent color-dark clearfix\"><div class=\"iconbox-icon\"><i class=\"fa fa-check boxicon\" style=\"\"><\/i><\/div><div class=\"iconbox-content\"><h3>Resultat constant<\/h3><p>Couverts parfaitement s\u00e9ch\u00e9s de la premi\u00e8re \u00e0 la derni\u00e8re utilisation.<\/p><\/div><\/div><div class=\"iconbox  wpb_content_element iconbox-style-2 icon-color-accent color-dark clearfix\"><div class=\"iconbox-icon\"><i class=\"fa fa-check boxicon\" style=\"\"><\/i><\/div><div class=\"iconbox-content\"><h3>Securite green<\/h3><p>Grace \u00e0 l\u2019haute temp\u00e9rature dans la machine, la rafle de mais reste enti\u00e8re et pr\u00eate, meme puis avoir introduit beaucoup des couverts: l\u2019haute temp\u00e9rature assure que la rafle de mais ne se gonfle pas d\u2019eau et ne devient pas froids au moyen du cycle du s\u00e9chage, en \u00e9vitant que les couverts sortent plus lentement de la machine.<\/p><\/div><\/div>[\/vc_column][vc_column width=\u00a0\u00bb1\/2&Prime;]<div class=\"single_image wpb_content_element align-center   \" data-animation=\"none\" data-delay=\"0\"><img loading=\"lazy\" decoding=\"async\" class=\"\" src=\"https:\/\/www.cutlerydryer.com\/wp-content\/uploads\/Posate_MAN3300_072dpi-498x760.jpg\" width=\"498\" height=\"760\" alt=\"Posate_MAN3300_072dpi\" title=\"Posate_MAN3300_072dpi\" loading=\"lazy\" \/><\/div>[\/vc_column][\/vc_row][vc_row bg_color=\u00a0\u00bb#e9edee\u00a0\u00bb top_padding=\u00a0\u00bb110&Prime; bottom_padding=\u00a0\u00bb110&Prime; class=\u00a0\u00bbvantaggi-container3&Prime;][vc_column]<h1 class=\"headline font-special fontsize-xxxl fontweight-700 lh-inherit align-center transform-inherit \" style=\"margin: 20px 0 0 0; color: #00a160;\">ACTIVE CONTROL<\/h1><h1 class=\"headline font-inherit fontsize-inherit fontweight-inherit lh-inherit align-center transform-inherit \" style=\"margin: 20px 0 0 0;\">Facile, Simple, Intuitif<\/h1><div class=\"spacer\" style=\"height: 70px;\"><\/div>[\/vc_column][vc_column width=\u00a0\u00bb1\/2&Prime;]<div class=\"single_image wpb_content_element align-center   \" data-animation=\"none\" data-delay=\"0\"><img fetchpriority=\"high\" decoding=\"async\" width=\"900\" height=\"707\" src=\"https:\/\/www.cutlerydryer.com\/wp-content\/uploads\/Jet_03_MAN3294.jpg\" class=\"attachment-full\" alt=\"\" title=\"Jet_03_MAN3294\" srcset=\"https:\/\/www.cutlerydryer.com\/wp-content\/uploads\/Jet_03_MAN3294.jpg 900w, https:\/\/www.cutlerydryer.com\/wp-content\/uploads\/Jet_03_MAN3294-300x236.jpg 300w\" sizes=\"(max-width: 900px) 100vw, 900px\" \/><\/div>[\/vc_column][vc_column width=\u00a0\u00bb1\/2&Prime;]<div class=\"iconbox  wpb_content_element iconbox-style-2 icon-color-accent color-dark clearfix\"><div class=\"iconbox-icon\"><i class=\"fa fa-check boxicon\" style=\"\"><\/i><\/div><div class=\"iconbox-content\"><h3>Technologie Active Control<\/h3><p>Carte \u00e9lectronique avec \u00e9cran LCD qui accompagne l\u2019op\u00e9rateur pendant l\u2019utilisation.<\/p><\/div><\/div><div class=\"iconbox  wpb_content_element iconbox-style-2 icon-color-accent color-dark clearfix\"><div class=\"iconbox-icon\"><i class=\"fa fa-check boxicon\" style=\"\"><\/i><\/div><div class=\"iconbox-content\"><h3>Avis replace corn cob<\/h3><p>Cet avis sera montr\u00e9 automatiquement quand il sera n\u00e9cessaire de remplacer la rafle de ma\u00efs<\/p><\/div><\/div><div class=\"iconbox  wpb_content_element iconbox-style-2 icon-color-accent color-dark clearfix\"><div class=\"iconbox-icon\"><i class=\"fa fa-check boxicon\" style=\"\"><\/i><\/div><div class=\"iconbox-content\"><h3>Stand-by<\/h3><p>La machine maintient la temp\u00e9rature, en se red\u00e9marrant si la temp\u00e9rature tombe au-dessus d\u2019une certaine valeur.<\/p><\/div><\/div>[\/vc_column][\/vc_row][vc_row content_placement=\u00a0\u00bbbottom\u00a0\u00bb bg_color=\u00a0\u00bb#ffffff\u00a0\u00bb top_padding=\u00a0\u00bb60&Prime; bottom_padding=\u00a0\u00bb60&Prime;][vc_column width=\u00a0\u00bb1\/1&Prime;]<div class=\"video-embed  wpb_content_element\"><iframe title=\"Host 2019 Tamai Cutlery Dryer present Evolution long\" width=\"1161\" height=\"653\" src=\"https:\/\/www.youtube.com\/embed\/3RdVr1RJa7g?feature=oembed\" frameborder=\"0\" allow=\"accelerometer; autoplay; clipboard-write; encrypted-media; gyroscope; picture-in-picture; web-share\" referrerpolicy=\"strict-origin-when-cross-origin\" allowfullscreen><\/iframe><\/div>[\/vc_column][\/vc_row][vc_row bg_image=\u00a0\u00bb19750&Prime; top_padding=\u00a0\u00bb110&Prime; bottom_padding=\u00a0\u00bb110&Prime; row_id=\u00a0\u00bbzone-contacts\u00a0\u00bb][vc_column width=\u00a0\u00bb1\/2&Prime;]<h1 class=\"headline font-special fontsize-xxxl fontweight-700 lh-inherit align-left transform-inherit \" style=\"margin: 20px 0 0 0; color: #ffffff;\">Remplir le formulaire<\/h1><h2 class=\"headline font-inherit fontsize-xxxl fontweight-inherit lh-inherit align-left transform-inherit \" style=\"margin: 0 0 20px 0; color: #ffffff;\">En savoir plus ou demander un devis<\/h2>[\/vc_column][vc_column width=\u00a0\u00bb1\/2&Prime;][vc_column_text]<\/p>\n<p style=\"text-align: left;\">\n<div class=\"wpcf7 no-js\" id=\"wpcf7-f16302-o1\" lang=\"it-IT\" dir=\"ltr\" data-wpcf7-id=\"16302\">\n<div class=\"screen-reader-response\"><p role=\"status\" aria-live=\"polite\" aria-atomic=\"true\"><\/p> <ul><\/ul><\/div>\n<form action=\"\/fr\/wp-json\/wp\/v2\/pages\/19844#wpcf7-f16302-o1\" method=\"post\" class=\"wpcf7-form init\" aria-label=\"Modulo di contatto\" novalidate=\"novalidate\" data-status=\"init\">\n<fieldset class=\"hidden-fields-container\"><input type=\"hidden\" name=\"_wpcf7\" value=\"16302\" \/><input type=\"hidden\" name=\"_wpcf7_version\" value=\"6.1.2\" \/><input type=\"hidden\" name=\"_wpcf7_locale\" value=\"it_IT\" \/><input type=\"hidden\" name=\"_wpcf7_unit_tag\" value=\"wpcf7-f16302-o1\" \/><input type=\"hidden\" name=\"_wpcf7_container_post\" value=\"0\" \/><input type=\"hidden\" name=\"_wpcf7_posted_data_hash\" value=\"\" \/>\n<\/fieldset>\n<p><span class=\"wpcf7-form-control-wrap\" data-name=\"your-name\"><input size=\"40\" maxlength=\"400\" class=\"wpcf7-form-control wpcf7-text wpcf7-validates-as-required\" aria-required=\"true\" aria-invalid=\"false\" placeholder=\"Nom et pr\u00e9nom*\" value=\"\" type=\"text\" name=\"your-name\" \/><\/span>\n<\/p>\n<p><span id=\"wpcf7-69e8b26284a27-wrapper\" class=\"wpcf7-form-control-wrap email-wrap\" style=\"display:none !important; visibility:hidden !important;\"><label for=\"wpcf7-69e8b26284a27-field\" class=\"hp-message\">Si prega di lasciare vuoto questo campo.<\/label><input id=\"wpcf7-69e8b26284a27-field\"  placeholder=\"email\"  class=\"wpcf7-form-control wpcf7-text\" type=\"text\" name=\"email\" value=\"\" size=\"40\" tabindex=\"-1\" autocomplete=\"new-password\" \/><\/span><span class=\"wpcf7-form-control-wrap\" data-name=\"your-email\"><input size=\"40\" maxlength=\"400\" class=\"wpcf7-form-control wpcf7-email wpcf7-validates-as-required wpcf7-text wpcf7-validates-as-email\" aria-required=\"true\" aria-invalid=\"false\" placeholder=\"Email*\" value=\"\" type=\"email\" name=\"your-email\" \/><\/span>\n<\/p>\n<p><span class=\"wpcf7-form-control-wrap\" data-name=\"categoria\"><select class=\"wpcf7-form-control wpcf7-select wpcf7-validates-as-required\" aria-required=\"true\" aria-invalid=\"false\" name=\"categoria\"><option value=\"\">&#8212;Seleziona un&#039;opzione&#8212;<\/option><option value=\"Utilisateur\">Utilisateur<\/option><option value=\"Marchand\">Marchand<\/option><\/select><\/span>\n<\/p>\n<p><span class=\"wpcf7-form-control-wrap\" data-name=\"your-message\"><textarea cols=\"40\" rows=\"10\" maxlength=\"2000\" class=\"wpcf7-form-control wpcf7-textarea wpcf7-validates-as-required\" aria-required=\"true\" aria-invalid=\"false\" placeholder=\"Message*\" name=\"your-message\"><\/textarea><\/span>\n<\/p>\n<p><span class=\"wpcf7-form-control-wrap\" data-name=\"acceptance-634\"><span class=\"wpcf7-form-control wpcf7-acceptance\"><span class=\"wpcf7-list-item\"><label><input type=\"checkbox\" name=\"acceptance-634\" value=\"1\" aria-invalid=\"false\" \/><span class=\"wpcf7-list-item-label\">J'accepte les conditions et la politique de confidentialit\u00e9.<\/span><\/label><\/span><\/span><\/span>\n<\/p>\n<p><input class=\"wpcf7-form-control wpcf7-submit has-spinner submit-button\" type=\"submit\" value=\"ENVOYER LE MESSAGE\" \/>\n<\/p><p style=\"display: none !important;\" class=\"akismet-fields-container\" data-prefix=\"_wpcf7_ak_\"><label>&#916;<textarea name=\"_wpcf7_ak_hp_textarea\" cols=\"45\" rows=\"8\" maxlength=\"100\"><\/textarea><\/label><input type=\"hidden\" id=\"ak_js_1\" name=\"_wpcf7_ak_js\" value=\"104\"\/><script>document.getElementById( \"ak_js_1\" ).setAttribute( \"value\", ( new Date() ).getTime() );<\/script><\/p><input type='hidden' class='wpcf7-pum' value='{\"closepopup\":false,\"closedelay\":0,\"openpopup\":false,\"openpopup_id\":0}' \/><div class=\"wpcf7-response-output\" aria-hidden=\"true\"><\/div>\n<\/form>\n<\/div>\n<p>[\/vc_column_text][\/vc_column][\/vc_row]<\/p>\n<\/div>","protected":false},"excerpt":{"rendered":"<p>[vc_row bg_image=\u00a0\u00bb19597&Prime; bg_repeat=\u00a0\u00bbno-repeat\u00a0\u00bb top_padding=\u00a0\u00bb160&Prime; bottom_padding=\u00a0\u00bb160&Prime;][vc_column column_center=\u00a0\u00bbtrue\u00a0\u00bb width=\u00a0\u00bb1\/1&Prime;][\/vc_column][\/vc_row][vc_row bg_image=\u00a0\u00bb19845&Prime; top_padding=\u00a0\u00bb110&Prime; bottom_padding=\u00a0\u00bb110&Prime; class=\u00a0\u00bbvantaggi-container1&Prime;][vc_column width=\u00a0\u00bb1\/6&Prime;][\/vc_column][vc_column width=\u00a0\u00bb2\/3&Prime;][vc_row_inner][vc_column_inner width=\u00a0\u00bb1\/4&Prime;][\/vc_column_inner][vc_column_inner width=\u00a0\u00bb1\/2&Prime;][\/vc_column_inner][vc_column_inner width=\u00a0\u00bb1\/4&Prime;][\/vc_column_inner][\/vc_row_inner][\/vc_column][vc_column width=\u00a0\u00bb1\/6&Prime;][\/vc_column][\/vc_row][vc_row equal_height=\u00a0\u00bbyes\u00a0\u00bb top_padding=\u00a0\u00bb110&Prime; bottom_padding=\u00a0\u00bb110&Prime; class=\u00a0\u00bbvantaggi-container2&Prime;][vc_column width=\u00a0\u00bb1\/2&Prime;][\/vc_column][vc_column width=\u00a0\u00bb1\/2&Prime;][\/vc_column][\/vc_row][vc_row bg_color=\u00a0\u00bb#e9edee\u00a0\u00bb top_padding=\u00a0\u00bb110&Prime; bottom_padding=\u00a0\u00bb110&Prime; class=\u00a0\u00bbvantaggi-container3&Prime;][vc_column][\/vc_column][vc_column width=\u00a0\u00bb1\/2&Prime;][\/vc_column][vc_column width=\u00a0\u00bb1\/2&Prime;][\/vc_column][\/vc_row][vc_row content_placement=\u00a0\u00bbbottom\u00a0\u00bb bg_color=\u00a0\u00bb#ffffff\u00a0\u00bb top_padding=\u00a0\u00bb60&Prime; bottom_padding=\u00a0\u00bb60&Prime;][vc_column width=\u00a0\u00bb1\/1&Prime;][\/vc_column][\/vc_row][vc_row bg_image=\u00a0\u00bb19750&Prime; top_padding=\u00a0\u00bb110&Prime; bottom_padding=\u00a0\u00bb110&Prime; row_id=\u00a0\u00bbzone-contacts\u00a0\u00bb][vc_column width=\u00a0\u00bb1\/2&Prime;][\/vc_column][vc_column width=\u00a0\u00bb1\/2&Prime;][vc_column_text] [\/vc_column_text][\/vc_column][\/vc_row]<\/p>\n","protected":false},"author":2,"featured_media":0,"parent":0,"menu_order":0,"comment_status":"closed","ping_status":"closed","template":"","meta":{"_monsterinsights_skip_tracking":false,"_monsterinsights_sitenote_active":false,"_monsterinsights_sitenote_note":"","_monsterinsights_sitenote_category":0,"footnotes":""},"class_list":["post-19844","page","type-page","status-publish","hentry"],"yoast_head":"<!-- This site is optimized with the Yoast SEO plugin v26.0 - https:\/\/yoast.com\/wordpress\/plugins\/seo\/ -->\n<title>Avantages - Cutlery Dryer<\/title>\n<meta name=\"robots\" content=\"index, follow, max-snippet:-1, max-image-preview:large, max-video-preview:-1\" \/>\n<link rel=\"canonical\" href=\"https:\/\/www.cutlerydryer.com\/fr\/avantages\/\" \/>\n<meta property=\"og:locale\" content=\"fr_FR\" \/>\n<meta property=\"og:type\" content=\"article\" \/>\n<meta property=\"og:title\" content=\"Avantages - Cutlery Dryer\" \/>\n<meta property=\"og:description\" content=\"[vc_row bg_image=\u00a0\u00bb19597&Prime; bg_repeat=\u00a0\u00bbno-repeat\u00a0\u00bb top_padding=\u00a0\u00bb160&Prime; bottom_padding=\u00a0\u00bb160&Prime;][vc_column column_center=\u00a0\u00bbtrue\u00a0\u00bb width=\u00a0\u00bb1\/1&Prime;][\/vc_column][\/vc_row][vc_row bg_image=\u00a0\u00bb19845&Prime; top_padding=\u00a0\u00bb110&Prime; bottom_padding=\u00a0\u00bb110&Prime; class=\u00a0\u00bbvantaggi-container1&Prime;][vc_column width=\u00a0\u00bb1\/6&Prime;][\/vc_column][vc_column width=\u00a0\u00bb2\/3&Prime;][vc_row_inner][vc_column_inner width=\u00a0\u00bb1\/4&Prime;][\/vc_column_inner][vc_column_inner width=\u00a0\u00bb1\/2&Prime;][\/vc_column_inner][vc_column_inner width=\u00a0\u00bb1\/4&Prime;][\/vc_column_inner][\/vc_row_inner][\/vc_column][vc_column width=\u00a0\u00bb1\/6&Prime;][\/vc_column][\/vc_row][vc_row equal_height=\u00a0\u00bbyes\u00a0\u00bb top_padding=\u00a0\u00bb110&Prime; bottom_padding=\u00a0\u00bb110&Prime; class=\u00a0\u00bbvantaggi-container2&Prime;][vc_column width=\u00a0\u00bb1\/2&Prime;][\/vc_column][vc_column width=\u00a0\u00bb1\/2&Prime;][\/vc_column][\/vc_row][vc_row bg_color=\u00a0\u00bb#e9edee\u00a0\u00bb top_padding=\u00a0\u00bb110&Prime; bottom_padding=\u00a0\u00bb110&Prime; class=\u00a0\u00bbvantaggi-container3&Prime;][vc_column][\/vc_column][vc_column width=\u00a0\u00bb1\/2&Prime;][\/vc_column][vc_column width=\u00a0\u00bb1\/2&Prime;][\/vc_column][\/vc_row][vc_row content_placement=\u00a0\u00bbbottom\u00a0\u00bb bg_color=\u00a0\u00bb#ffffff\u00a0\u00bb top_padding=\u00a0\u00bb60&Prime; bottom_padding=\u00a0\u00bb60&Prime;][vc_column width=\u00a0\u00bb1\/1&Prime;][\/vc_column][\/vc_row][vc_row bg_image=\u00a0\u00bb19750&Prime; top_padding=\u00a0\u00bb110&Prime; bottom_padding=\u00a0\u00bb110&Prime; row_id=\u00a0\u00bbzone-contacts\u00a0\u00bb][vc_column width=\u00a0\u00bb1\/2&Prime;][\/vc_column][vc_column width=\u00a0\u00bb1\/2&Prime;][vc_column_text] [\/vc_column_text][\/vc_column][\/vc_row]\" \/>\n<meta property=\"og:url\" content=\"https:\/\/www.cutlerydryer.com\/fr\/avantages\/\" \/>\n<meta property=\"og:site_name\" content=\"Cutlery Dryer\" \/>\n<meta property=\"article:modified_time\" content=\"2023-07-17T13:53:39+00:00\" \/>\n<meta name=\"twitter:card\" content=\"summary_large_image\" \/>\n<meta name=\"twitter:label1\" content=\"Dur\u00e9e de lecture estim\u00e9e\" \/>\n\t<meta name=\"twitter:data1\" content=\"3 minutes\" \/>\n<script type=\"application\/ld+json\" class=\"yoast-schema-graph\">{\"@context\":\"https:\/\/schema.org\",\"@graph\":[{\"@type\":\"WebPage\",\"@id\":\"https:\/\/www.cutlerydryer.com\/fr\/avantages\/\",\"url\":\"https:\/\/www.cutlerydryer.com\/fr\/avantages\/\",\"name\":\"Avantages - Cutlery Dryer\",\"isPartOf\":{\"@id\":\"http:\/\/www.cutlerydryer.com\/fr\/#website\"},\"datePublished\":\"2023-05-29T15:15:11+00:00\",\"dateModified\":\"2023-07-17T13:53:39+00:00\",\"breadcrumb\":{\"@id\":\"https:\/\/www.cutlerydryer.com\/fr\/avantages\/#breadcrumb\"},\"inLanguage\":\"fr-FR\",\"potentialAction\":[{\"@type\":\"ReadAction\",\"target\":[\"https:\/\/www.cutlerydryer.com\/fr\/avantages\/\"]}]},{\"@type\":\"BreadcrumbList\",\"@id\":\"https:\/\/www.cutlerydryer.com\/fr\/avantages\/#breadcrumb\",\"itemListElement\":[{\"@type\":\"ListItem\",\"position\":1,\"name\":\"Home\",\"item\":\"https:\/\/www.cutlerydryer.com\/fr\/\"},{\"@type\":\"ListItem\",\"position\":2,\"name\":\"Avantages\"}]},{\"@type\":\"WebSite\",\"@id\":\"http:\/\/www.cutlerydryer.com\/fr\/#website\",\"url\":\"http:\/\/www.cutlerydryer.com\/fr\/\",\"name\":\"Cutlery Dryer\",\"description\":\"Asciuga posate professionali\",\"potentialAction\":[{\"@type\":\"SearchAction\",\"target\":{\"@type\":\"EntryPoint\",\"urlTemplate\":\"http:\/\/www.cutlerydryer.com\/fr\/?s={search_term_string}\"},\"query-input\":{\"@type\":\"PropertyValueSpecification\",\"valueRequired\":true,\"valueName\":\"search_term_string\"}}],\"inLanguage\":\"fr-FR\"}]}<\/script>\n<!-- \/ Yoast SEO plugin. -->","yoast_head_json":{"title":"Avantages - Cutlery Dryer","robots":{"index":"index","follow":"follow","max-snippet":"max-snippet:-1","max-image-preview":"max-image-preview:large","max-video-preview":"max-video-preview:-1"},"canonical":"https:\/\/www.cutlerydryer.com\/fr\/avantages\/","og_locale":"fr_FR","og_type":"article","og_title":"Avantages - Cutlery Dryer","og_description":"[vc_row bg_image=\u00a0\u00bb19597&Prime; bg_repeat=\u00a0\u00bbno-repeat\u00a0\u00bb top_padding=\u00a0\u00bb160&Prime; bottom_padding=\u00a0\u00bb160&Prime;][vc_column column_center=\u00a0\u00bbtrue\u00a0\u00bb width=\u00a0\u00bb1\/1&Prime;][\/vc_column][\/vc_row][vc_row bg_image=\u00a0\u00bb19845&Prime; top_padding=\u00a0\u00bb110&Prime; bottom_padding=\u00a0\u00bb110&Prime; class=\u00a0\u00bbvantaggi-container1&Prime;][vc_column width=\u00a0\u00bb1\/6&Prime;][\/vc_column][vc_column width=\u00a0\u00bb2\/3&Prime;][vc_row_inner][vc_column_inner width=\u00a0\u00bb1\/4&Prime;][\/vc_column_inner][vc_column_inner width=\u00a0\u00bb1\/2&Prime;][\/vc_column_inner][vc_column_inner width=\u00a0\u00bb1\/4&Prime;][\/vc_column_inner][\/vc_row_inner][\/vc_column][vc_column width=\u00a0\u00bb1\/6&Prime;][\/vc_column][\/vc_row][vc_row equal_height=\u00a0\u00bbyes\u00a0\u00bb top_padding=\u00a0\u00bb110&Prime; bottom_padding=\u00a0\u00bb110&Prime; class=\u00a0\u00bbvantaggi-container2&Prime;][vc_column width=\u00a0\u00bb1\/2&Prime;][\/vc_column][vc_column width=\u00a0\u00bb1\/2&Prime;][\/vc_column][\/vc_row][vc_row bg_color=\u00a0\u00bb#e9edee\u00a0\u00bb top_padding=\u00a0\u00bb110&Prime; bottom_padding=\u00a0\u00bb110&Prime; class=\u00a0\u00bbvantaggi-container3&Prime;][vc_column][\/vc_column][vc_column width=\u00a0\u00bb1\/2&Prime;][\/vc_column][vc_column width=\u00a0\u00bb1\/2&Prime;][\/vc_column][\/vc_row][vc_row content_placement=\u00a0\u00bbbottom\u00a0\u00bb bg_color=\u00a0\u00bb#ffffff\u00a0\u00bb top_padding=\u00a0\u00bb60&Prime; bottom_padding=\u00a0\u00bb60&Prime;][vc_column width=\u00a0\u00bb1\/1&Prime;][\/vc_column][\/vc_row][vc_row bg_image=\u00a0\u00bb19750&Prime; top_padding=\u00a0\u00bb110&Prime; bottom_padding=\u00a0\u00bb110&Prime; row_id=\u00a0\u00bbzone-contacts\u00a0\u00bb][vc_column width=\u00a0\u00bb1\/2&Prime;][\/vc_column][vc_column width=\u00a0\u00bb1\/2&Prime;][vc_column_text] [\/vc_column_text][\/vc_column][\/vc_row]","og_url":"https:\/\/www.cutlerydryer.com\/fr\/avantages\/","og_site_name":"Cutlery Dryer","article_modified_time":"2023-07-17T13:53:39+00:00","twitter_card":"summary_large_image","twitter_misc":{"Dur\u00e9e de lecture estim\u00e9e":"3 minutes"},"schema":{"@context":"https:\/\/schema.org","@graph":[{"@type":"WebPage","@id":"https:\/\/www.cutlerydryer.com\/fr\/avantages\/","url":"https:\/\/www.cutlerydryer.com\/fr\/avantages\/","name":"Avantages - Cutlery Dryer","isPartOf":{"@id":"http:\/\/www.cutlerydryer.com\/fr\/#website"},"datePublished":"2023-05-29T15:15:11+00:00","dateModified":"2023-07-17T13:53:39+00:00","breadcrumb":{"@id":"https:\/\/www.cutlerydryer.com\/fr\/avantages\/#breadcrumb"},"inLanguage":"fr-FR","potentialAction":[{"@type":"ReadAction","target":["https:\/\/www.cutlerydryer.com\/fr\/avantages\/"]}]},{"@type":"BreadcrumbList","@id":"https:\/\/www.cutlerydryer.com\/fr\/avantages\/#breadcrumb","itemListElement":[{"@type":"ListItem","position":1,"name":"Home","item":"https:\/\/www.cutlerydryer.com\/fr\/"},{"@type":"ListItem","position":2,"name":"Avantages"}]},{"@type":"WebSite","@id":"http:\/\/www.cutlerydryer.com\/fr\/#website","url":"http:\/\/www.cutlerydryer.com\/fr\/","name":"Cutlery Dryer","description":"Asciuga posate professionali","potentialAction":[{"@type":"SearchAction","target":{"@type":"EntryPoint","urlTemplate":"http:\/\/www.cutlerydryer.com\/fr\/?s={search_term_string}"},"query-input":{"@type":"PropertyValueSpecification","valueRequired":true,"valueName":"search_term_string"}}],"inLanguage":"fr-FR"}]}},"_links":{"self":[{"href":"https:\/\/www.cutlerydryer.com\/fr\/wp-json\/wp\/v2\/pages\/19844","targetHints":{"allow":["GET"]}}],"collection":[{"href":"https:\/\/www.cutlerydryer.com\/fr\/wp-json\/wp\/v2\/pages"}],"about":[{"href":"https:\/\/www.cutlerydryer.com\/fr\/wp-json\/wp\/v2\/types\/page"}],"author":[{"embeddable":true,"href":"https:\/\/www.cutlerydryer.com\/fr\/wp-json\/wp\/v2\/users\/2"}],"replies":[{"embeddable":true,"href":"https:\/\/www.cutlerydryer.com\/fr\/wp-json\/wp\/v2\/comments?post=19844"}],"version-history":[{"count":11,"href":"https:\/\/www.cutlerydryer.com\/fr\/wp-json\/wp\/v2\/pages\/19844\/revisions"}],"predecessor-version":[{"id":20535,"href":"https:\/\/www.cutlerydryer.com\/fr\/wp-json\/wp\/v2\/pages\/19844\/revisions\/20535"}],"wp:attachment":[{"href":"https:\/\/www.cutlerydryer.com\/fr\/wp-json\/wp\/v2\/media?parent=19844"}],"curies":[{"name":"wp","href":"https:\/\/api.w.org\/{rel}","templated":true}]}}