
{"id":16420,"date":"2016-03-07T11:12:00","date_gmt":"2016-03-07T10:12:00","guid":{"rendered":"http:\/\/dacos2.dacos.it\/fr\/?page_id=16420"},"modified":"2016-03-23T14:26:03","modified_gmt":"2016-03-23T13:26:03","slug":"mentions-legales","status":"publish","type":"page","link":"https:\/\/www.cutlerydryer.com\/fr\/mentions-legales\/","title":{"rendered":"MENTIONS L\u00c9GALES"},"content":{"rendered":"<p>Le pr\u00e9sent document contient les conditions l\u00e9gales pour l\u2019acc\u00e8s et l\u2019utilisation du site internet www.cutlerydryer.com. L\u2019acc\u00e8s au site web, son utilisation ou l\u2019utilisation des mat\u00e9riels y contenus vous oblige \u00e0 respecter les conditions g\u00e9n\u00e9rales report\u00e9es ci-dessous.<\/p>\n<p><strong>1. Propri\u00e9t\u00e9 du site web<\/strong><br \/>\nCe site web est la propri\u00e9t\u00e9 de la TAMAI S.r.l. ayant si\u00e8ge l\u00e9gal \u00e0 Via dell&rsquo;Artigiano, 10 &#8211; 30021 Caorle (VE).<\/p>\n<p><strong>2. Droit d\u2019Auteur et droit sur la Marque<\/strong><br \/>\nCe site web est prot\u00e9g\u00e9 par le droit d\u2019Auteur comme \u0153uvre individuelle et\/ou compos\u00e9e et\/ou collective au sens de la l\u00e9gislation italienne et de l\u2019Union Europ\u00e9enne en mati\u00e8re de droit d\u2019Auteur, des conventions internationales et des autres r\u00e9glementations en mati\u00e8re de droit d\u2019Auteur.<br \/>\nToute utilisation non autoris\u00e9e des mat\u00e9riels contenus dans ce site web est absolument interdite.<br \/>\nLe site web pourrait contenir des documents, des images, des logiciels, des informations et autres mat\u00e9riels de la propri\u00e9t\u00e9 de tiers, comme des photographies, des publicit\u00e9s, des films vid\u00e9os et des musiques.<br \/>\nToute utilisation non autoris\u00e9e des mat\u00e9riels contenus dans ce site web est absolument interdite, sauf apr\u00e8s avoir obtenu l\u2019accord pr\u00e9alable \u00e9crit du propri\u00e9taire des mat\u00e9riels en objet.<br \/>\nTous droits r\u00e9serv\u00e9s.<\/p>\n<p><strong>3. Utilisation et acc\u00e8s au site web<\/strong><br \/>\nLes contenus et les mat\u00e9riels du site web sont destin\u00e9s exclusivement \u00e0 des fins personnelles et non \u00e0 des fins commerciales.<br \/>\nL\u2019utilisateur pourra t\u00e9l\u00e9charger ou copier les contenus et autres mat\u00e9riels t\u00e9l\u00e9chargeables publi\u00e9s sur ce site web uniquement pour son propre usage non commercial, \u00e0 condition de reconna\u00eetre que les mat\u00e9riels couverts par le Droit d\u2019Auteur y contenus sont prot\u00e9g\u00e9s et que l\u2019utilisateur s\u2019engage \u00e0 respecter tous les droits d\u2019auteur et autres droits contenus dans ce site web.<br \/>\nLa copie ou la m\u00e9morisation de tout contenu \u00e0 des fins diff\u00e9rentes de celles personnelles et non commerciales est rigoureusement interdite sauf si l\u2019utilisateur a obtenu l\u2019accord pr\u00e9alable \u00e9crit de la part de la TAMAI S.r.l.<br \/>\nLa TAMAI S.r.l. se r\u00e9serve le droit de modifier, d\u2019annuler ou de suspendre la totalit\u00e9 ou toute caract\u00e9ristique du site web, et ceci \u00e0 tout moment, y compris la disponibilit\u00e9 de tout ou partie du site web, des fonctions et de la base de donn\u00e9es du site web.<br \/>\nLa TAMAI S.r.l. pourra en outre corriger toute \u00e9ventuelle erreur ou omission de toute partie du site web ou imposer des limitations sur des fonctions et des services d\u00e9termin\u00e9s, ou encore limiter l&rsquo;acc\u00e8s des utilisateurs \u00e0 la totalit\u00e9 ou partie du site web sans aucune obligation de notification et sans que ceci ne puisse constituer une responsabilit\u00e9 de quelque nature.<\/p>\n<p><strong>4. Exclusion de garantie et limitation de responsabilit\u00e9<\/strong><br \/>\nL\u2019utilisateur reconna\u00eet d\u2019utiliser le site web \u00e0 son propre risque. Le service est fourni tel que disponible et la TAMAI S.r.l. exclut explicitement toute garantie, explicite et implicite, y compris \u00e0 seul titre d\u2019exemple, des garanties de perfection, de fiabilit\u00e9, de propri\u00e9t\u00e9, de non-violation, d\u2019aptitude \u00e0 des fins sp\u00e9cifiques ou toute autre garantie, condition, assurance ou d\u00e9claration, orale, \u00e9crite ou sous format \u00e9lectronique, y compris \u00e0 seul titre d\u2019exemple, toute garantie sur la perfection ou l\u2019exhaustivit\u00e9 de toute information contenue dans le site web ou fournie par celui-ci.<br \/>\nLa soci\u00e9t\u00e9 TAMAI S.r.l. ne d\u00e9clare ni ne garantit que l&rsquo;acc\u00e8s au site web ne puisse \u00eatre interrompu ou que le site web sera exempt de dysfonctionnements, d\u2019erreurs ou d\u2019omissions, ou de pertes d\u2019informations transmises, ou encore qu\u2019aucun virus ne sera transmis sur le site web.<br \/>\nLa soci\u00e9t\u00e9 TAMAI S.r.l. ne pourra \u00eatre retenue responsable \u00e0 l\u2019\u00e9gard des utilisateurs du site ou de toute tiers partie pour tout \u00e9ventuel dommage direct, indirect, sp\u00e9cial, cons\u00e9quent ou punitif pr\u00e9somptivement soutenu suite \u00e0 l&rsquo;acc\u00e8s ou \u00e0 l\u2019impossibilit\u00e9 d\u2019acc\u00e9der au site web, y compris en cas de virus pr\u00e9somptivement re\u00e7us par le site web, l\u2019utilisation ou la fiabilit\u00e9 suppos\u00e9e au site web ou sur toute information ou mat\u00e9riel disponibles sur le site web.<\/p>\n<p><strong>5. Droit applicable et juridiction<\/strong><br \/>\nL\u2019utilisateur reconna\u00eet et \u00e0 toutes fins concorde que tout litige d\u00e9coulant de l&rsquo;acc\u00e8s et\/ou de l\u2019utilisation du site web sera soumis au Droit Italien et devra relev\u00e9 exclusivement de la juridiction d\u2019un Tribunal Italien.<\/p>\n<p><strong>6. Protection de la vie priv\u00e9e<\/strong><br \/>\nVotre nom sera ins\u00e9r\u00e9 dans les Banques de Donn\u00e9es de la TAMAI S.r.l., dans le respect de la Loi 196\/03 sur la protection des informations personnelles (Loi sur la Vie Priv\u00e9e) et exclusivement pour des communications directes, et il ne sera pas divulgu\u00e9 \u00e0 des tiers.<br \/>\nIl sera possible de demander \u00e0 tout moment, de mettre \u00e0 jour ou de supprimer des informations, au responsable de la confidentialit\u00e9 de la Soci\u00e9t\u00e9, en envoyant un courriel \u00e0 info@tamaiequipment.com.<\/p>\n<p><strong>7. Modifications<\/strong><br \/>\nLes normes pr\u00e9c\u00e9dentes pourront \u00eatre parfois modifi\u00e9es par la TAMAI S.r.l.; les notifications de toute \u00e9ventuelle r\u00e9vision desdites normes seront annonc\u00e9es sur cette page. L&rsquo;utilisation continue du site web par l\u2019utilisateur constituera l\u2019acceptation par l\u2019utilisateur des modifications ou r\u00e9visions desdites normes, et pour ce motif nous conseillons \u00e0 l\u2019utilisateur de visiter cette page r\u00e9guli\u00e8rement.<\/p>\n","protected":false},"excerpt":{"rendered":"<p>Le pr\u00e9sent document contient les conditions l\u00e9gales pour l\u2019acc\u00e8s et l\u2019utilisation du site internet www.cutlerydryer.com. L\u2019acc\u00e8s au site web, son utilisation ou l\u2019utilisation des mat\u00e9riels y contenus vous oblige \u00e0 respecter les conditions g\u00e9n\u00e9rales report\u00e9es ci-dessous. 1. Propri\u00e9t\u00e9 du site web Ce site web est la propri\u00e9t\u00e9 de la TAMAI S.r.l. ayant si\u00e8ge l\u00e9gal \u00e0 Via dell&rsquo;Artigiano, 10 &#8211; 30021 Caorle (VE). 2. Droit d\u2019Auteur et droit sur la Marque Ce site web est prot\u00e9g\u00e9 par le droit d\u2019Auteur comme \u0153uvre individuelle et\/ou compos\u00e9e et\/ou collective au sens de la l\u00e9gislation italienne et de l\u2019Union Europ\u00e9enne en mati\u00e8re de droit d\u2019Auteur, des conventions internationales et des autres r\u00e9glementations en mati\u00e8re de droit d\u2019Auteur. Toute utilisation non autoris\u00e9e des mat\u00e9riels contenus dans ce site web est absolument interdite. Le site web pourrait contenir des documents, des images, des logiciels, des informations et autres mat\u00e9riels de la propri\u00e9t\u00e9 de tiers, comme des photographies, des publicit\u00e9s, des films vid\u00e9os et des musiques. Toute utilisation non autoris\u00e9e des mat\u00e9riels contenus dans ce site web est absolument interdite, sauf apr\u00e8s avoir obtenu l\u2019accord pr\u00e9alable \u00e9crit du propri\u00e9taire des mat\u00e9riels en objet. Tous droits r\u00e9serv\u00e9s. 3. Utilisation et acc\u00e8s au site web Les contenus et les [&hellip;]<\/p>\n","protected":false},"author":2,"featured_media":0,"parent":0,"menu_order":0,"comment_status":"closed","ping_status":"closed","template":"","meta":{"_monsterinsights_skip_tracking":false,"_monsterinsights_sitenote_active":false,"_monsterinsights_sitenote_note":"","_monsterinsights_sitenote_category":0,"footnotes":""},"class_list":["post-16420","page","type-page","status-publish","hentry"],"yoast_head":"<!-- This site is optimized with the Yoast SEO plugin v26.0 - https:\/\/yoast.com\/wordpress\/plugins\/seo\/ -->\n<title>MENTIONS L\u00c9GALES - Cutlery Dryer<\/title>\n<meta name=\"robots\" content=\"noindex, nofollow\" \/>\n<meta property=\"og:locale\" content=\"fr_FR\" \/>\n<meta property=\"og:type\" content=\"article\" \/>\n<meta property=\"og:title\" content=\"MENTIONS L\u00c9GALES - Cutlery Dryer\" \/>\n<meta property=\"og:description\" content=\"Le pr\u00e9sent document contient les conditions l\u00e9gales pour l\u2019acc\u00e8s et l\u2019utilisation du site internet www.cutlerydryer.com. L\u2019acc\u00e8s au site web, son utilisation ou l\u2019utilisation des mat\u00e9riels y contenus vous oblige \u00e0 respecter les conditions g\u00e9n\u00e9rales report\u00e9es ci-dessous. 1. Propri\u00e9t\u00e9 du site web Ce site web est la propri\u00e9t\u00e9 de la TAMAI S.r.l. ayant si\u00e8ge l\u00e9gal \u00e0 Via dell&rsquo;Artigiano, 10 &#8211; 30021 Caorle (VE). 2. Droit d\u2019Auteur et droit sur la Marque Ce site web est prot\u00e9g\u00e9 par le droit d\u2019Auteur comme \u0153uvre individuelle et\/ou compos\u00e9e et\/ou collective au sens de la l\u00e9gislation italienne et de l\u2019Union Europ\u00e9enne en mati\u00e8re de droit d\u2019Auteur, des conventions internationales et des autres r\u00e9glementations en mati\u00e8re de droit d\u2019Auteur. Toute utilisation non autoris\u00e9e des mat\u00e9riels contenus dans ce site web est absolument interdite. Le site web pourrait contenir des documents, des images, des logiciels, des informations et autres mat\u00e9riels de la propri\u00e9t\u00e9 de tiers, comme des photographies, des publicit\u00e9s, des films vid\u00e9os et des musiques. Toute utilisation non autoris\u00e9e des mat\u00e9riels contenus dans ce site web est absolument interdite, sauf apr\u00e8s avoir obtenu l\u2019accord pr\u00e9alable \u00e9crit du propri\u00e9taire des mat\u00e9riels en objet. Tous droits r\u00e9serv\u00e9s. 3. Utilisation et acc\u00e8s au site web Les contenus et les [&hellip;]\" \/>\n<meta property=\"og:url\" content=\"https:\/\/www.cutlerydryer.com\/fr\/mentions-legales\/\" \/>\n<meta property=\"og:site_name\" content=\"Cutlery Dryer\" \/>\n<meta property=\"article:modified_time\" content=\"2016-03-23T13:26:03+00:00\" \/>\n<meta name=\"twitter:card\" content=\"summary_large_image\" \/>\n<meta name=\"twitter:label1\" content=\"Dur\u00e9e de lecture estim\u00e9e\" \/>\n\t<meta name=\"twitter:data1\" content=\"5 minutes\" \/>\n<script type=\"application\/ld+json\" class=\"yoast-schema-graph\">{\"@context\":\"https:\/\/schema.org\",\"@graph\":[{\"@type\":\"WebPage\",\"@id\":\"https:\/\/www.cutlerydryer.com\/fr\/mentions-legales\/\",\"url\":\"https:\/\/www.cutlerydryer.com\/fr\/mentions-legales\/\",\"name\":\"MENTIONS L\u00c9GALES - Cutlery Dryer\",\"isPartOf\":{\"@id\":\"http:\/\/www.cutlerydryer.com\/fr\/#website\"},\"datePublished\":\"2016-03-07T10:12:00+00:00\",\"dateModified\":\"2016-03-23T13:26:03+00:00\",\"breadcrumb\":{\"@id\":\"https:\/\/www.cutlerydryer.com\/fr\/mentions-legales\/#breadcrumb\"},\"inLanguage\":\"fr-FR\",\"potentialAction\":[{\"@type\":\"ReadAction\",\"target\":[\"https:\/\/www.cutlerydryer.com\/fr\/mentions-legales\/\"]}]},{\"@type\":\"BreadcrumbList\",\"@id\":\"https:\/\/www.cutlerydryer.com\/fr\/mentions-legales\/#breadcrumb\",\"itemListElement\":[{\"@type\":\"ListItem\",\"position\":1,\"name\":\"Home\",\"item\":\"https:\/\/www.cutlerydryer.com\/fr\/\"},{\"@type\":\"ListItem\",\"position\":2,\"name\":\"MENTIONS L\u00c9GALES\"}]},{\"@type\":\"WebSite\",\"@id\":\"http:\/\/www.cutlerydryer.com\/fr\/#website\",\"url\":\"http:\/\/www.cutlerydryer.com\/fr\/\",\"name\":\"Cutlery Dryer\",\"description\":\"Asciuga posate professionali\",\"potentialAction\":[{\"@type\":\"SearchAction\",\"target\":{\"@type\":\"EntryPoint\",\"urlTemplate\":\"http:\/\/www.cutlerydryer.com\/fr\/?s={search_term_string}\"},\"query-input\":{\"@type\":\"PropertyValueSpecification\",\"valueRequired\":true,\"valueName\":\"search_term_string\"}}],\"inLanguage\":\"fr-FR\"}]}<\/script>\n<!-- \/ Yoast SEO plugin. -->","yoast_head_json":{"title":"MENTIONS L\u00c9GALES - Cutlery Dryer","robots":{"index":"noindex","follow":"nofollow"},"og_locale":"fr_FR","og_type":"article","og_title":"MENTIONS L\u00c9GALES - Cutlery Dryer","og_description":"Le pr\u00e9sent document contient les conditions l\u00e9gales pour l\u2019acc\u00e8s et l\u2019utilisation du site internet www.cutlerydryer.com. L\u2019acc\u00e8s au site web, son utilisation ou l\u2019utilisation des mat\u00e9riels y contenus vous oblige \u00e0 respecter les conditions g\u00e9n\u00e9rales report\u00e9es ci-dessous. 1. Propri\u00e9t\u00e9 du site web Ce site web est la propri\u00e9t\u00e9 de la TAMAI S.r.l. ayant si\u00e8ge l\u00e9gal \u00e0 Via dell&rsquo;Artigiano, 10 &#8211; 30021 Caorle (VE). 2. Droit d\u2019Auteur et droit sur la Marque Ce site web est prot\u00e9g\u00e9 par le droit d\u2019Auteur comme \u0153uvre individuelle et\/ou compos\u00e9e et\/ou collective au sens de la l\u00e9gislation italienne et de l\u2019Union Europ\u00e9enne en mati\u00e8re de droit d\u2019Auteur, des conventions internationales et des autres r\u00e9glementations en mati\u00e8re de droit d\u2019Auteur. Toute utilisation non autoris\u00e9e des mat\u00e9riels contenus dans ce site web est absolument interdite. Le site web pourrait contenir des documents, des images, des logiciels, des informations et autres mat\u00e9riels de la propri\u00e9t\u00e9 de tiers, comme des photographies, des publicit\u00e9s, des films vid\u00e9os et des musiques. Toute utilisation non autoris\u00e9e des mat\u00e9riels contenus dans ce site web est absolument interdite, sauf apr\u00e8s avoir obtenu l\u2019accord pr\u00e9alable \u00e9crit du propri\u00e9taire des mat\u00e9riels en objet. Tous droits r\u00e9serv\u00e9s. 3. Utilisation et acc\u00e8s au site web Les contenus et les [&hellip;]","og_url":"https:\/\/www.cutlerydryer.com\/fr\/mentions-legales\/","og_site_name":"Cutlery Dryer","article_modified_time":"2016-03-23T13:26:03+00:00","twitter_card":"summary_large_image","twitter_misc":{"Dur\u00e9e de lecture estim\u00e9e":"5 minutes"},"schema":{"@context":"https:\/\/schema.org","@graph":[{"@type":"WebPage","@id":"https:\/\/www.cutlerydryer.com\/fr\/mentions-legales\/","url":"https:\/\/www.cutlerydryer.com\/fr\/mentions-legales\/","name":"MENTIONS L\u00c9GALES - Cutlery Dryer","isPartOf":{"@id":"http:\/\/www.cutlerydryer.com\/fr\/#website"},"datePublished":"2016-03-07T10:12:00+00:00","dateModified":"2016-03-23T13:26:03+00:00","breadcrumb":{"@id":"https:\/\/www.cutlerydryer.com\/fr\/mentions-legales\/#breadcrumb"},"inLanguage":"fr-FR","potentialAction":[{"@type":"ReadAction","target":["https:\/\/www.cutlerydryer.com\/fr\/mentions-legales\/"]}]},{"@type":"BreadcrumbList","@id":"https:\/\/www.cutlerydryer.com\/fr\/mentions-legales\/#breadcrumb","itemListElement":[{"@type":"ListItem","position":1,"name":"Home","item":"https:\/\/www.cutlerydryer.com\/fr\/"},{"@type":"ListItem","position":2,"name":"MENTIONS L\u00c9GALES"}]},{"@type":"WebSite","@id":"http:\/\/www.cutlerydryer.com\/fr\/#website","url":"http:\/\/www.cutlerydryer.com\/fr\/","name":"Cutlery Dryer","description":"Asciuga posate professionali","potentialAction":[{"@type":"SearchAction","target":{"@type":"EntryPoint","urlTemplate":"http:\/\/www.cutlerydryer.com\/fr\/?s={search_term_string}"},"query-input":{"@type":"PropertyValueSpecification","valueRequired":true,"valueName":"search_term_string"}}],"inLanguage":"fr-FR"}]}},"_links":{"self":[{"href":"https:\/\/www.cutlerydryer.com\/fr\/wp-json\/wp\/v2\/pages\/16420","targetHints":{"allow":["GET"]}}],"collection":[{"href":"https:\/\/www.cutlerydryer.com\/fr\/wp-json\/wp\/v2\/pages"}],"about":[{"href":"https:\/\/www.cutlerydryer.com\/fr\/wp-json\/wp\/v2\/types\/page"}],"author":[{"embeddable":true,"href":"https:\/\/www.cutlerydryer.com\/fr\/wp-json\/wp\/v2\/users\/2"}],"replies":[{"embeddable":true,"href":"https:\/\/www.cutlerydryer.com\/fr\/wp-json\/wp\/v2\/comments?post=16420"}],"version-history":[{"count":3,"href":"https:\/\/www.cutlerydryer.com\/fr\/wp-json\/wp\/v2\/pages\/16420\/revisions"}],"predecessor-version":[{"id":16485,"href":"https:\/\/www.cutlerydryer.com\/fr\/wp-json\/wp\/v2\/pages\/16420\/revisions\/16485"}],"wp:attachment":[{"href":"https:\/\/www.cutlerydryer.com\/fr\/wp-json\/wp\/v2\/media?parent=16420"}],"curies":[{"name":"wp","href":"https:\/\/api.w.org\/{rel}","templated":true}]}}