
{"id":16334,"date":"2016-03-04T15:47:14","date_gmt":"2016-03-04T14:47:14","guid":{"rendered":"http:\/\/dacos2.dacos.it\/fr\/?page_id=16334"},"modified":"2025-09-02T11:21:16","modified_gmt":"2025-09-02T09:21:16","slug":"star","status":"publish","type":"page","link":"https:\/\/www.cutlerydryer.com\/fr\/star\/","title":{"rendered":"S\u00c8CHE-COUVERT STAR EVO"},"content":{"rendered":"<div class=\"wpb-content-wrapper\"><p>[vc_row top_padding=\u00a0\u00bb140&Prime; class=\u00a0\u00bbimg-desc-prodotto\u00a0\u00bb][vc_column width=\u00a0\u00bb1\/2&Prime;]<div class=\"flexslider wpb_content_element\"><ul class=\"slides\"><li><img decoding=\"async\" src=\"https:\/\/www.cutlerydryer.com\/wp-content\/uploads\/star.jpg\" alt=\"\" \/><\/li><li><img decoding=\"async\" src=\"https:\/\/www.cutlerydryer.com\/wp-content\/uploads\/star-dettaglio-2.jpg\" alt=\"\" \/><\/li><\/ul><\/div>[\/vc_column][vc_column width=\u00a0\u00bb1\/2&Prime;]<h1 class=\"headline font-inherit fontsize-inherit fontweight-700 lh-inherit align-left transform-inherit \" style=\"margin: 20px 0 0 0; color: #00a160;\">STAR evo<\/h1><h3 class=\"headline font-inherit fontsize-inherit fontweight-700 lh-inherit align-left transform-inherit \" style=\"margin: 20px 0 0 0;\">Cod. 110 evo<\/h3><div class=\"spacer\" style=\"height: 20px;\"><\/div>[vc_column_text]Mod\u00e8le manuel tr\u00e8s polyvalent. Recommand\u00e9 pour un maximum de 80 places. Equip\u00e9 d\u2019un support sur roues[\/vc_column_text]<a href=\"http:\/\/www.cutlerydryer.com\/wp-content\/uploads\/FRA-Tamai_2025.pdf\" target=\"_blank\" class=\"button color-8 medium \" style=\"border-radius: ;\">T\u00c9L\u00c9CHARGER LA BROCHURE<\/a><div class=\"divider divider1\" style='margin:30px 0 30px 0 !important;'><\/div><a href=\"#zone-contacts\" target=\"_blank\" class=\"button color-3 large \" style=\"border-radius: ;\">INFORMATIONS REQUISES<\/a>[\/vc_column][\/vc_row][vc_row bg_color=\u00a0\u00bb#E9EDEE\u00a0\u00bb bg_position=\u00a0\u00bbleft top\u00a0\u00bb][vc_column column_padding=\u00a0\u00bbpadding-5&Prime; text_color=\u00a0\u00bbcustom\u00a0\u00bb custom_text_color=\u00a0\u00bb#01874a\u00a0\u00bb width=\u00a0\u00bb1\/1&Prime;]<div class=\"video-embed  wpb_content_element\"><iframe title=\"STAR EVO MODEL\" width=\"1161\" height=\"653\" src=\"https:\/\/www.youtube.com\/embed\/1hH688gkbqM?feature=oembed\" frameborder=\"0\" allow=\"accelerometer; autoplay; clipboard-write; encrypted-media; gyroscope; picture-in-picture; web-share\" referrerpolicy=\"strict-origin-when-cross-origin\" allowfullscreen><\/iframe><\/div>[vc_row_inner el_class=\u00a0\u00bbspecifiche-prodotto\u00a0\u00bb][vc_column_inner width=\u00a0\u00bb1\/3&Prime;]<div class=\"iconbox  iconbox-style-10 icon-color-greyscale color-dark clearfix\"><i class=\"fa  boxicon\" style=\"\"><\/i><h3>Polyvalent<\/h3><p>Outre les couverts, on peut ins\u00e9rer dans la machine d\u2019autres petits objets m\u00e9talliques couramment utilis\u00e9s dans les cuisines.<\/p><\/div><div class=\"iconbox  iconbox-style-10 icon-color-greyscale color-dark clearfix\"><i class=\"fa  boxicon\" style=\"\"><\/i><h3>Active Control<\/h3><p>\u00c9quip\u00e9 de technologie ACTIVE CONTROL avec \u00e9cran permettant le suivi simple et intuitif des diverses phases de fonctionnement directement du panneau de commande.<\/p><\/div>[\/vc_column_inner][vc_column_inner width=\u00a0\u00bb1\/3&Prime;]<div class=\"iconbox  iconbox-style-10 icon-color-greyscale color-dark clearfix\"><i class=\"fa  boxicon\" style=\"\"><\/i><h3>Phases<\/h3><p>Start &#8211; chauffage &#8211; s\u00e9chage<\/p><\/div><div class=\"iconbox  iconbox-style-10 icon-color-greyscale color-dark clearfix\"><i class=\"fa  boxicon\" style=\"\"><\/i><h3>Function Standby<\/h3><p>La machine r este en pause et se red\u00e9marre de temps en temps pour \u00eatre toujours pr\u00eate \u00e0 l\u2019utilisation.<\/p><\/div><div class=\"iconbox  iconbox-style-10 icon-color-greyscale color-dark clearfix\"><i class=\"fa  boxicon\" style=\"\"><\/i><h3>Remplacer rafle de ma\u00efs<\/h3><p>Avis non bloquant qui signale quand remplacer la rafle de ma\u00efs.<\/p><\/div>[\/vc_column_inner][vc_column_inner width=\u00a0\u00bb1\/3&Prime;]<div class=\"iconbox  iconbox-style-10 icon-color-greyscale color-dark clearfix\"><i class=\"fa  boxicon\" style=\"\"><\/i><h3>Mode d&#039;emploi<\/h3><p>Inserire 40 posate bagnate e sgocciolate<\/p><\/div><div class=\"iconbox  iconbox-style-10 icon-color-greyscale color-dark clearfix\"><i class=\"fa  boxicon\" style=\"\"><\/i><h3>R\u00e9sultat<\/h3><p>Le posate sono immerse per 60 secondi nel tutolo di mais ad alta temperatura per ottenere oltre all\u2019asciugatura e lucidatura anche la SANIFICAZIONE.<\/p><\/div>[\/vc_column_inner][\/vc_row_inner][\/vc_column][\/vc_row][vc_row class=\u00a0\u00bbproduct-optional\u00a0\u00bb bg_position=\u00a0\u00bbleft top\u00a0\u00bb][vc_column column_padding=\u00a0\u00bbpadding-5&Prime; text_color=\u00a0\u00bbcustom\u00a0\u00bb custom_text_color=\u00a0\u00bb#01874a\u00a0\u00bb width=\u00a0\u00bb1\/1&Prime;]<h1 class=\"headline font-inherit fontsize-inherit fontweight-700 lh-inherit align-center transform-inherit \" style=\"margin: 20px 0 0 0; color: #00a160;\">Optional<\/h1><div class=\"spacer\" style=\"height: 20px;\"><\/div>[vc_row_inner][vc_column_inner width=\u00a0\u00bb1\/3&Prime;][\/vc_column_inner][vc_column_inner width=\u00a0\u00bb1\/3&Prime;]<div class=\"single_image wpb_content_element align-left  animate  image_opacity\" data-animation=\"fade-in-from-right\" data-delay=\"0\"><img fetchpriority=\"high\" decoding=\"async\" width=\"1200\" height=\"1095\" src=\"https:\/\/www.cutlerydryer.com\/wp-content\/uploads\/tutolo-5kg-1.jpg\" class=\"attachment-full\" alt=\"\" title=\"tutolo\" \/><\/div><h3 class=\"headline font-inherit fontsize-inherit fontweight-700 lh-inherit align-left transform-inherit \" style=\"margin: 0 0 20px 0; color: #00a160;\">RAFLE DE MA\u00cfS 5KG<\/h3><h6 class=\"headline font-inherit fontsize-inherit fontweight-inherit lh-inherit align-left transform-inherit \" style=\"margin: 0 0 20px 0;\">Cod. 501<\/h6>[\/vc_column_inner][vc_column_inner width=\u00a0\u00bb1\/3&Prime;][\/vc_column_inner][\/vc_row_inner][\/vc_column][\/vc_row][vc_row bg_image=\u00a0\u00bb19750&Prime; top_padding=\u00a0\u00bb110&Prime; bottom_padding=\u00a0\u00bb110&Prime; row_id=\u00a0\u00bbzone-contacts\u00a0\u00bb][vc_column width=\u00a0\u00bb1\/2&Prime;]<h1 class=\"headline font-special fontsize-xxxl fontweight-700 lh-inherit align-left transform-inherit \" style=\"margin: 20px 0 0 0; color: #ffffff;\">Remplir le formulaire<\/h1><h2 class=\"headline font-inherit fontsize-xxxl fontweight-inherit lh-inherit align-left transform-inherit \" style=\"margin: 0 0 20px 0; color: #ffffff;\">En savoir plus ou demander un devis<\/h2>[\/vc_column][vc_column width=\u00a0\u00bb1\/2&Prime;][vc_column_text]<\/p>\n<p style=\"text-align: left;\">\n<div class=\"wpcf7 no-js\" id=\"wpcf7-f16302-o1\" lang=\"it-IT\" dir=\"ltr\" data-wpcf7-id=\"16302\">\n<div class=\"screen-reader-response\"><p role=\"status\" aria-live=\"polite\" aria-atomic=\"true\"><\/p> <ul><\/ul><\/div>\n<form action=\"\/fr\/wp-json\/wp\/v2\/pages\/16334#wpcf7-f16302-o1\" method=\"post\" class=\"wpcf7-form init\" aria-label=\"Modulo di contatto\" novalidate=\"novalidate\" data-status=\"init\">\n<fieldset class=\"hidden-fields-container\"><input type=\"hidden\" name=\"_wpcf7\" value=\"16302\" \/><input type=\"hidden\" name=\"_wpcf7_version\" value=\"6.1.2\" \/><input type=\"hidden\" name=\"_wpcf7_locale\" value=\"it_IT\" \/><input type=\"hidden\" name=\"_wpcf7_unit_tag\" value=\"wpcf7-f16302-o1\" \/><input type=\"hidden\" name=\"_wpcf7_container_post\" value=\"0\" \/><input type=\"hidden\" name=\"_wpcf7_posted_data_hash\" value=\"\" \/>\n<\/fieldset>\n<p><span class=\"wpcf7-form-control-wrap\" data-name=\"your-name\"><input size=\"40\" maxlength=\"400\" class=\"wpcf7-form-control wpcf7-text wpcf7-validates-as-required\" aria-required=\"true\" aria-invalid=\"false\" placeholder=\"Nom et pr\u00e9nom*\" value=\"\" type=\"text\" name=\"your-name\" \/><\/span>\n<\/p>\n<p><span id=\"wpcf7-69e175b5cd587-wrapper\" class=\"wpcf7-form-control-wrap email-wrap\" style=\"display:none !important; visibility:hidden !important;\"><label for=\"wpcf7-69e175b5cd587-field\" class=\"hp-message\">Si prega di lasciare vuoto questo campo.<\/label><input id=\"wpcf7-69e175b5cd587-field\"  placeholder=\"email\"  class=\"wpcf7-form-control wpcf7-text\" type=\"text\" name=\"email\" value=\"\" size=\"40\" tabindex=\"-1\" autocomplete=\"new-password\" \/><\/span><span class=\"wpcf7-form-control-wrap\" data-name=\"your-email\"><input size=\"40\" maxlength=\"400\" class=\"wpcf7-form-control wpcf7-email wpcf7-validates-as-required wpcf7-text wpcf7-validates-as-email\" aria-required=\"true\" aria-invalid=\"false\" placeholder=\"Email*\" value=\"\" type=\"email\" name=\"your-email\" \/><\/span>\n<\/p>\n<p><span class=\"wpcf7-form-control-wrap\" data-name=\"categoria\"><select class=\"wpcf7-form-control wpcf7-select wpcf7-validates-as-required\" aria-required=\"true\" aria-invalid=\"false\" name=\"categoria\"><option value=\"\">&#8212;Seleziona un&#039;opzione&#8212;<\/option><option value=\"Utilisateur\">Utilisateur<\/option><option value=\"Marchand\">Marchand<\/option><\/select><\/span>\n<\/p>\n<p><span class=\"wpcf7-form-control-wrap\" data-name=\"your-message\"><textarea cols=\"40\" rows=\"10\" maxlength=\"2000\" class=\"wpcf7-form-control wpcf7-textarea wpcf7-validates-as-required\" aria-required=\"true\" aria-invalid=\"false\" placeholder=\"Message*\" name=\"your-message\"><\/textarea><\/span>\n<\/p>\n<p><span class=\"wpcf7-form-control-wrap\" data-name=\"acceptance-634\"><span class=\"wpcf7-form-control wpcf7-acceptance\"><span class=\"wpcf7-list-item\"><label><input type=\"checkbox\" name=\"acceptance-634\" value=\"1\" aria-invalid=\"false\" \/><span class=\"wpcf7-list-item-label\">J'accepte les conditions et la politique de confidentialit\u00e9.<\/span><\/label><\/span><\/span><\/span>\n<\/p>\n<p><input class=\"wpcf7-form-control wpcf7-submit has-spinner submit-button\" type=\"submit\" value=\"ENVOYER LE MESSAGE\" \/>\n<\/p><p style=\"display: none !important;\" class=\"akismet-fields-container\" data-prefix=\"_wpcf7_ak_\"><label>&#916;<textarea name=\"_wpcf7_ak_hp_textarea\" cols=\"45\" rows=\"8\" maxlength=\"100\"><\/textarea><\/label><input type=\"hidden\" id=\"ak_js_1\" name=\"_wpcf7_ak_js\" value=\"110\"\/><script>document.getElementById( \"ak_js_1\" ).setAttribute( \"value\", ( new Date() ).getTime() );<\/script><\/p><input type='hidden' class='wpcf7-pum' value='{\"closepopup\":false,\"closedelay\":0,\"openpopup\":false,\"openpopup_id\":0}' \/><div class=\"wpcf7-response-output\" aria-hidden=\"true\"><\/div>\n<\/form>\n<\/div>\n<p>[\/vc_column_text][\/vc_column][\/vc_row]<\/p>\n<\/div>","protected":false},"excerpt":{"rendered":"<p>[vc_row top_padding=\u00a0\u00bb140&Prime; class=\u00a0\u00bbimg-desc-prodotto\u00a0\u00bb][vc_column width=\u00a0\u00bb1\/2&Prime;][\/vc_column][vc_column width=\u00a0\u00bb1\/2&Prime;][vc_column_text]Mod\u00e8le manuel tr\u00e8s polyvalent. Recommand\u00e9 pour un maximum de 80 places. Equip\u00e9 d\u2019un support sur roues[\/vc_column_text][\/vc_column][\/vc_row][vc_row bg_color=\u00a0\u00bb#E9EDEE\u00a0\u00bb bg_position=\u00a0\u00bbleft top\u00a0\u00bb][vc_column column_padding=\u00a0\u00bbpadding-5&Prime; text_color=\u00a0\u00bbcustom\u00a0\u00bb custom_text_color=\u00a0\u00bb#01874a\u00a0\u00bb width=\u00a0\u00bb1\/1&Prime;][vc_row_inner el_class=\u00a0\u00bbspecifiche-prodotto\u00a0\u00bb][vc_column_inner width=\u00a0\u00bb1\/3&Prime;][\/vc_column_inner][vc_column_inner width=\u00a0\u00bb1\/3&Prime;][\/vc_column_inner][vc_column_inner width=\u00a0\u00bb1\/3&Prime;][\/vc_column_inner][\/vc_row_inner][\/vc_column][\/vc_row][vc_row class=\u00a0\u00bbproduct-optional\u00a0\u00bb bg_position=\u00a0\u00bbleft top\u00a0\u00bb][vc_column column_padding=\u00a0\u00bbpadding-5&Prime; text_color=\u00a0\u00bbcustom\u00a0\u00bb custom_text_color=\u00a0\u00bb#01874a\u00a0\u00bb width=\u00a0\u00bb1\/1&Prime;][vc_row_inner][vc_column_inner width=\u00a0\u00bb1\/3&Prime;][\/vc_column_inner][vc_column_inner width=\u00a0\u00bb1\/3&Prime;][\/vc_column_inner][vc_column_inner width=\u00a0\u00bb1\/3&Prime;][\/vc_column_inner][\/vc_row_inner][\/vc_column][\/vc_row][vc_row bg_image=\u00a0\u00bb19750&Prime; top_padding=\u00a0\u00bb110&Prime; bottom_padding=\u00a0\u00bb110&Prime; row_id=\u00a0\u00bbzone-contacts\u00a0\u00bb][vc_column width=\u00a0\u00bb1\/2&Prime;][\/vc_column][vc_column width=\u00a0\u00bb1\/2&Prime;][vc_column_text] [\/vc_column_text][\/vc_column][\/vc_row]<\/p>\n","protected":false},"author":2,"featured_media":0,"parent":0,"menu_order":0,"comment_status":"closed","ping_status":"closed","template":"","meta":{"_monsterinsights_skip_tracking":false,"_monsterinsights_sitenote_active":false,"_monsterinsights_sitenote_note":"","_monsterinsights_sitenote_category":0,"footnotes":""},"class_list":["post-16334","page","type-page","status-publish","hentry"],"yoast_head":"<!-- This site is optimized with the Yoast SEO plugin v26.0 - https:\/\/yoast.com\/wordpress\/plugins\/seo\/ -->\n<title>Modello Star<\/title>\n<meta name=\"description\" content=\"Ce mod\u00e8le semi-automatique est le plus polyvalent du fait qu\u2019il peut s\u00e9cher non seulement les couverts en acier inox ou en argent mais \u00e9galement les autres petits utensiles.\" \/>\n<meta name=\"robots\" content=\"index, follow, max-snippet:-1, max-image-preview:large, max-video-preview:-1\" \/>\n<link rel=\"canonical\" href=\"https:\/\/www.cutlerydryer.com\/fr\/star\/\" \/>\n<meta property=\"og:locale\" content=\"fr_FR\" \/>\n<meta property=\"og:type\" content=\"article\" \/>\n<meta property=\"og:title\" content=\"Modello Star\" \/>\n<meta property=\"og:description\" content=\"Ce mod\u00e8le semi-automatique est le plus polyvalent du fait qu\u2019il peut s\u00e9cher non seulement les couverts en acier inox ou en argent mais \u00e9galement les autres petits utensiles.\" \/>\n<meta property=\"og:url\" content=\"https:\/\/www.cutlerydryer.com\/fr\/star\/\" \/>\n<meta property=\"og:site_name\" content=\"Cutlery Dryer\" \/>\n<meta property=\"article:modified_time\" content=\"2025-09-02T09:21:16+00:00\" \/>\n<meta name=\"twitter:card\" content=\"summary_large_image\" \/>\n<meta name=\"twitter:label1\" content=\"Dur\u00e9e de lecture estim\u00e9e\" \/>\n\t<meta name=\"twitter:data1\" content=\"3 minutes\" \/>\n<script type=\"application\/ld+json\" class=\"yoast-schema-graph\">{\"@context\":\"https:\/\/schema.org\",\"@graph\":[{\"@type\":\"WebPage\",\"@id\":\"https:\/\/www.cutlerydryer.com\/fr\/star\/\",\"url\":\"https:\/\/www.cutlerydryer.com\/fr\/star\/\",\"name\":\"Modello Star\",\"isPartOf\":{\"@id\":\"http:\/\/www.cutlerydryer.com\/fr\/#website\"},\"datePublished\":\"2016-03-04T14:47:14+00:00\",\"dateModified\":\"2025-09-02T09:21:16+00:00\",\"description\":\"Ce mod\u00e8le semi-automatique est le plus polyvalent du fait qu\u2019il peut s\u00e9cher non seulement les couverts en acier inox ou en argent mais \u00e9galement les autres petits utensiles.\",\"breadcrumb\":{\"@id\":\"https:\/\/www.cutlerydryer.com\/fr\/star\/#breadcrumb\"},\"inLanguage\":\"fr-FR\",\"potentialAction\":[{\"@type\":\"ReadAction\",\"target\":[\"https:\/\/www.cutlerydryer.com\/fr\/star\/\"]}]},{\"@type\":\"BreadcrumbList\",\"@id\":\"https:\/\/www.cutlerydryer.com\/fr\/star\/#breadcrumb\",\"itemListElement\":[{\"@type\":\"ListItem\",\"position\":1,\"name\":\"Home\",\"item\":\"https:\/\/www.cutlerydryer.com\/fr\/\"},{\"@type\":\"ListItem\",\"position\":2,\"name\":\"S\u00c8CHE-COUVERT STAR EVO\"}]},{\"@type\":\"WebSite\",\"@id\":\"http:\/\/www.cutlerydryer.com\/fr\/#website\",\"url\":\"http:\/\/www.cutlerydryer.com\/fr\/\",\"name\":\"Cutlery Dryer\",\"description\":\"Asciuga posate professionali\",\"potentialAction\":[{\"@type\":\"SearchAction\",\"target\":{\"@type\":\"EntryPoint\",\"urlTemplate\":\"http:\/\/www.cutlerydryer.com\/fr\/?s={search_term_string}\"},\"query-input\":{\"@type\":\"PropertyValueSpecification\",\"valueRequired\":true,\"valueName\":\"search_term_string\"}}],\"inLanguage\":\"fr-FR\"}]}<\/script>\n<!-- \/ Yoast SEO plugin. -->","yoast_head_json":{"title":"Modello Star","description":"Ce mod\u00e8le semi-automatique est le plus polyvalent du fait qu\u2019il peut s\u00e9cher non seulement les couverts en acier inox ou en argent mais \u00e9galement les autres petits utensiles.","robots":{"index":"index","follow":"follow","max-snippet":"max-snippet:-1","max-image-preview":"max-image-preview:large","max-video-preview":"max-video-preview:-1"},"canonical":"https:\/\/www.cutlerydryer.com\/fr\/star\/","og_locale":"fr_FR","og_type":"article","og_title":"Modello Star","og_description":"Ce mod\u00e8le semi-automatique est le plus polyvalent du fait qu\u2019il peut s\u00e9cher non seulement les couverts en acier inox ou en argent mais \u00e9galement les autres petits utensiles.","og_url":"https:\/\/www.cutlerydryer.com\/fr\/star\/","og_site_name":"Cutlery Dryer","article_modified_time":"2025-09-02T09:21:16+00:00","twitter_card":"summary_large_image","twitter_misc":{"Dur\u00e9e de lecture estim\u00e9e":"3 minutes"},"schema":{"@context":"https:\/\/schema.org","@graph":[{"@type":"WebPage","@id":"https:\/\/www.cutlerydryer.com\/fr\/star\/","url":"https:\/\/www.cutlerydryer.com\/fr\/star\/","name":"Modello Star","isPartOf":{"@id":"http:\/\/www.cutlerydryer.com\/fr\/#website"},"datePublished":"2016-03-04T14:47:14+00:00","dateModified":"2025-09-02T09:21:16+00:00","description":"Ce mod\u00e8le semi-automatique est le plus polyvalent du fait qu\u2019il peut s\u00e9cher non seulement les couverts en acier inox ou en argent mais \u00e9galement les autres petits utensiles.","breadcrumb":{"@id":"https:\/\/www.cutlerydryer.com\/fr\/star\/#breadcrumb"},"inLanguage":"fr-FR","potentialAction":[{"@type":"ReadAction","target":["https:\/\/www.cutlerydryer.com\/fr\/star\/"]}]},{"@type":"BreadcrumbList","@id":"https:\/\/www.cutlerydryer.com\/fr\/star\/#breadcrumb","itemListElement":[{"@type":"ListItem","position":1,"name":"Home","item":"https:\/\/www.cutlerydryer.com\/fr\/"},{"@type":"ListItem","position":2,"name":"S\u00c8CHE-COUVERT STAR EVO"}]},{"@type":"WebSite","@id":"http:\/\/www.cutlerydryer.com\/fr\/#website","url":"http:\/\/www.cutlerydryer.com\/fr\/","name":"Cutlery Dryer","description":"Asciuga posate professionali","potentialAction":[{"@type":"SearchAction","target":{"@type":"EntryPoint","urlTemplate":"http:\/\/www.cutlerydryer.com\/fr\/?s={search_term_string}"},"query-input":{"@type":"PropertyValueSpecification","valueRequired":true,"valueName":"search_term_string"}}],"inLanguage":"fr-FR"}]}},"_links":{"self":[{"href":"https:\/\/www.cutlerydryer.com\/fr\/wp-json\/wp\/v2\/pages\/16334","targetHints":{"allow":["GET"]}}],"collection":[{"href":"https:\/\/www.cutlerydryer.com\/fr\/wp-json\/wp\/v2\/pages"}],"about":[{"href":"https:\/\/www.cutlerydryer.com\/fr\/wp-json\/wp\/v2\/types\/page"}],"author":[{"embeddable":true,"href":"https:\/\/www.cutlerydryer.com\/fr\/wp-json\/wp\/v2\/users\/2"}],"replies":[{"embeddable":true,"href":"https:\/\/www.cutlerydryer.com\/fr\/wp-json\/wp\/v2\/comments?post=16334"}],"version-history":[{"count":24,"href":"https:\/\/www.cutlerydryer.com\/fr\/wp-json\/wp\/v2\/pages\/16334\/revisions"}],"predecessor-version":[{"id":21102,"href":"https:\/\/www.cutlerydryer.com\/fr\/wp-json\/wp\/v2\/pages\/16334\/revisions\/21102"}],"wp:attachment":[{"href":"https:\/\/www.cutlerydryer.com\/fr\/wp-json\/wp\/v2\/media?parent=16334"}],"curies":[{"name":"wp","href":"https:\/\/api.w.org\/{rel}","templated":true}]}}