
{"id":16330,"date":"2016-03-06T16:39:29","date_gmt":"2016-03-06T15:39:29","guid":{"rendered":"http:\/\/dacos2.dacos.it\/fr\/?page_id=16330"},"modified":"2023-01-19T18:04:50","modified_gmt":"2023-01-19T17:04:50","slug":"jet","status":"publish","type":"page","link":"https:\/\/www.cutlerydryer.com\/fr\/jet\/","title":{"rendered":"Jet"},"content":{"rendered":"<div class=\"wpb-content-wrapper\"><p>[vc_row][vc_column width=\u00a0\u00bb1\/3&Prime;]<div class=\"single_image wpb_content_element align-left   \" data-animation=\"none\" data-delay=\"0\"><img fetchpriority=\"high\" decoding=\"async\" width=\"1179\" height=\"1766\" src=\"https:\/\/www.cutlerydryer.com\/wp-content\/uploads\/jet-evo-cutlery-dryer.jpg\" class=\"attachment-full\" alt=\"\" title=\"jet-evo-cutlery-dryer\" srcset=\"https:\/\/www.cutlerydryer.com\/wp-content\/uploads\/jet-evo-cutlery-dryer.jpg 1179w, https:\/\/www.cutlerydryer.com\/wp-content\/uploads\/jet-evo-cutlery-dryer-200x300.jpg 200w, https:\/\/www.cutlerydryer.com\/wp-content\/uploads\/jet-evo-cutlery-dryer-684x1024.jpg 684w\" sizes=\"(max-width: 1179px) 100vw, 1179px\" \/><\/div><a href=\"https:\/\/www.cutlerydryer.com\/fr\/demande-de-devis\/\" target=\"_blank\" class=\"button color-1 small \" style=\"border-radius: 2px;\">DEMANDER DES INFORMATIONS<\/a>[vc_facebook][\/vc_column][vc_column width=\u00a0\u00bb2\/3&Prime;][vc_column_text]<\/p>\n<h4>Mode\u0300le JETevo &#8211; Cod. E310evo<\/h4>\n<p>Mode\u0300le automatique sur chariot et e\u0301quipe\u0301 d\u2019une nouvelle carte e\u0301lectronique qui accompagne l\u2019ope\u0301rateur pendant l\u2019utilisation.<br \/>\nE\u0301tapes : <strong>CHAUFFAGE &#8211; SE\u0301CHAGE &#8211; REMPLACEMENT DE LA RAFLE DE MAI\u0308S<\/strong>.<\/p>\n<p>Indique\u0301 pour des pie\u0300ces de moyennes et grandes dimensions. Dans ce mode\u0300le, simple a\u0300 utiliser, les couverts mouille\u0301s (environ 10\/12 a\u0300 la fois) sont introduits dans la partie supe\u0301rieure de la machine et ils sortent automatiquement sur la partie avant. Les couverts passent dans un tunnel en spirale en acier inoxydable, plonge\u0301s dans la rafle de mai\u0308s a\u0300 haute tempe\u0301rature. La production est d\u2019environ 5000\/6000 couverts. Ce mode\u0300le est conseille\u0301 pour des activite\u0301s avec 250 couverts maximum. Entie\u0300rement re\u0301alise\u0301 en acier inoxydable AISI 304. La rafle de mai\u0308s est un produit ve\u0301ge\u0301tal et biode\u0301gradable qui peut e\u0302tre utilise\u0301 pendant environ 120 jours de travail.<\/p>\n<p><strong>Caracte\u0301ristiques techniques<\/strong> (maximum 250 couverts)<\/p>\n<ul>\n<li><strong><span class=\"\">Structure<\/span>:<\/strong> Acier inox AISI 304<\/li>\n<li><strong><span class=\"\">Dimensions<\/span>:<\/strong> 690x620x800 mm<\/li>\n<li><strong><span class=\"\">Poids<\/span>:<\/strong> 84 kg<\/li>\n<li><strong><span class=\"\">Alimentation<\/span>:<\/strong> Monophase\u0301e 230V 50Hz<\/li>\n<li><strong><span class=\"\">Absorption<\/span>:<\/strong> 0,80 Kw<\/li>\n<li><strong><span class=\"\">Circuit de commande<\/span>:<\/strong> 12V<\/li>\n<li><strong><span class=\"\">Production<\/span>:<\/strong> 5000\/6000 couverts<\/li>\n<li><strong><span class=\"\">\u00c9quipement standard<\/span>:<\/strong> 1 Paquet de 5 Kg. de rafles de mai\u0308s<\/li>\n<li><strong><span class=\"\">Accessoires<\/span>:<\/strong> Support pour panier ramasser des couverts; Panier ramasser des couverts<\/li>\n<\/ul>\n<p>[\/vc_column_text]<a href=\"https:\/\/www.cutlerydryer.com\/wp-content\/uploads\/TAMAI_Catalogo-BASSA-RISOLUZIONE.pdf\" target=\"_blank\" class=\"button color-1 small \" style=\"border-radius: 2px;\">T\u00c9L\u00c9CHARGER LE CATALOGUE<\/a>[\/vc_column][\/vc_row]<\/p>\n<\/div>","protected":false},"excerpt":{"rendered":"<p>[vc_row][vc_column width=\u00a0\u00bb1\/3&Prime;][vc_facebook][\/vc_column][vc_column width=\u00a0\u00bb2\/3&Prime;][vc_column_text] Mode\u0300le JETevo &#8211; Cod. E310evo Mode\u0300le automatique sur chariot et e\u0301quipe\u0301 d\u2019une nouvelle carte e\u0301lectronique qui accompagne l\u2019ope\u0301rateur pendant l\u2019utilisation. E\u0301tapes : CHAUFFAGE &#8211; SE\u0301CHAGE &#8211; REMPLACEMENT DE LA RAFLE DE MAI\u0308S. Indique\u0301 pour des pie\u0300ces de moyennes et grandes dimensions. Dans ce mode\u0300le, simple a\u0300 utiliser, les couverts mouille\u0301s (environ 10\/12 a\u0300 la fois) sont introduits dans la partie supe\u0301rieure de la machine et ils sortent automatiquement sur la partie avant. Les couverts passent dans un tunnel en spirale en acier inoxydable, plonge\u0301s dans la rafle de mai\u0308s a\u0300 haute tempe\u0301rature. La production est d\u2019environ 5000\/6000 couverts. Ce mode\u0300le est conseille\u0301 pour des activite\u0301s avec 250 couverts maximum. Entie\u0300rement re\u0301alise\u0301 en acier inoxydable AISI 304. La rafle de mai\u0308s est un produit ve\u0301ge\u0301tal et biode\u0301gradable qui peut e\u0302tre utilise\u0301 pendant environ 120 jours de travail. Caracte\u0301ristiques techniques (maximum 250 couverts) Structure: Acier inox AISI 304 Dimensions: 690x620x800 mm Poids: 84 kg Alimentation: Monophase\u0301e 230V 50Hz Absorption: 0,80 Kw Circuit de commande: 12V Production: 5000\/6000 couverts \u00c9quipement standard: 1 Paquet de 5 Kg. de rafles de mai\u0308s Accessoires: Support pour panier ramasser des couverts; Panier ramasser des couverts [\/vc_column_text][\/vc_column][\/vc_row]<\/p>\n","protected":false},"author":2,"featured_media":0,"parent":0,"menu_order":0,"comment_status":"closed","ping_status":"closed","template":"","meta":{"_monsterinsights_skip_tracking":false,"_monsterinsights_sitenote_active":false,"_monsterinsights_sitenote_note":"","_monsterinsights_sitenote_category":0,"footnotes":""},"class_list":["post-16330","page","type-page","status-publish","hentry"],"yoast_head":"<!-- This site is optimized with the Yoast SEO plugin v26.0 - https:\/\/yoast.com\/wordpress\/plugins\/seo\/ -->\n<title>Jet<\/title>\n<meta name=\"description\" content=\"Ce mod\u00e8le automatique est id\u00e9al pour les pi\u00e8ces de moyennes et de grandes dimensions.\" \/>\n<meta name=\"robots\" content=\"index, follow, max-snippet:-1, max-image-preview:large, max-video-preview:-1\" \/>\n<link rel=\"canonical\" href=\"https:\/\/www.cutlerydryer.com\/fr\/jet\/\" \/>\n<meta property=\"og:locale\" content=\"fr_FR\" \/>\n<meta property=\"og:type\" content=\"article\" \/>\n<meta property=\"og:title\" content=\"Jet\" \/>\n<meta property=\"og:description\" content=\"Ce mod\u00e8le automatique est id\u00e9al pour les pi\u00e8ces de moyennes et de grandes dimensions.\" \/>\n<meta property=\"og:url\" content=\"https:\/\/www.cutlerydryer.com\/fr\/jet\/\" \/>\n<meta property=\"og:site_name\" content=\"Cutlery Dryer\" \/>\n<meta property=\"article:modified_time\" content=\"2023-01-19T17:04:50+00:00\" \/>\n<meta name=\"twitter:card\" content=\"summary_large_image\" \/>\n<meta name=\"twitter:label1\" content=\"Dur\u00e9e de lecture estim\u00e9e\" \/>\n\t<meta name=\"twitter:data1\" content=\"1 minute\" \/>\n<script type=\"application\/ld+json\" class=\"yoast-schema-graph\">{\"@context\":\"https:\/\/schema.org\",\"@graph\":[{\"@type\":\"WebPage\",\"@id\":\"https:\/\/www.cutlerydryer.com\/fr\/jet\/\",\"url\":\"https:\/\/www.cutlerydryer.com\/fr\/jet\/\",\"name\":\"Jet\",\"isPartOf\":{\"@id\":\"http:\/\/www.cutlerydryer.com\/fr\/#website\"},\"datePublished\":\"2016-03-06T15:39:29+00:00\",\"dateModified\":\"2023-01-19T17:04:50+00:00\",\"description\":\"Ce mod\u00e8le automatique est id\u00e9al pour les pi\u00e8ces de moyennes et de grandes dimensions.\",\"breadcrumb\":{\"@id\":\"https:\/\/www.cutlerydryer.com\/fr\/jet\/#breadcrumb\"},\"inLanguage\":\"fr-FR\",\"potentialAction\":[{\"@type\":\"ReadAction\",\"target\":[\"https:\/\/www.cutlerydryer.com\/fr\/jet\/\"]}]},{\"@type\":\"BreadcrumbList\",\"@id\":\"https:\/\/www.cutlerydryer.com\/fr\/jet\/#breadcrumb\",\"itemListElement\":[{\"@type\":\"ListItem\",\"position\":1,\"name\":\"Home\",\"item\":\"https:\/\/www.cutlerydryer.com\/fr\/\"},{\"@type\":\"ListItem\",\"position\":2,\"name\":\"Jet\"}]},{\"@type\":\"WebSite\",\"@id\":\"http:\/\/www.cutlerydryer.com\/fr\/#website\",\"url\":\"http:\/\/www.cutlerydryer.com\/fr\/\",\"name\":\"Cutlery Dryer\",\"description\":\"Asciuga posate professionali\",\"potentialAction\":[{\"@type\":\"SearchAction\",\"target\":{\"@type\":\"EntryPoint\",\"urlTemplate\":\"http:\/\/www.cutlerydryer.com\/fr\/?s={search_term_string}\"},\"query-input\":{\"@type\":\"PropertyValueSpecification\",\"valueRequired\":true,\"valueName\":\"search_term_string\"}}],\"inLanguage\":\"fr-FR\"}]}<\/script>\n<!-- \/ Yoast SEO plugin. -->","yoast_head_json":{"title":"Jet","description":"Ce mod\u00e8le automatique est id\u00e9al pour les pi\u00e8ces de moyennes et de grandes dimensions.","robots":{"index":"index","follow":"follow","max-snippet":"max-snippet:-1","max-image-preview":"max-image-preview:large","max-video-preview":"max-video-preview:-1"},"canonical":"https:\/\/www.cutlerydryer.com\/fr\/jet\/","og_locale":"fr_FR","og_type":"article","og_title":"Jet","og_description":"Ce mod\u00e8le automatique est id\u00e9al pour les pi\u00e8ces de moyennes et de grandes dimensions.","og_url":"https:\/\/www.cutlerydryer.com\/fr\/jet\/","og_site_name":"Cutlery Dryer","article_modified_time":"2023-01-19T17:04:50+00:00","twitter_card":"summary_large_image","twitter_misc":{"Dur\u00e9e de lecture estim\u00e9e":"1 minute"},"schema":{"@context":"https:\/\/schema.org","@graph":[{"@type":"WebPage","@id":"https:\/\/www.cutlerydryer.com\/fr\/jet\/","url":"https:\/\/www.cutlerydryer.com\/fr\/jet\/","name":"Jet","isPartOf":{"@id":"http:\/\/www.cutlerydryer.com\/fr\/#website"},"datePublished":"2016-03-06T15:39:29+00:00","dateModified":"2023-01-19T17:04:50+00:00","description":"Ce mod\u00e8le automatique est id\u00e9al pour les pi\u00e8ces de moyennes et de grandes dimensions.","breadcrumb":{"@id":"https:\/\/www.cutlerydryer.com\/fr\/jet\/#breadcrumb"},"inLanguage":"fr-FR","potentialAction":[{"@type":"ReadAction","target":["https:\/\/www.cutlerydryer.com\/fr\/jet\/"]}]},{"@type":"BreadcrumbList","@id":"https:\/\/www.cutlerydryer.com\/fr\/jet\/#breadcrumb","itemListElement":[{"@type":"ListItem","position":1,"name":"Home","item":"https:\/\/www.cutlerydryer.com\/fr\/"},{"@type":"ListItem","position":2,"name":"Jet"}]},{"@type":"WebSite","@id":"http:\/\/www.cutlerydryer.com\/fr\/#website","url":"http:\/\/www.cutlerydryer.com\/fr\/","name":"Cutlery Dryer","description":"Asciuga posate professionali","potentialAction":[{"@type":"SearchAction","target":{"@type":"EntryPoint","urlTemplate":"http:\/\/www.cutlerydryer.com\/fr\/?s={search_term_string}"},"query-input":{"@type":"PropertyValueSpecification","valueRequired":true,"valueName":"search_term_string"}}],"inLanguage":"fr-FR"}]}},"_links":{"self":[{"href":"https:\/\/www.cutlerydryer.com\/fr\/wp-json\/wp\/v2\/pages\/16330","targetHints":{"allow":["GET"]}}],"collection":[{"href":"https:\/\/www.cutlerydryer.com\/fr\/wp-json\/wp\/v2\/pages"}],"about":[{"href":"https:\/\/www.cutlerydryer.com\/fr\/wp-json\/wp\/v2\/types\/page"}],"author":[{"embeddable":true,"href":"https:\/\/www.cutlerydryer.com\/fr\/wp-json\/wp\/v2\/users\/2"}],"replies":[{"embeddable":true,"href":"https:\/\/www.cutlerydryer.com\/fr\/wp-json\/wp\/v2\/comments?post=16330"}],"version-history":[{"count":15,"href":"https:\/\/www.cutlerydryer.com\/fr\/wp-json\/wp\/v2\/pages\/16330\/revisions"}],"predecessor-version":[{"id":19456,"href":"https:\/\/www.cutlerydryer.com\/fr\/wp-json\/wp\/v2\/pages\/16330\/revisions\/19456"}],"wp:attachment":[{"href":"https:\/\/www.cutlerydryer.com\/fr\/wp-json\/wp\/v2\/media?parent=16330"}],"curies":[{"name":"wp","href":"https:\/\/api.w.org\/{rel}","templated":true}]}}