
{"id":16304,"date":"2016-03-06T16:20:49","date_gmt":"2016-03-06T15:20:49","guid":{"rendered":"http:\/\/dacos2.dacos.it\/fr\/?page_id=16304"},"modified":"2023-02-16T18:12:09","modified_gmt":"2023-02-16T17:12:09","slug":"programme-cutlery-dryer","status":"publish","type":"page","link":"https:\/\/www.cutlerydryer.com\/fr\/programme-cutlery-dryer\/","title":{"rendered":"Proj\u00e9ct Cutlery Dryer"},"content":{"rendered":"<div class=\"wpb-content-wrapper\"><p>[vc_row][vc_column width=\u00a0\u00bb1\/1&Prime;]<h1 class=\"headline font-inherit fontsize-xxl fontweight-600 lh-inherit align-right transform-inherit \" style=\"margin: 0 0 20px 0; color: #f40000;\">\u2026..La Puissance du Chaleur et la Force des Vibrations<\/h1>[\/vc_column][\/vc_row][vc_row][vc_column width=\u00a0\u00bb5\/6&Prime;]<div class=\"spacer\" style=\"height: 40px;\"><\/div><h1 class=\"headline font-inherit fontsize-l fontweight-inherit lh-inherit align-center transform-inherit \" style=\"margin: 0 0 20px 0;\">EVOLUTION : l\u2019am\u00e9lioration qualitative de CUTLERY DRYER.<\/h1>[\/vc_column][vc_column width=\u00a0\u00bb1\/6&Prime;]<div class=\"single_image wpb_content_element align-center   \" data-animation=\"none\" data-delay=\"0\"><img fetchpriority=\"high\" decoding=\"async\" width=\"245\" height=\"206\" src=\"https:\/\/www.cutlerydryer.com\/wp-content\/uploads\/COCCARDA-ROSSA-giusta.png\" class=\"attachment-medium\" alt=\"\" title=\"COCCARDA ROSSA giusta\" \/><\/div>[\/vc_column][\/vc_row][vc_row][vc_column width=\u00a0\u00bb1\/4&Prime;]<div class=\"single_image wpb_content_element align-left   \" data-animation=\"none\" data-delay=\"0\"><img decoding=\"async\" width=\"300\" height=\"196\" src=\"https:\/\/www.cutlerydryer.com\/wp-content\/uploads\/foto-eagle-300x196.jpg\" class=\"attachment-medium\" alt=\"\" title=\"foto eagle\" srcset=\"https:\/\/www.cutlerydryer.com\/wp-content\/uploads\/foto-eagle-300x196.jpg 300w, https:\/\/www.cutlerydryer.com\/wp-content\/uploads\/foto-eagle.jpg 536w\" sizes=\"(max-width: 300px) 100vw, 300px\" \/><\/div>[\/vc_column][vc_column width=\u00a0\u00bb3\/4&Prime;][vc_column_text]<strong>EVOLUTION <\/strong>est le restyling de toute notre gamme. Les innovations, combin\u00e9es aux performances d\u00e9j\u00e0 \u00e9prouv\u00e9es, rendent nos s\u00e8che-couverts encore plus comp\u00e9titifs, performants et polyvalents.<\/p>\n<p><strong>ACTIVE CONTROL<\/strong> est la carte \u00e9lectronique, install\u00e9e sur tous les mod\u00e8les, \u00e9quip\u00e9e d&rsquo;un \u00e9cran LCD qui vous permet de suivre toutes les phases de travail de la machine de mani\u00e8re simple et intuitive.<\/p>\n<p><strong>EAGLE <\/strong>nouveaux et exclusifs mod\u00e8les <strong>INTEGRABLES<\/strong> ou de table, haute performance.[\/vc_column_text][\/vc_column][\/vc_row][vc_row][vc_column width=\u00a0\u00bb2\/3&Prime;][vc_column_text]<\/p>\n<p>&nbsp;<\/p>\n<p>Notre gamme est compos\u00e9e de mod\u00e8les automatiques et manuels qui diff\u00e8rent par taille, mais sont \u00e9gaux en avantages et en qualit\u00e9, pour s&rsquo;adapter \u00e0 diff\u00e9rents besoins.<\/p>\n<p>Nos appareils sont fabriqu\u00e9s en acier inoxydable AISI 304, isol\u00e9s avec des panneaux insonorisants pour favoriser les \u00e9conomies d&rsquo;\u00e9nergie et r\u00e9duire le bruit. Tous les composants sont de haute qualit\u00e9 et <strong>MADE IN ITALY<\/strong>.[\/vc_column_text][\/vc_column][vc_column width=\u00a0\u00bb1\/3&Prime;]<div class=\"single_image wpb_content_element align-left   \" data-animation=\"none\" data-delay=\"0\"><img decoding=\"async\" width=\"300\" height=\"200\" src=\"https:\/\/www.cutlerydryer.com\/wp-content\/uploads\/Tornado_03_MAN3372_072dpi-300x200.jpg\" class=\"attachment-medium\" alt=\"\" title=\"Tornado_03_MAN3372_072dpi\" srcset=\"https:\/\/www.cutlerydryer.com\/wp-content\/uploads\/Tornado_03_MAN3372_072dpi-300x200.jpg 300w, https:\/\/www.cutlerydryer.com\/wp-content\/uploads\/Tornado_03_MAN3372_072dpi-1024x684.jpg 1024w, https:\/\/www.cutlerydryer.com\/wp-content\/uploads\/Tornado_03_MAN3372_072dpi-600x400.jpg 600w, https:\/\/www.cutlerydryer.com\/wp-content\/uploads\/Tornado_03_MAN3372_072dpi.jpg 1766w\" sizes=\"(max-width: 300px) 100vw, 300px\" \/><\/div>[\/vc_column][\/vc_row][vc_row type=\u00a0\u00bbfull_width_section\u00a0\u00bb][vc_column width=\u00a0\u00bb1\/3&Prime;]<div class=\"iconbox  wpb_content_element iconbox-style-1 icon-color-accent color-dark animation-none\"><h3><img src='https:\/\/www.cutlerydryer.com\/wp-content\/uploads\/2016\/03\/ico-dryer-1.png' class='iconimg' \/><span>S\u00e9chage<\/span><\/h3><p><\/p><\/div>[\/vc_column][vc_column width=\u00a0\u00bb1\/3&Prime;]<div class=\"iconbox  wpb_content_element iconbox-style-1 icon-color-accent color-dark animation-none\"><h3><img src='https:\/\/www.cutlerydryer.com\/wp-content\/uploads\/2016\/03\/ico-sanitizer-1.png' class='iconimg' \/><span>St\u00e9rilisation<\/span><\/h3><p><\/p><\/div>[\/vc_column][vc_column width=\u00a0\u00bb1\/3&Prime;]<div class=\"iconbox  wpb_content_element iconbox-style-1 icon-color-accent color-dark animation-none\"><h3><img src='https:\/\/www.cutlerydryer.com\/wp-content\/uploads\/2016\/03\/ico-polisher-1.png' class='iconimg' \/><span>\u00c9clat<\/span><\/h3><p><\/p><\/div>[\/vc_column][\/vc_row][vc_row][vc_column width=\u00a0\u00bb1\/1&Prime;]<div class=\"spacer\" style=\"height: 40px;\"><\/div><div class=\"newdivider align-center\" style=\"border-bottom-style: solid; border-color: #999999; border-bottom-width: 1px; margin-top: 0; margin-bottom: 0; width: 100%; \"><\/div><div class=\"clear\"><\/div><div class=\"spacer\" style=\"height: 40px;\"><\/div>[\/vc_column][\/vc_row][vc_row][vc_column width=\u00a0\u00bb1\/4&Prime;][\/vc_column][vc_column width=\u00a0\u00bb1\/2&Prime;]<div class=\"single_image wpb_content_element align-left  animate  image_opacity\" data-animation=\"fade-in-from-bottom\" data-delay=\"0\"><a href=\"https:\/\/www.cutlerydryer.com\/fr\/eagle-up\" target=\"_self\"><img loading=\"lazy\" decoding=\"async\" width=\"1080\" height=\"1080\" src=\"https:\/\/www.cutlerydryer.com\/wp-content\/uploads\/NOVITA-3.png\" class=\"attachment-full\" alt=\"\" title=\"NOVIT\u00c0 (3)\" srcset=\"https:\/\/www.cutlerydryer.com\/wp-content\/uploads\/NOVITA-3.png 1080w, https:\/\/www.cutlerydryer.com\/wp-content\/uploads\/NOVITA-3-300x300.png 300w, https:\/\/www.cutlerydryer.com\/wp-content\/uploads\/NOVITA-3-1024x1024.png 1024w, https:\/\/www.cutlerydryer.com\/wp-content\/uploads\/NOVITA-3-150x150.png 150w, https:\/\/www.cutlerydryer.com\/wp-content\/uploads\/NOVITA-3-80x80.png 80w, https:\/\/www.cutlerydryer.com\/wp-content\/uploads\/NOVITA-3-500x500.png 500w, https:\/\/www.cutlerydryer.com\/wp-content\/uploads\/NOVITA-3-1000x1000.png 1000w\" sizes=\"(max-width: 1080px) 100vw, 1080px\" \/><\/a><\/div>[\/vc_column][vc_column width=\u00a0\u00bb1\/4&Prime;][\/vc_column][\/vc_row][vc_row][vc_column width=\u00a0\u00bb1\/4&Prime;]<div class=\"single_image wpb_content_element align-left  animate  image_opacity\" data-animation=\"fade-in-from-bottom\" data-delay=\"0\"><a href=\"https:\/\/www.cutlerydryer.com\/fr\/jet\" target=\"_self\"><img loading=\"lazy\" decoding=\"async\" width=\"752\" height=\"585\" src=\"https:\/\/www.cutlerydryer.com\/wp-content\/uploads\/EAGLE-CON-NOME.png\" class=\"attachment-full\" alt=\"\" title=\"EAGLE CON NOME\" srcset=\"https:\/\/www.cutlerydryer.com\/wp-content\/uploads\/EAGLE-CON-NOME.png 752w, https:\/\/www.cutlerydryer.com\/wp-content\/uploads\/EAGLE-CON-NOME-300x233.png 300w\" sizes=\"(max-width: 752px) 100vw, 752px\" \/><\/a><\/div>[\/vc_column][vc_column width=\u00a0\u00bb1\/4&Prime;]<div class=\"single_image wpb_content_element align-left  animate  image_opacity\" data-animation=\"fade-in-from-bottom\" data-delay=\"0\"><a href=\"https:\/\/www.cutlerydryer.com\/fr\/star\" target=\"_self\"><img loading=\"lazy\" decoding=\"async\" width=\"1179\" height=\"1766\" src=\"https:\/\/www.cutlerydryer.com\/wp-content\/uploads\/star-evo-tamai-cutlery-dryer.jpg\" class=\"attachment-full\" alt=\"\" title=\"star-evo-tamai-cutlery-dryer\" srcset=\"https:\/\/www.cutlerydryer.com\/wp-content\/uploads\/star-evo-tamai-cutlery-dryer.jpg 1179w, https:\/\/www.cutlerydryer.com\/wp-content\/uploads\/star-evo-tamai-cutlery-dryer-200x300.jpg 200w, https:\/\/www.cutlerydryer.com\/wp-content\/uploads\/star-evo-tamai-cutlery-dryer-684x1024.jpg 684w\" sizes=\"(max-width: 1179px) 100vw, 1179px\" \/><\/a><\/div>[\/vc_column][vc_column width=\u00a0\u00bb1\/4&Prime;]<div class=\"single_image wpb_content_element align-left  animate  image_opacity\" data-animation=\"fade-in-from-bottom\" data-delay=\"0\"><a href=\"https:\/\/www.cutlerydryer.com\/fr\/tornado\" target=\"_self\"><img loading=\"lazy\" decoding=\"async\" width=\"1179\" height=\"1766\" src=\"https:\/\/www.cutlerydryer.com\/wp-content\/uploads\/tornado-evo-cod410.jpg\" class=\"attachment-full\" alt=\"\" title=\"tornado-evo-cod410\" srcset=\"https:\/\/www.cutlerydryer.com\/wp-content\/uploads\/tornado-evo-cod410.jpg 1179w, https:\/\/www.cutlerydryer.com\/wp-content\/uploads\/tornado-evo-cod410-200x300.jpg 200w, https:\/\/www.cutlerydryer.com\/wp-content\/uploads\/tornado-evo-cod410-684x1024.jpg 684w\" sizes=\"(max-width: 1179px) 100vw, 1179px\" \/><\/a><\/div>[\/vc_column][vc_column width=\u00a0\u00bb1\/4&Prime;]<div class=\"single_image wpb_content_element align-left  animate  image_opacity\" data-animation=\"fade-in-from-bottom\" data-delay=\"0\"><a href=\"https:\/\/www.cutlerydryer.com\/fr\/mig\" target=\"_self\"><img loading=\"lazy\" decoding=\"async\" width=\"1766\" height=\"1179\" src=\"https:\/\/www.cutlerydryer.com\/wp-content\/uploads\/eagle-up-cutlery-dryer-tamai.jpg\" class=\"attachment-full\" alt=\"\" title=\"eagle-up-cutlery-dryer-tamai\" srcset=\"https:\/\/www.cutlerydryer.com\/wp-content\/uploads\/eagle-up-cutlery-dryer-tamai.jpg 1766w, https:\/\/www.cutlerydryer.com\/wp-content\/uploads\/eagle-up-cutlery-dryer-tamai-300x200.jpg 300w, https:\/\/www.cutlerydryer.com\/wp-content\/uploads\/eagle-up-cutlery-dryer-tamai-1024x684.jpg 1024w, https:\/\/www.cutlerydryer.com\/wp-content\/uploads\/eagle-up-cutlery-dryer-tamai-600x400.jpg 600w\" sizes=\"(max-width: 1766px) 100vw, 1766px\" \/><\/a><\/div>[\/vc_column][\/vc_row]<\/p>\n<\/div>","protected":false},"excerpt":{"rendered":"<p>[vc_row][vc_column width=\u00a0\u00bb1\/1&Prime;][\/vc_column][\/vc_row][vc_row][vc_column width=\u00a0\u00bb5\/6&Prime;][\/vc_column][vc_column width=\u00a0\u00bb1\/6&Prime;][\/vc_column][\/vc_row][vc_row][vc_column width=\u00a0\u00bb1\/4&Prime;][\/vc_column][vc_column width=\u00a0\u00bb3\/4&Prime;][vc_column_text]EVOLUTION est le restyling de toute notre gamme. Les innovations, combin\u00e9es aux performances d\u00e9j\u00e0 \u00e9prouv\u00e9es, rendent nos s\u00e8che-couverts encore plus comp\u00e9titifs, performants et polyvalents. ACTIVE CONTROL est la carte \u00e9lectronique, install\u00e9e sur tous les mod\u00e8les, \u00e9quip\u00e9e d&rsquo;un \u00e9cran LCD qui vous permet de suivre toutes les phases de travail de la machine de mani\u00e8re simple et intuitive. EAGLE nouveaux et exclusifs mod\u00e8les INTEGRABLES ou de table, haute performance.[\/vc_column_text][\/vc_column][\/vc_row][vc_row][vc_column width=\u00a0\u00bb2\/3&Prime;][vc_column_text] &nbsp; Notre gamme est compos\u00e9e de mod\u00e8les automatiques et manuels qui diff\u00e8rent par taille, mais sont \u00e9gaux en avantages et en qualit\u00e9, pour s&rsquo;adapter \u00e0 diff\u00e9rents besoins. Nos appareils sont fabriqu\u00e9s en acier inoxydable AISI 304, isol\u00e9s avec des panneaux insonorisants pour favoriser les \u00e9conomies d&rsquo;\u00e9nergie et r\u00e9duire le bruit. Tous les composants sont de haute qualit\u00e9 et MADE IN ITALY.[\/vc_column_text][\/vc_column][vc_column width=\u00a0\u00bb1\/3&Prime;][\/vc_column][\/vc_row][vc_row type=\u00a0\u00bbfull_width_section\u00a0\u00bb][vc_column width=\u00a0\u00bb1\/3&Prime;][\/vc_column][vc_column width=\u00a0\u00bb1\/3&Prime;][\/vc_column][vc_column width=\u00a0\u00bb1\/3&Prime;][\/vc_column][\/vc_row][vc_row][vc_column width=\u00a0\u00bb1\/1&Prime;][\/vc_column][\/vc_row][vc_row][vc_column width=\u00a0\u00bb1\/4&Prime;][\/vc_column][vc_column width=\u00a0\u00bb1\/2&Prime;][\/vc_column][vc_column width=\u00a0\u00bb1\/4&Prime;][\/vc_column][\/vc_row][vc_row][vc_column width=\u00a0\u00bb1\/4&Prime;][\/vc_column][vc_column width=\u00a0\u00bb1\/4&Prime;][\/vc_column][vc_column width=\u00a0\u00bb1\/4&Prime;][\/vc_column][vc_column width=\u00a0\u00bb1\/4&Prime;][\/vc_column][\/vc_row]<\/p>\n","protected":false},"author":2,"featured_media":0,"parent":0,"menu_order":0,"comment_status":"closed","ping_status":"closed","template":"","meta":{"_monsterinsights_skip_tracking":false,"_monsterinsights_sitenote_active":false,"_monsterinsights_sitenote_note":"","_monsterinsights_sitenote_category":0,"footnotes":""},"class_list":["post-16304","page","type-page","status-publish","hentry"],"yoast_head":"<!-- This site is optimized with the Yoast SEO plugin v26.0 - https:\/\/yoast.com\/wordpress\/plugins\/seo\/ -->\n<title>Proj\u00e9ct Cutlery Dryer - Cutlery Dryer<\/title>\n<meta name=\"description\" content=\"Le proj\u00e9ct Cutlery Dryer garantit le s\u00e9chage, l\u2019\u00e9clat et en particulier la st\u00e9rilisation des couverts. Il repr\u00e9sente ainsi une innovation importante sur le march\u00e9 de l\u2019\u00e9quipement de restauration.\" \/>\n<meta name=\"robots\" content=\"index, follow, max-snippet:-1, max-image-preview:large, max-video-preview:-1\" \/>\n<link rel=\"canonical\" href=\"https:\/\/www.cutlerydryer.com\/fr\/programme-cutlery-dryer\/\" \/>\n<meta property=\"og:locale\" content=\"fr_FR\" \/>\n<meta property=\"og:type\" content=\"article\" \/>\n<meta property=\"og:title\" content=\"Proj\u00e9ct Cutlery Dryer - Cutlery Dryer\" \/>\n<meta property=\"og:description\" content=\"Le proj\u00e9ct Cutlery Dryer garantit le s\u00e9chage, l\u2019\u00e9clat et en particulier la st\u00e9rilisation des couverts. Il repr\u00e9sente ainsi une innovation importante sur le march\u00e9 de l\u2019\u00e9quipement de restauration.\" \/>\n<meta property=\"og:url\" content=\"https:\/\/www.cutlerydryer.com\/fr\/programme-cutlery-dryer\/\" \/>\n<meta property=\"og:site_name\" content=\"Cutlery Dryer\" \/>\n<meta property=\"article:modified_time\" content=\"2023-02-16T17:12:09+00:00\" \/>\n<meta name=\"twitter:card\" content=\"summary_large_image\" \/>\n<meta name=\"twitter:label1\" content=\"Dur\u00e9e de lecture estim\u00e9e\" \/>\n\t<meta name=\"twitter:data1\" content=\"1 minute\" \/>\n<script type=\"application\/ld+json\" class=\"yoast-schema-graph\">{\"@context\":\"https:\/\/schema.org\",\"@graph\":[{\"@type\":\"WebPage\",\"@id\":\"https:\/\/www.cutlerydryer.com\/fr\/programme-cutlery-dryer\/\",\"url\":\"https:\/\/www.cutlerydryer.com\/fr\/programme-cutlery-dryer\/\",\"name\":\"Proj\u00e9ct Cutlery Dryer - Cutlery Dryer\",\"isPartOf\":{\"@id\":\"http:\/\/www.cutlerydryer.com\/fr\/#website\"},\"datePublished\":\"2016-03-06T15:20:49+00:00\",\"dateModified\":\"2023-02-16T17:12:09+00:00\",\"description\":\"Le proj\u00e9ct Cutlery Dryer garantit le s\u00e9chage, l\u2019\u00e9clat et en particulier la st\u00e9rilisation des couverts. Il repr\u00e9sente ainsi une innovation importante sur le march\u00e9 de l\u2019\u00e9quipement de restauration.\",\"breadcrumb\":{\"@id\":\"https:\/\/www.cutlerydryer.com\/fr\/programme-cutlery-dryer\/#breadcrumb\"},\"inLanguage\":\"fr-FR\",\"potentialAction\":[{\"@type\":\"ReadAction\",\"target\":[\"https:\/\/www.cutlerydryer.com\/fr\/programme-cutlery-dryer\/\"]}]},{\"@type\":\"BreadcrumbList\",\"@id\":\"https:\/\/www.cutlerydryer.com\/fr\/programme-cutlery-dryer\/#breadcrumb\",\"itemListElement\":[{\"@type\":\"ListItem\",\"position\":1,\"name\":\"Home\",\"item\":\"https:\/\/www.cutlerydryer.com\/fr\/\"},{\"@type\":\"ListItem\",\"position\":2,\"name\":\"Proj\u00e9ct Cutlery Dryer\"}]},{\"@type\":\"WebSite\",\"@id\":\"http:\/\/www.cutlerydryer.com\/fr\/#website\",\"url\":\"http:\/\/www.cutlerydryer.com\/fr\/\",\"name\":\"Cutlery Dryer\",\"description\":\"Asciuga posate professionali\",\"potentialAction\":[{\"@type\":\"SearchAction\",\"target\":{\"@type\":\"EntryPoint\",\"urlTemplate\":\"http:\/\/www.cutlerydryer.com\/fr\/?s={search_term_string}\"},\"query-input\":{\"@type\":\"PropertyValueSpecification\",\"valueRequired\":true,\"valueName\":\"search_term_string\"}}],\"inLanguage\":\"fr-FR\"}]}<\/script>\n<!-- \/ Yoast SEO plugin. -->","yoast_head_json":{"title":"Proj\u00e9ct Cutlery Dryer - Cutlery Dryer","description":"Le proj\u00e9ct Cutlery Dryer garantit le s\u00e9chage, l\u2019\u00e9clat et en particulier la st\u00e9rilisation des couverts. Il repr\u00e9sente ainsi une innovation importante sur le march\u00e9 de l\u2019\u00e9quipement de restauration.","robots":{"index":"index","follow":"follow","max-snippet":"max-snippet:-1","max-image-preview":"max-image-preview:large","max-video-preview":"max-video-preview:-1"},"canonical":"https:\/\/www.cutlerydryer.com\/fr\/programme-cutlery-dryer\/","og_locale":"fr_FR","og_type":"article","og_title":"Proj\u00e9ct Cutlery Dryer - Cutlery Dryer","og_description":"Le proj\u00e9ct Cutlery Dryer garantit le s\u00e9chage, l\u2019\u00e9clat et en particulier la st\u00e9rilisation des couverts. Il repr\u00e9sente ainsi une innovation importante sur le march\u00e9 de l\u2019\u00e9quipement de restauration.","og_url":"https:\/\/www.cutlerydryer.com\/fr\/programme-cutlery-dryer\/","og_site_name":"Cutlery Dryer","article_modified_time":"2023-02-16T17:12:09+00:00","twitter_card":"summary_large_image","twitter_misc":{"Dur\u00e9e de lecture estim\u00e9e":"1 minute"},"schema":{"@context":"https:\/\/schema.org","@graph":[{"@type":"WebPage","@id":"https:\/\/www.cutlerydryer.com\/fr\/programme-cutlery-dryer\/","url":"https:\/\/www.cutlerydryer.com\/fr\/programme-cutlery-dryer\/","name":"Proj\u00e9ct Cutlery Dryer - Cutlery Dryer","isPartOf":{"@id":"http:\/\/www.cutlerydryer.com\/fr\/#website"},"datePublished":"2016-03-06T15:20:49+00:00","dateModified":"2023-02-16T17:12:09+00:00","description":"Le proj\u00e9ct Cutlery Dryer garantit le s\u00e9chage, l\u2019\u00e9clat et en particulier la st\u00e9rilisation des couverts. Il repr\u00e9sente ainsi une innovation importante sur le march\u00e9 de l\u2019\u00e9quipement de restauration.","breadcrumb":{"@id":"https:\/\/www.cutlerydryer.com\/fr\/programme-cutlery-dryer\/#breadcrumb"},"inLanguage":"fr-FR","potentialAction":[{"@type":"ReadAction","target":["https:\/\/www.cutlerydryer.com\/fr\/programme-cutlery-dryer\/"]}]},{"@type":"BreadcrumbList","@id":"https:\/\/www.cutlerydryer.com\/fr\/programme-cutlery-dryer\/#breadcrumb","itemListElement":[{"@type":"ListItem","position":1,"name":"Home","item":"https:\/\/www.cutlerydryer.com\/fr\/"},{"@type":"ListItem","position":2,"name":"Proj\u00e9ct Cutlery Dryer"}]},{"@type":"WebSite","@id":"http:\/\/www.cutlerydryer.com\/fr\/#website","url":"http:\/\/www.cutlerydryer.com\/fr\/","name":"Cutlery Dryer","description":"Asciuga posate professionali","potentialAction":[{"@type":"SearchAction","target":{"@type":"EntryPoint","urlTemplate":"http:\/\/www.cutlerydryer.com\/fr\/?s={search_term_string}"},"query-input":{"@type":"PropertyValueSpecification","valueRequired":true,"valueName":"search_term_string"}}],"inLanguage":"fr-FR"}]}},"_links":{"self":[{"href":"https:\/\/www.cutlerydryer.com\/fr\/wp-json\/wp\/v2\/pages\/16304","targetHints":{"allow":["GET"]}}],"collection":[{"href":"https:\/\/www.cutlerydryer.com\/fr\/wp-json\/wp\/v2\/pages"}],"about":[{"href":"https:\/\/www.cutlerydryer.com\/fr\/wp-json\/wp\/v2\/types\/page"}],"author":[{"embeddable":true,"href":"https:\/\/www.cutlerydryer.com\/fr\/wp-json\/wp\/v2\/users\/2"}],"replies":[{"embeddable":true,"href":"https:\/\/www.cutlerydryer.com\/fr\/wp-json\/wp\/v2\/comments?post=16304"}],"version-history":[{"count":13,"href":"https:\/\/www.cutlerydryer.com\/fr\/wp-json\/wp\/v2\/pages\/16304\/revisions"}],"predecessor-version":[{"id":19538,"href":"https:\/\/www.cutlerydryer.com\/fr\/wp-json\/wp\/v2\/pages\/16304\/revisions\/19538"}],"wp:attachment":[{"href":"https:\/\/www.cutlerydryer.com\/fr\/wp-json\/wp\/v2\/media?parent=16304"}],"curies":[{"name":"wp","href":"https:\/\/api.w.org\/{rel}","templated":true}]}}