
{"id":19843,"date":"2023-05-29T17:35:26","date_gmt":"2023-05-29T15:35:26","guid":{"rendered":"https:\/\/www.cutlerydryer.com\/?page_id=19843"},"modified":"2023-07-17T16:15:13","modified_gmt":"2023-07-17T14:15:13","slug":"ventajas","status":"publish","type":"page","link":"https:\/\/www.cutlerydryer.com\/es\/ventajas\/","title":{"rendered":"Ventajas"},"content":{"rendered":"<div class=\"wpb-content-wrapper\"><p>[vc_row bg_image=\u00bb19597&#8243; bg_repeat=\u00bbno-repeat\u00bb top_padding=\u00bb160&#8243; bottom_padding=\u00bb160&#8243;][vc_column column_center=\u00bbtrue\u00bb width=\u00bb1\/1&#8243;]<h1 class=\"headline font-special fontsize-xxxl fontweight-700 lh-inherit align-left transform-inherit \" style=\"margin: 0 0 0 0; color: #ffffff;\">DESCUBRE TODOS LOS BENEFICIOS<\/h1><h1 class=\"headline font-special fontsize-xxxl fontweight-inherit lh-inherit align-left transform-inherit \" style=\"margin: 0 0 0 0; color: #ffffff;\">DE UNA SECADORA DE CUBIERTOS<\/h1>[\/vc_column][\/vc_row][vc_row bg_image=\u00bb19845&#8243; top_padding=\u00bb110&#8243; bottom_padding=\u00bb110&#8243; class=\u00bbvantaggi-container1&#8243;][vc_column width=\u00bb1\/6&#8243;][\/vc_column][vc_column width=\u00bb2\/3&#8243;]<h1 class=\"headline font-inherit fontsize-inherit fontweight-700 lh-inherit align-center transform-inherit \" style=\"margin: 20px 0 0 0; color: #00a160;\">Porqu\u00e9 comprar una seca, brilla y desinfecta cubiertos?<\/h1><div class=\"spacer\" style=\"height: 70px;\"><\/div><div class=\"iconbox  wpb_content_element iconbox-style-5 icon-color-greyscale color-dark clearfix\"><div class=\"iconbox-icon\"><img src='https:\/\/www.cutlerydryer.com\/wp-content\/uploads\/risparmio-vantaggipage.png' class='iconimg' \/><\/div><div class=\"iconbox-content\"><h3>Optimizar tiempo y ahorrar dinero<\/h3><p>Con nuestras seca cubiertos, el trabajo de secado se realiza en pocos minutos. Gracias a esto, el ahorro de tiempo se convierte en ahorro de dinero, consintiendo la amortizaci\u00f3n del costo de la inversi\u00f3n en poco tiempo. Ademas, eliminando vinagre y pa\u00f1os de cocina tendremos un ahorro adicional.<\/p><\/div><\/div><div class=\"iconbox  wpb_content_element iconbox-style-5 icon-color-greyscale color-dark clearfix\"><div class=\"iconbox-icon\"><img src='https:\/\/www.cutlerydryer.com\/wp-content\/uploads\/durevole-vantaggipage.png' class='iconimg' \/><\/div><div class=\"iconbox-content\"><h3>Durabilidad<\/h3><p>Alargar la vida de los cubiertos y mejorar la calidad del servicio. Con nuestras m\u00e1quinas, los cubiertos tendr\u00e1n un mejor aspecto y la \u201cmice en place\u201d sera perfecta. Como tener cubiertos nuevos todos los d\u00edas! La acci\u00f3n del ma\u00edz molido combinado con la vibraci\u00f3n eliminara de la superficie todo residuo de caliza y\/o productos qu\u00edmicos, ademas, el tratamiento antioxidante para los cubiertos de plata durara m\u00e1s tiempo.<\/p><\/div><\/div><div class=\"iconbox  wpb_content_element iconbox-style-5 icon-color-greyscale color-dark clearfix\"><div class=\"iconbox-icon\"><img src='https:\/\/www.cutlerydryer.com\/wp-content\/uploads\/sanificazione-vantaggipage.png' class='iconimg' \/><\/div><div class=\"iconbox-content\"><h3>Desinfecci\u00f3n<\/h3><p>Nuestras seca cubiertos realiza la desinfecci\u00f3n que, en estos tiempos, es una ventaja muy importante. Este proceso viene atrev\u00e9s de la alta temperatura que garantiza el resultado.<\/p><\/div><\/div><div class=\"iconbox  wpb_content_element iconbox-style-5 icon-color-greyscale color-dark clearfix\"><div class=\"iconbox-icon\"><img src='https:\/\/www.cutlerydryer.com\/wp-content\/uploads\/brillantezza-vantaggipage.png' class='iconimg' \/><\/div><div class=\"iconbox-content\"><h3>Brillo<\/h3><p>Las manchas de cal se eliminan r\u00e1pidamente, haciendo que el superficie de cubiertos.<\/p><\/div><\/div><div class=\"iconbox  wpb_content_element iconbox-style-5 icon-color-greyscale color-dark clearfix\"><div class=\"iconbox-icon\"><img src='https:\/\/www.cutlerydryer.com\/wp-content\/uploads\/ecosostenibile-vantaggipage.png' class='iconimg' \/><\/div><div class=\"iconbox-content\"><h3>Eco-sostenible<\/h3><p>Nuestras seca cubiertos utiliza el MA\u00cdZ MOLIDO: un producto eco-sostenible 100% green, totalmente natural y biodegradable. El ma\u00edz molido, gracias a sus propiedades abrasivas y absorbentes, permiten obtener cubiertos brillantes y secos..<\/p><\/div><\/div><div class=\"iconbox  wpb_content_element iconbox-style-5 icon-color-greyscale color-dark clearfix\"><div class=\"iconbox-icon\"><img src='https:\/\/www.cutlerydryer.com\/wp-content\/uploads\/facile-vantaggipage.png' class='iconimg' \/><\/div><div class=\"iconbox-content\"><h3>F\u00e1cil de utilizar<\/h3><p>Nuestras seca cubiertos est\u00e1n dotadas de ACTIVE CONTROL. El display LCD gu\u00eda el usuario, paso a paso, en todas las fases operativas de la m\u00e1quina a trav\u00e9s de frases breves, simples e intuitivas.<\/p><\/div><\/div>[vc_row_inner][vc_column_inner width=\u00bb1\/4&#8243;][\/vc_column_inner][vc_column_inner width=\u00bb1\/2&#8243;]<a href=\"#area-contacto\" target=\"_self\" class=\"button color-2 large \" style=\"border-radius: ;\">INFORMACI\u00d3N REQUERIDA<\/a>[\/vc_column_inner][vc_column_inner width=\u00bb1\/4&#8243;][\/vc_column_inner][\/vc_row_inner][\/vc_column][vc_column width=\u00bb1\/6&#8243;][\/vc_column][\/vc_row][vc_row equal_height=\u00bbyes\u00bb top_padding=\u00bb110&#8243; bottom_padding=\u00bb110&#8243; class=\u00bbvantaggi-container2&#8243;][vc_column width=\u00bb1\/2&#8243;]<h1 class=\"headline font-inherit fontsize-inherit fontweight-700 lh-inherit align-left transform-inherit \" style=\"margin: 20px 0 0 0; color: #00a160;\">\u00bf por qu\u00e9 usar altas temperaturas?<\/h1><div class=\"spacer\" style=\"height: 70px;\"><\/div><div class=\"iconbox  wpb_content_element iconbox-style-2 icon-color-accent color-dark clearfix\"><div class=\"iconbox-icon\"><i class=\"fa fa-check boxicon\" style=\"\"><\/i><\/div><div class=\"iconbox-content\"><h3>Saneamiento<\/h3><p>Se realiza a trav\u00e9s de la alta temperatura. En efecto, gracias a resistencias de silicona que alcanzan los 100\u00b0\/130\u00b0c, la tusa de ma\u00edz, donde pasan los cubiertos, mantiene una temperatura estable, obteniendo de esta manera la eliminaci\u00f3n de g\u00e9rmenes pat\u00f3genos (<span style=\"text-decoration: underline;\">certificado de test de laboratorio<\/span>).<\/p><\/div><\/div><div class=\"iconbox  wpb_content_element iconbox-style-2 icon-color-accent color-dark clearfix\"><div class=\"iconbox-icon\"><i class=\"fa fa-check boxicon\" style=\"\"><\/i><\/div><div class=\"iconbox-content\"><h3>Resultado costante<\/h3><p>Cubiertos perfectamente secados del primero al ultimo ingreso<\/p><\/div><\/div><div class=\"iconbox  wpb_content_element iconbox-style-2 icon-color-accent color-dark clearfix\"><div class=\"iconbox-icon\"><i class=\"fa fa-check boxicon\" style=\"\"><\/i><\/div><div class=\"iconbox-content\"><h3>Seguridad green<\/h3><p>Gracias a las altas temperaturas en el interior de la m\u00e1quina la tusa de ma\u00edz se mantiene siempre integra y lista, tambi\u00e9n despu\u00e9s de introducir un gran n\u00famero de cubiertos: la alta temperatura asegura que la tusa de ma\u00edz no se vuelva fr\u00eda y hinchada de agua a la mitad del secado, evitando de esta manera de ralentizar la salida de los cubiertos de la m\u00e1quina.<\/p><\/div><\/div>[\/vc_column][vc_column width=\u00bb1\/2&#8243;]<div class=\"single_image wpb_content_element align-center   \" data-animation=\"none\" data-delay=\"0\"><img loading=\"lazy\" decoding=\"async\" class=\"\" src=\"https:\/\/www.cutlerydryer.com\/wp-content\/uploads\/Posate_MAN3300_072dpi-498x760.jpg\" width=\"498\" height=\"760\" alt=\"Posate_MAN3300_072dpi\" title=\"Posate_MAN3300_072dpi\" loading=\"lazy\" \/><\/div>[\/vc_column][\/vc_row][vc_row bg_color=\u00bb#e9edee\u00bb top_padding=\u00bb110&#8243; bottom_padding=\u00bb110&#8243; class=\u00bbvantaggi-container3&#8243;][vc_column]<h1 class=\"headline font-special fontsize-xxxl fontweight-700 lh-inherit align-center transform-inherit \" style=\"margin: 20px 0 0 0; color: #00a160;\">ACTIVE CONTROL<\/h1><h1 class=\"headline font-inherit fontsize-inherit fontweight-inherit lh-inherit align-center transform-inherit \" style=\"margin: 20px 0 0 0;\">F\u00e1cil, simple, intuitivo<\/h1><div class=\"spacer\" style=\"height: 70px;\"><\/div>[\/vc_column][vc_column width=\u00bb1\/2&#8243;]<div class=\"single_image wpb_content_element align-center   \" data-animation=\"none\" data-delay=\"0\"><img fetchpriority=\"high\" decoding=\"async\" width=\"900\" height=\"707\" src=\"https:\/\/www.cutlerydryer.com\/wp-content\/uploads\/Jet_03_MAN3294.jpg\" class=\"attachment-full\" alt=\"\" title=\"Jet_03_MAN3294\" srcset=\"https:\/\/www.cutlerydryer.com\/wp-content\/uploads\/Jet_03_MAN3294.jpg 900w, https:\/\/www.cutlerydryer.com\/wp-content\/uploads\/Jet_03_MAN3294-300x236.jpg 300w\" sizes=\"(max-width: 900px) 100vw, 900px\" \/><\/div>[\/vc_column][vc_column width=\u00bb1\/2&#8243;]<div class=\"iconbox  wpb_content_element iconbox-style-2 icon-color-accent color-dark clearfix\"><div class=\"iconbox-icon\"><i class=\"fa fa-check boxicon\" style=\"\"><\/i><\/div><div class=\"iconbox-content\"><h3>Tecnolog\u00eda Active Control<\/h3><p>Esta pantalla electr\u00f3nica con display LCD, che guia el operador en las fases operativas de la m\u00e1quina.<\/p><\/div><\/div><div class=\"iconbox  wpb_content_element iconbox-style-2 icon-color-accent color-dark clearfix\"><div class=\"iconbox-icon\"><i class=\"fa fa-check boxicon\" style=\"\"><\/i><\/div><div class=\"iconbox-content\"><h3>Aviso de sustituir tusa de ma\u00edz<\/h3><p>Este aviso ser\u00e1 mostrado autom\u00e1ticamente cuando ser\u00e1 necesario sustituir la tusa de ma\u00edz.<\/p><\/div><\/div><div class=\"iconbox  wpb_content_element iconbox-style-2 icon-color-accent color-dark clearfix\"><div class=\"iconbox-icon\"><i class=\"fa fa-check boxicon\" style=\"\"><\/i><\/div><div class=\"iconbox-content\"><h3>Stand by<\/h3><p>La m\u00e1quina mantiene la temperatura, activ\u00e1ndose de vez en cuando para estar lista al uso.<\/p><\/div><\/div>[\/vc_column][\/vc_row][vc_row content_placement=\u00bbbottom\u00bb bg_color=\u00bb#ffffff\u00bb top_padding=\u00bb60&#8243; bottom_padding=\u00bb60&#8243;][vc_column width=\u00bb1\/1&#8243;]<div class=\"video-embed  wpb_content_element\"><iframe title=\"Host 2019 Tamai Cutlery Dryer present Evolution long\" width=\"1161\" height=\"653\" src=\"https:\/\/www.youtube.com\/embed\/3RdVr1RJa7g?feature=oembed\" frameborder=\"0\" allow=\"accelerometer; autoplay; clipboard-write; encrypted-media; gyroscope; picture-in-picture; web-share\" referrerpolicy=\"strict-origin-when-cross-origin\" allowfullscreen><\/iframe><\/div>[\/vc_column][\/vc_row][vc_row bg_image=\u00bb19750&#8243; top_padding=\u00bb110&#8243; bottom_padding=\u00bb110&#8243; row_id=\u00bbarea-contacto\u00bb][vc_column width=\u00bb1\/2&#8243;]<h1 class=\"headline font-special fontsize-xxxl fontweight-700 lh-inherit align-left transform-inherit \" style=\"margin: 20px 0 0 0; color: #ffffff;\">Rellenar el formulario<\/h1><h2 class=\"headline font-inherit fontsize-xxxl fontweight-inherit lh-inherit align-left transform-inherit \" style=\"margin: 0 0 20px 0; color: #ffffff;\">Obtenga m\u00e1s informaci\u00f3n o solicite una cotizaci\u00f3n<\/h2>[\/vc_column][vc_column width=\u00bb1\/2&#8243;][vc_column_text]<\/p>\n<p style=\"text-align: left;\">\n<div class=\"wpcf7 no-js\" id=\"wpcf7-f16360-o1\" lang=\"it-IT\" dir=\"ltr\" data-wpcf7-id=\"16360\">\n<div class=\"screen-reader-response\"><p role=\"status\" aria-live=\"polite\" aria-atomic=\"true\"><\/p> <ul><\/ul><\/div>\n<form action=\"\/es\/wp-json\/wp\/v2\/pages\/19843#wpcf7-f16360-o1\" method=\"post\" class=\"wpcf7-form init\" aria-label=\"Modulo di contatto\" novalidate=\"novalidate\" data-status=\"init\">\n<fieldset class=\"hidden-fields-container\"><input type=\"hidden\" name=\"_wpcf7\" value=\"16360\" \/><input type=\"hidden\" name=\"_wpcf7_version\" value=\"6.1.2\" \/><input type=\"hidden\" name=\"_wpcf7_locale\" value=\"it_IT\" \/><input type=\"hidden\" name=\"_wpcf7_unit_tag\" value=\"wpcf7-f16360-o1\" \/><input type=\"hidden\" name=\"_wpcf7_container_post\" value=\"0\" \/><input type=\"hidden\" name=\"_wpcf7_posted_data_hash\" value=\"\" \/>\n<\/fieldset>\n<p><span class=\"wpcf7-form-control-wrap\" data-name=\"your-name\"><input size=\"40\" maxlength=\"400\" class=\"wpcf7-form-control wpcf7-text wpcf7-validates-as-required\" aria-required=\"true\" aria-invalid=\"false\" placeholder=\"Nombre y Apellido*\" value=\"\" type=\"text\" name=\"your-name\" \/><\/span>\n<\/p>\n<p><span id=\"wpcf7-69e176a9bed59-wrapper\" class=\"wpcf7-form-control-wrap email-wrap\" style=\"display:none !important; visibility:hidden !important;\"><label for=\"wpcf7-69e176a9bed59-field\" class=\"hp-message\">Si prega di lasciare vuoto questo campo.<\/label><input id=\"wpcf7-69e176a9bed59-field\"  placeholder=\"email\"  class=\"wpcf7-form-control wpcf7-text\" type=\"text\" name=\"email\" value=\"\" size=\"40\" tabindex=\"-1\" autocomplete=\"new-password\" \/><\/span><span class=\"wpcf7-form-control-wrap\" data-name=\"your-email\"><input size=\"40\" maxlength=\"400\" class=\"wpcf7-form-control wpcf7-email wpcf7-validates-as-required wpcf7-text wpcf7-validates-as-email\" aria-required=\"true\" aria-invalid=\"false\" placeholder=\"Email*\" value=\"\" type=\"email\" name=\"your-email\" \/><\/span>\n<\/p>\n<p><span class=\"wpcf7-form-control-wrap\" data-name=\"categoria\"><select class=\"wpcf7-form-control wpcf7-select wpcf7-validates-as-required\" aria-required=\"true\" aria-invalid=\"false\" name=\"categoria\"><option value=\"\">&#8212;Seleziona un&#039;opzione&#8212;<\/option><option value=\"Usuario final\">Usuario final<\/option><option value=\"Distribuidor\">Distribuidor<\/option><\/select><\/span>\n<\/p>\n<p><span class=\"wpcf7-form-control-wrap\" data-name=\"your-message\"><textarea cols=\"40\" rows=\"10\" maxlength=\"2000\" class=\"wpcf7-form-control wpcf7-textarea wpcf7-validates-as-required\" aria-required=\"true\" aria-invalid=\"false\" placeholder=\"Comentarios*\" name=\"your-message\"><\/textarea><\/span>\n<\/p>\n<p><span class=\"wpcf7-form-control-wrap\" data-name=\"acceptance-634\"><span class=\"wpcf7-form-control wpcf7-acceptance\"><span class=\"wpcf7-list-item\"><label><input type=\"checkbox\" name=\"acceptance-634\" value=\"1\" aria-invalid=\"false\" \/><span class=\"wpcf7-list-item-label\">He le\u00eddo la informaci\u00f3n sobre el tratamiento de datos personales.<\/span><\/label><\/span><\/span><\/span>\n<\/p>\n<p><input class=\"wpcf7-form-control wpcf7-submit has-spinner submit-button\" type=\"submit\" value=\"ENVIAR MENSAJE\" \/>\n<\/p><p style=\"display: none !important;\" class=\"akismet-fields-container\" data-prefix=\"_wpcf7_ak_\"><label>&#916;<textarea name=\"_wpcf7_ak_hp_textarea\" cols=\"45\" rows=\"8\" maxlength=\"100\"><\/textarea><\/label><input type=\"hidden\" id=\"ak_js_1\" name=\"_wpcf7_ak_js\" value=\"3\"\/><script>document.getElementById( \"ak_js_1\" ).setAttribute( \"value\", ( new Date() ).getTime() );<\/script><\/p><input type='hidden' class='wpcf7-pum' value='{\"closepopup\":false,\"closedelay\":0,\"openpopup\":false,\"openpopup_id\":0}' \/><div class=\"wpcf7-response-output\" aria-hidden=\"true\"><\/div>\n<\/form>\n<\/div>\n<p>[\/vc_column_text][\/vc_column][\/vc_row]<\/p>\n<\/div>","protected":false},"excerpt":{"rendered":"<p>[vc_row bg_image=\u00bb19597&#8243; bg_repeat=\u00bbno-repeat\u00bb top_padding=\u00bb160&#8243; bottom_padding=\u00bb160&#8243;][vc_column column_center=\u00bbtrue\u00bb width=\u00bb1\/1&#8243;][\/vc_column][\/vc_row][vc_row bg_image=\u00bb19845&#8243; top_padding=\u00bb110&#8243; bottom_padding=\u00bb110&#8243; class=\u00bbvantaggi-container1&#8243;][vc_column width=\u00bb1\/6&#8243;][\/vc_column][vc_column width=\u00bb2\/3&#8243;][vc_row_inner][vc_column_inner width=\u00bb1\/4&#8243;][\/vc_column_inner][vc_column_inner width=\u00bb1\/2&#8243;][\/vc_column_inner][vc_column_inner width=\u00bb1\/4&#8243;][\/vc_column_inner][\/vc_row_inner][\/vc_column][vc_column width=\u00bb1\/6&#8243;][\/vc_column][\/vc_row][vc_row equal_height=\u00bbyes\u00bb top_padding=\u00bb110&#8243; bottom_padding=\u00bb110&#8243; class=\u00bbvantaggi-container2&#8243;][vc_column width=\u00bb1\/2&#8243;][\/vc_column][vc_column width=\u00bb1\/2&#8243;][\/vc_column][\/vc_row][vc_row bg_color=\u00bb#e9edee\u00bb top_padding=\u00bb110&#8243; bottom_padding=\u00bb110&#8243; class=\u00bbvantaggi-container3&#8243;][vc_column][\/vc_column][vc_column width=\u00bb1\/2&#8243;][\/vc_column][vc_column width=\u00bb1\/2&#8243;][\/vc_column][\/vc_row][vc_row content_placement=\u00bbbottom\u00bb bg_color=\u00bb#ffffff\u00bb top_padding=\u00bb60&#8243; bottom_padding=\u00bb60&#8243;][vc_column width=\u00bb1\/1&#8243;][\/vc_column][\/vc_row][vc_row bg_image=\u00bb19750&#8243; top_padding=\u00bb110&#8243; bottom_padding=\u00bb110&#8243; row_id=\u00bbarea-contacto\u00bb][vc_column width=\u00bb1\/2&#8243;][\/vc_column][vc_column width=\u00bb1\/2&#8243;][vc_column_text] [\/vc_column_text][\/vc_column][\/vc_row]<\/p>\n","protected":false},"author":2,"featured_media":0,"parent":0,"menu_order":0,"comment_status":"closed","ping_status":"closed","template":"","meta":{"_monsterinsights_skip_tracking":false,"_monsterinsights_sitenote_active":false,"_monsterinsights_sitenote_note":"","_monsterinsights_sitenote_category":0,"footnotes":""},"class_list":["post-19843","page","type-page","status-publish","hentry"],"yoast_head":"<!-- This site is optimized with the Yoast SEO plugin v26.0 - https:\/\/yoast.com\/wordpress\/plugins\/seo\/ -->\n<title>Ventajas - Cutlery Dryer<\/title>\n<meta name=\"robots\" content=\"index, follow, max-snippet:-1, max-image-preview:large, max-video-preview:-1\" \/>\n<link rel=\"canonical\" href=\"https:\/\/www.cutlerydryer.com\/es\/ventajas\/\" \/>\n<meta property=\"og:locale\" content=\"es_ES\" \/>\n<meta property=\"og:type\" content=\"article\" \/>\n<meta property=\"og:title\" content=\"Ventajas - Cutlery Dryer\" \/>\n<meta property=\"og:description\" content=\"[vc_row bg_image=\u00bb19597&#8243; bg_repeat=\u00bbno-repeat\u00bb top_padding=\u00bb160&#8243; bottom_padding=\u00bb160&#8243;][vc_column column_center=\u00bbtrue\u00bb width=\u00bb1\/1&#8243;][\/vc_column][\/vc_row][vc_row bg_image=\u00bb19845&#8243; top_padding=\u00bb110&#8243; bottom_padding=\u00bb110&#8243; class=\u00bbvantaggi-container1&#8243;][vc_column width=\u00bb1\/6&#8243;][\/vc_column][vc_column width=\u00bb2\/3&#8243;][vc_row_inner][vc_column_inner width=\u00bb1\/4&#8243;][\/vc_column_inner][vc_column_inner width=\u00bb1\/2&#8243;][\/vc_column_inner][vc_column_inner width=\u00bb1\/4&#8243;][\/vc_column_inner][\/vc_row_inner][\/vc_column][vc_column width=\u00bb1\/6&#8243;][\/vc_column][\/vc_row][vc_row equal_height=\u00bbyes\u00bb top_padding=\u00bb110&#8243; bottom_padding=\u00bb110&#8243; class=\u00bbvantaggi-container2&#8243;][vc_column width=\u00bb1\/2&#8243;][\/vc_column][vc_column width=\u00bb1\/2&#8243;][\/vc_column][\/vc_row][vc_row bg_color=\u00bb#e9edee\u00bb top_padding=\u00bb110&#8243; bottom_padding=\u00bb110&#8243; class=\u00bbvantaggi-container3&#8243;][vc_column][\/vc_column][vc_column width=\u00bb1\/2&#8243;][\/vc_column][vc_column width=\u00bb1\/2&#8243;][\/vc_column][\/vc_row][vc_row content_placement=\u00bbbottom\u00bb bg_color=\u00bb#ffffff\u00bb top_padding=\u00bb60&#8243; bottom_padding=\u00bb60&#8243;][vc_column width=\u00bb1\/1&#8243;][\/vc_column][\/vc_row][vc_row bg_image=\u00bb19750&#8243; top_padding=\u00bb110&#8243; bottom_padding=\u00bb110&#8243; row_id=\u00bbarea-contacto\u00bb][vc_column width=\u00bb1\/2&#8243;][\/vc_column][vc_column width=\u00bb1\/2&#8243;][vc_column_text] [\/vc_column_text][\/vc_column][\/vc_row]\" \/>\n<meta property=\"og:url\" content=\"https:\/\/www.cutlerydryer.com\/es\/ventajas\/\" \/>\n<meta property=\"og:site_name\" content=\"Cutlery Dryer\" \/>\n<meta property=\"article:modified_time\" content=\"2023-07-17T14:15:13+00:00\" \/>\n<meta name=\"twitter:card\" content=\"summary_large_image\" \/>\n<meta name=\"twitter:label1\" content=\"Tiempo de lectura\" \/>\n\t<meta name=\"twitter:data1\" content=\"4 minutos\" \/>\n<script type=\"application\/ld+json\" class=\"yoast-schema-graph\">{\"@context\":\"https:\/\/schema.org\",\"@graph\":[{\"@type\":\"WebPage\",\"@id\":\"https:\/\/www.cutlerydryer.com\/es\/ventajas\/\",\"url\":\"https:\/\/www.cutlerydryer.com\/es\/ventajas\/\",\"name\":\"Ventajas - Cutlery Dryer\",\"isPartOf\":{\"@id\":\"http:\/\/www.cutlerydryer.com\/es\/#website\"},\"datePublished\":\"2023-05-29T15:35:26+00:00\",\"dateModified\":\"2023-07-17T14:15:13+00:00\",\"breadcrumb\":{\"@id\":\"https:\/\/www.cutlerydryer.com\/es\/ventajas\/#breadcrumb\"},\"inLanguage\":\"es\",\"potentialAction\":[{\"@type\":\"ReadAction\",\"target\":[\"https:\/\/www.cutlerydryer.com\/es\/ventajas\/\"]}]},{\"@type\":\"BreadcrumbList\",\"@id\":\"https:\/\/www.cutlerydryer.com\/es\/ventajas\/#breadcrumb\",\"itemListElement\":[{\"@type\":\"ListItem\",\"position\":1,\"name\":\"Home\",\"item\":\"https:\/\/www.cutlerydryer.com\/es\/\"},{\"@type\":\"ListItem\",\"position\":2,\"name\":\"Ventajas\"}]},{\"@type\":\"WebSite\",\"@id\":\"http:\/\/www.cutlerydryer.com\/es\/#website\",\"url\":\"http:\/\/www.cutlerydryer.com\/es\/\",\"name\":\"Cutlery Dryer\",\"description\":\"Asciuga posate professionali\",\"potentialAction\":[{\"@type\":\"SearchAction\",\"target\":{\"@type\":\"EntryPoint\",\"urlTemplate\":\"http:\/\/www.cutlerydryer.com\/es\/?s={search_term_string}\"},\"query-input\":{\"@type\":\"PropertyValueSpecification\",\"valueRequired\":true,\"valueName\":\"search_term_string\"}}],\"inLanguage\":\"es\"}]}<\/script>\n<!-- \/ Yoast SEO plugin. -->","yoast_head_json":{"title":"Ventajas - Cutlery Dryer","robots":{"index":"index","follow":"follow","max-snippet":"max-snippet:-1","max-image-preview":"max-image-preview:large","max-video-preview":"max-video-preview:-1"},"canonical":"https:\/\/www.cutlerydryer.com\/es\/ventajas\/","og_locale":"es_ES","og_type":"article","og_title":"Ventajas - Cutlery Dryer","og_description":"[vc_row bg_image=\u00bb19597&#8243; bg_repeat=\u00bbno-repeat\u00bb top_padding=\u00bb160&#8243; bottom_padding=\u00bb160&#8243;][vc_column column_center=\u00bbtrue\u00bb width=\u00bb1\/1&#8243;][\/vc_column][\/vc_row][vc_row bg_image=\u00bb19845&#8243; top_padding=\u00bb110&#8243; bottom_padding=\u00bb110&#8243; class=\u00bbvantaggi-container1&#8243;][vc_column width=\u00bb1\/6&#8243;][\/vc_column][vc_column width=\u00bb2\/3&#8243;][vc_row_inner][vc_column_inner width=\u00bb1\/4&#8243;][\/vc_column_inner][vc_column_inner width=\u00bb1\/2&#8243;][\/vc_column_inner][vc_column_inner width=\u00bb1\/4&#8243;][\/vc_column_inner][\/vc_row_inner][\/vc_column][vc_column width=\u00bb1\/6&#8243;][\/vc_column][\/vc_row][vc_row equal_height=\u00bbyes\u00bb top_padding=\u00bb110&#8243; bottom_padding=\u00bb110&#8243; class=\u00bbvantaggi-container2&#8243;][vc_column width=\u00bb1\/2&#8243;][\/vc_column][vc_column width=\u00bb1\/2&#8243;][\/vc_column][\/vc_row][vc_row bg_color=\u00bb#e9edee\u00bb top_padding=\u00bb110&#8243; bottom_padding=\u00bb110&#8243; class=\u00bbvantaggi-container3&#8243;][vc_column][\/vc_column][vc_column width=\u00bb1\/2&#8243;][\/vc_column][vc_column width=\u00bb1\/2&#8243;][\/vc_column][\/vc_row][vc_row content_placement=\u00bbbottom\u00bb bg_color=\u00bb#ffffff\u00bb top_padding=\u00bb60&#8243; bottom_padding=\u00bb60&#8243;][vc_column width=\u00bb1\/1&#8243;][\/vc_column][\/vc_row][vc_row bg_image=\u00bb19750&#8243; top_padding=\u00bb110&#8243; bottom_padding=\u00bb110&#8243; row_id=\u00bbarea-contacto\u00bb][vc_column width=\u00bb1\/2&#8243;][\/vc_column][vc_column width=\u00bb1\/2&#8243;][vc_column_text] [\/vc_column_text][\/vc_column][\/vc_row]","og_url":"https:\/\/www.cutlerydryer.com\/es\/ventajas\/","og_site_name":"Cutlery Dryer","article_modified_time":"2023-07-17T14:15:13+00:00","twitter_card":"summary_large_image","twitter_misc":{"Tiempo de lectura":"4 minutos"},"schema":{"@context":"https:\/\/schema.org","@graph":[{"@type":"WebPage","@id":"https:\/\/www.cutlerydryer.com\/es\/ventajas\/","url":"https:\/\/www.cutlerydryer.com\/es\/ventajas\/","name":"Ventajas - Cutlery Dryer","isPartOf":{"@id":"http:\/\/www.cutlerydryer.com\/es\/#website"},"datePublished":"2023-05-29T15:35:26+00:00","dateModified":"2023-07-17T14:15:13+00:00","breadcrumb":{"@id":"https:\/\/www.cutlerydryer.com\/es\/ventajas\/#breadcrumb"},"inLanguage":"es","potentialAction":[{"@type":"ReadAction","target":["https:\/\/www.cutlerydryer.com\/es\/ventajas\/"]}]},{"@type":"BreadcrumbList","@id":"https:\/\/www.cutlerydryer.com\/es\/ventajas\/#breadcrumb","itemListElement":[{"@type":"ListItem","position":1,"name":"Home","item":"https:\/\/www.cutlerydryer.com\/es\/"},{"@type":"ListItem","position":2,"name":"Ventajas"}]},{"@type":"WebSite","@id":"http:\/\/www.cutlerydryer.com\/es\/#website","url":"http:\/\/www.cutlerydryer.com\/es\/","name":"Cutlery Dryer","description":"Asciuga posate professionali","potentialAction":[{"@type":"SearchAction","target":{"@type":"EntryPoint","urlTemplate":"http:\/\/www.cutlerydryer.com\/es\/?s={search_term_string}"},"query-input":{"@type":"PropertyValueSpecification","valueRequired":true,"valueName":"search_term_string"}}],"inLanguage":"es"}]}},"_links":{"self":[{"href":"https:\/\/www.cutlerydryer.com\/es\/wp-json\/wp\/v2\/pages\/19843","targetHints":{"allow":["GET"]}}],"collection":[{"href":"https:\/\/www.cutlerydryer.com\/es\/wp-json\/wp\/v2\/pages"}],"about":[{"href":"https:\/\/www.cutlerydryer.com\/es\/wp-json\/wp\/v2\/types\/page"}],"author":[{"embeddable":true,"href":"https:\/\/www.cutlerydryer.com\/es\/wp-json\/wp\/v2\/users\/2"}],"replies":[{"embeddable":true,"href":"https:\/\/www.cutlerydryer.com\/es\/wp-json\/wp\/v2\/comments?post=19843"}],"version-history":[{"count":11,"href":"https:\/\/www.cutlerydryer.com\/es\/wp-json\/wp\/v2\/pages\/19843\/revisions"}],"predecessor-version":[{"id":20541,"href":"https:\/\/www.cutlerydryer.com\/es\/wp-json\/wp\/v2\/pages\/19843\/revisions\/20541"}],"wp:attachment":[{"href":"https:\/\/www.cutlerydryer.com\/es\/wp-json\/wp\/v2\/media?parent=19843"}],"curies":[{"name":"wp","href":"https:\/\/api.w.org\/{rel}","templated":true}]}}