
{"id":19814,"date":"2023-06-01T10:01:21","date_gmt":"2023-06-01T08:01:21","guid":{"rendered":"https:\/\/www.cutlerydryer.com\/?page_id=19814"},"modified":"2023-06-01T10:01:21","modified_gmt":"2023-06-01T08:01:21","slug":"contactos","status":"publish","type":"page","link":"https:\/\/www.cutlerydryer.com\/es\/contactos\/","title":{"rendered":"Contactos"},"content":{"rendered":"<div class=\"wpb-content-wrapper\"><p>[vc_row top_padding=\u00bb110&#8243; bottom_padding=\u00bb100&#8243;][vc_column width=\u00bb2\/3&#8243;][vc_column_text]<iframe style=\"border: 0;\" src=\"https:\/\/www.google.com\/maps\/embed?pb=!1m18!1m12!1m3!1d2791.4682395960713!2d12.87130325126552!3d45.60123357900028!2m3!1f0!2f0!3f0!3m2!1i1024!2i768!4f13.1!3m3!1m2!1s0x477bf1aec06572ab%3A0x9bd30931fe751058!2sViale%20dell'Artigiano%2C%2010%2C%2030021%20Caorle%20VE!5e0!3m2!1sit!2sit!4v1570132527512!5m2!1sit!2sit\" width=\"100%\" height=\"520\" frameborder=\"0\" allowfullscreen=\"allowfullscreen\"><\/iframe>[\/vc_column_text][\/vc_column][vc_column width=\u00bb1\/3&#8243; el_class=\u00bbcolonna-contatti\u00bb]<div class=\"iconbox  wpb_content_element iconbox-style-3 icon-color-greyscale color-dark\"><img src='https:\/\/www.cutlerydryer.com\/wp-content\/uploads\/indirizzp.png' class='iconimg' \/><h3>Direcci\u00f3n<\/h3><p>Via dell\u2019Artigiano, 10<br \/>\n30021 Caorle (VE)<\/p><\/div><div class=\"iconbox  wpb_content_element iconbox-style-3 icon-color-greyscale color-dark\"><img src='https:\/\/www.cutlerydryer.com\/wp-content\/uploads\/telefono.png' class='iconimg' \/><h3>Tel\u00e9fono<\/h3><p>Tel. 0421 210112<br \/>\nFax 0421 218266<\/p><\/div><div class=\"iconbox  wpb_content_element iconbox-style-3 icon-color-greyscale color-dark\"><img src='https:\/\/www.cutlerydryer.com\/wp-content\/uploads\/mail.png' class='iconimg' \/><h3>Email<\/h3><p><a href=\"mailto:info@tamaiequipment.com\">info@tamaiequipment.com<\/a><br \/>\nPEC: <a href=\"mailto:tamai@legalmail.it\">tamai@legalmail.it<\/a><\/p><\/div>[\/vc_column][\/vc_row][vc_row bg_image=\u00bb19750&#8243; top_padding=\u00bb110&#8243; bottom_padding=\u00bb110&#8243;][vc_column width=\u00bb1\/2&#8243;]<h1 class=\"headline font-special fontsize-xxxl fontweight-700 lh-inherit align-left transform-inherit \" style=\"margin: 20px 0 0 0; color: #ffffff;\">Rellenar el formulario<\/h1><h2 class=\"headline font-inherit fontsize-xxxl fontweight-inherit lh-inherit align-left transform-inherit \" style=\"margin: 0 0 20px 0; color: #ffffff;\">Obtenga m\u00e1s informaci\u00f3n o solicite una cotizaci\u00f3n<\/h2>[\/vc_column][vc_column width=\u00bb1\/2&#8243;][vc_column_text]<\/p>\n<p style=\"text-align: left;\">\n<div class=\"wpcf7 no-js\" id=\"wpcf7-f16360-o1\" lang=\"it-IT\" dir=\"ltr\" data-wpcf7-id=\"16360\">\n<div class=\"screen-reader-response\"><p role=\"status\" aria-live=\"polite\" aria-atomic=\"true\"><\/p> <ul><\/ul><\/div>\n<form action=\"\/es\/wp-json\/wp\/v2\/pages\/19814#wpcf7-f16360-o1\" method=\"post\" class=\"wpcf7-form init\" aria-label=\"Modulo di contatto\" novalidate=\"novalidate\" data-status=\"init\">\n<fieldset class=\"hidden-fields-container\"><input type=\"hidden\" name=\"_wpcf7\" value=\"16360\" \/><input type=\"hidden\" name=\"_wpcf7_version\" value=\"6.1.2\" \/><input type=\"hidden\" name=\"_wpcf7_locale\" value=\"it_IT\" \/><input type=\"hidden\" name=\"_wpcf7_unit_tag\" value=\"wpcf7-f16360-o1\" \/><input type=\"hidden\" name=\"_wpcf7_container_post\" value=\"0\" \/><input type=\"hidden\" name=\"_wpcf7_posted_data_hash\" value=\"\" \/>\n<\/fieldset>\n<p><span class=\"wpcf7-form-control-wrap\" data-name=\"your-name\"><input size=\"40\" maxlength=\"400\" class=\"wpcf7-form-control wpcf7-text wpcf7-validates-as-required\" aria-required=\"true\" aria-invalid=\"false\" placeholder=\"Nombre y Apellido*\" value=\"\" type=\"text\" name=\"your-name\" \/><\/span>\n<\/p>\n<p><span id=\"wpcf7-69e175e673b0f-wrapper\" class=\"wpcf7-form-control-wrap email-wrap\" style=\"display:none !important; visibility:hidden !important;\"><label for=\"wpcf7-69e175e673b0f-field\" class=\"hp-message\">Si prega di lasciare vuoto questo campo.<\/label><input id=\"wpcf7-69e175e673b0f-field\"  placeholder=\"email\"  class=\"wpcf7-form-control wpcf7-text\" type=\"text\" name=\"email\" value=\"\" size=\"40\" tabindex=\"-1\" autocomplete=\"new-password\" \/><\/span><span class=\"wpcf7-form-control-wrap\" data-name=\"your-email\"><input size=\"40\" maxlength=\"400\" class=\"wpcf7-form-control wpcf7-email wpcf7-validates-as-required wpcf7-text wpcf7-validates-as-email\" aria-required=\"true\" aria-invalid=\"false\" placeholder=\"Email*\" value=\"\" type=\"email\" name=\"your-email\" \/><\/span>\n<\/p>\n<p><span class=\"wpcf7-form-control-wrap\" data-name=\"categoria\"><select class=\"wpcf7-form-control wpcf7-select wpcf7-validates-as-required\" aria-required=\"true\" aria-invalid=\"false\" name=\"categoria\"><option value=\"\">&#8212;Seleziona un&#039;opzione&#8212;<\/option><option value=\"Usuario final\">Usuario final<\/option><option value=\"Distribuidor\">Distribuidor<\/option><\/select><\/span>\n<\/p>\n<p><span class=\"wpcf7-form-control-wrap\" data-name=\"your-message\"><textarea cols=\"40\" rows=\"10\" maxlength=\"2000\" class=\"wpcf7-form-control wpcf7-textarea wpcf7-validates-as-required\" aria-required=\"true\" aria-invalid=\"false\" placeholder=\"Comentarios*\" name=\"your-message\"><\/textarea><\/span>\n<\/p>\n<p><span class=\"wpcf7-form-control-wrap\" data-name=\"acceptance-634\"><span class=\"wpcf7-form-control wpcf7-acceptance\"><span class=\"wpcf7-list-item\"><label><input type=\"checkbox\" name=\"acceptance-634\" value=\"1\" aria-invalid=\"false\" \/><span class=\"wpcf7-list-item-label\">He le\u00eddo la informaci\u00f3n sobre el tratamiento de datos personales.<\/span><\/label><\/span><\/span><\/span>\n<\/p>\n<p><input class=\"wpcf7-form-control wpcf7-submit has-spinner submit-button\" type=\"submit\" value=\"ENVIAR MENSAJE\" \/>\n<\/p><p style=\"display: none !important;\" class=\"akismet-fields-container\" data-prefix=\"_wpcf7_ak_\"><label>&#916;<textarea name=\"_wpcf7_ak_hp_textarea\" cols=\"45\" rows=\"8\" maxlength=\"100\"><\/textarea><\/label><input type=\"hidden\" id=\"ak_js_1\" name=\"_wpcf7_ak_js\" value=\"233\"\/><script>document.getElementById( \"ak_js_1\" ).setAttribute( \"value\", ( new Date() ).getTime() );<\/script><\/p><input type='hidden' class='wpcf7-pum' value='{\"closepopup\":false,\"closedelay\":0,\"openpopup\":false,\"openpopup_id\":0}' \/><div class=\"wpcf7-response-output\" aria-hidden=\"true\"><\/div>\n<\/form>\n<\/div>\n<p>[\/vc_column_text][\/vc_column][\/vc_row]<\/p>\n<\/div>","protected":false},"excerpt":{"rendered":"<p>[vc_row top_padding=\u00bb110&#8243; bottom_padding=\u00bb100&#8243;][vc_column width=\u00bb2\/3&#8243;][vc_column_text][\/vc_column_text][\/vc_column][vc_column width=\u00bb1\/3&#8243; el_class=\u00bbcolonna-contatti\u00bb][\/vc_column][\/vc_row][vc_row bg_image=\u00bb19750&#8243; top_padding=\u00bb110&#8243; bottom_padding=\u00bb110&#8243;][vc_column width=\u00bb1\/2&#8243;][\/vc_column][vc_column width=\u00bb1\/2&#8243;][vc_column_text] [\/vc_column_text][\/vc_column][\/vc_row]<\/p>\n","protected":false},"author":2,"featured_media":0,"parent":0,"menu_order":0,"comment_status":"closed","ping_status":"closed","template":"","meta":{"_monsterinsights_skip_tracking":false,"_monsterinsights_sitenote_active":false,"_monsterinsights_sitenote_note":"","_monsterinsights_sitenote_category":0,"footnotes":""},"class_list":["post-19814","page","type-page","status-publish","hentry"],"yoast_head":"<!-- This site is optimized with the Yoast SEO plugin v26.0 - https:\/\/yoast.com\/wordpress\/plugins\/seo\/ -->\n<title>Contactos<\/title>\n<meta name=\"description\" content=\"Para m\u00e1s informaci\u00f3n, p\u00f3ngase en contacto con nosotros mediante el formulario de contacto\" \/>\n<meta name=\"robots\" content=\"index, follow, max-snippet:-1, max-image-preview:large, max-video-preview:-1\" \/>\n<link rel=\"canonical\" href=\"https:\/\/www.cutlerydryer.com\/es\/contactos\/\" \/>\n<meta property=\"og:locale\" content=\"es_ES\" \/>\n<meta property=\"og:type\" content=\"article\" \/>\n<meta property=\"og:title\" content=\"Contactos\" \/>\n<meta property=\"og:description\" content=\"Para m\u00e1s informaci\u00f3n, p\u00f3ngase en contacto con nosotros mediante el formulario de contacto\" \/>\n<meta property=\"og:url\" content=\"https:\/\/www.cutlerydryer.com\/es\/contactos\/\" \/>\n<meta property=\"og:site_name\" content=\"Cutlery Dryer\" \/>\n<meta name=\"twitter:card\" content=\"summary_large_image\" \/>\n<meta name=\"twitter:label1\" content=\"Tiempo de lectura\" \/>\n\t<meta name=\"twitter:data1\" content=\"1 minuto\" \/>\n<script type=\"application\/ld+json\" class=\"yoast-schema-graph\">{\"@context\":\"https:\/\/schema.org\",\"@graph\":[{\"@type\":\"WebPage\",\"@id\":\"https:\/\/www.cutlerydryer.com\/es\/contactos\/\",\"url\":\"https:\/\/www.cutlerydryer.com\/es\/contactos\/\",\"name\":\"Contactos\",\"isPartOf\":{\"@id\":\"http:\/\/www.cutlerydryer.com\/es\/#website\"},\"datePublished\":\"2023-06-01T08:01:21+00:00\",\"description\":\"Para m\u00e1s informaci\u00f3n, p\u00f3ngase en contacto con nosotros mediante el formulario de contacto\",\"breadcrumb\":{\"@id\":\"https:\/\/www.cutlerydryer.com\/es\/contactos\/#breadcrumb\"},\"inLanguage\":\"es\",\"potentialAction\":[{\"@type\":\"ReadAction\",\"target\":[\"https:\/\/www.cutlerydryer.com\/es\/contactos\/\"]}]},{\"@type\":\"BreadcrumbList\",\"@id\":\"https:\/\/www.cutlerydryer.com\/es\/contactos\/#breadcrumb\",\"itemListElement\":[{\"@type\":\"ListItem\",\"position\":1,\"name\":\"Home\",\"item\":\"https:\/\/www.cutlerydryer.com\/es\/\"},{\"@type\":\"ListItem\",\"position\":2,\"name\":\"Contactos\"}]},{\"@type\":\"WebSite\",\"@id\":\"http:\/\/www.cutlerydryer.com\/es\/#website\",\"url\":\"http:\/\/www.cutlerydryer.com\/es\/\",\"name\":\"Cutlery Dryer\",\"description\":\"Asciuga posate professionali\",\"potentialAction\":[{\"@type\":\"SearchAction\",\"target\":{\"@type\":\"EntryPoint\",\"urlTemplate\":\"http:\/\/www.cutlerydryer.com\/es\/?s={search_term_string}\"},\"query-input\":{\"@type\":\"PropertyValueSpecification\",\"valueRequired\":true,\"valueName\":\"search_term_string\"}}],\"inLanguage\":\"es\"}]}<\/script>\n<!-- \/ Yoast SEO plugin. -->","yoast_head_json":{"title":"Contactos","description":"Para m\u00e1s informaci\u00f3n, p\u00f3ngase en contacto con nosotros mediante el formulario de contacto","robots":{"index":"index","follow":"follow","max-snippet":"max-snippet:-1","max-image-preview":"max-image-preview:large","max-video-preview":"max-video-preview:-1"},"canonical":"https:\/\/www.cutlerydryer.com\/es\/contactos\/","og_locale":"es_ES","og_type":"article","og_title":"Contactos","og_description":"Para m\u00e1s informaci\u00f3n, p\u00f3ngase en contacto con nosotros mediante el formulario de contacto","og_url":"https:\/\/www.cutlerydryer.com\/es\/contactos\/","og_site_name":"Cutlery Dryer","twitter_card":"summary_large_image","twitter_misc":{"Tiempo de lectura":"1 minuto"},"schema":{"@context":"https:\/\/schema.org","@graph":[{"@type":"WebPage","@id":"https:\/\/www.cutlerydryer.com\/es\/contactos\/","url":"https:\/\/www.cutlerydryer.com\/es\/contactos\/","name":"Contactos","isPartOf":{"@id":"http:\/\/www.cutlerydryer.com\/es\/#website"},"datePublished":"2023-06-01T08:01:21+00:00","description":"Para m\u00e1s informaci\u00f3n, p\u00f3ngase en contacto con nosotros mediante el formulario de contacto","breadcrumb":{"@id":"https:\/\/www.cutlerydryer.com\/es\/contactos\/#breadcrumb"},"inLanguage":"es","potentialAction":[{"@type":"ReadAction","target":["https:\/\/www.cutlerydryer.com\/es\/contactos\/"]}]},{"@type":"BreadcrumbList","@id":"https:\/\/www.cutlerydryer.com\/es\/contactos\/#breadcrumb","itemListElement":[{"@type":"ListItem","position":1,"name":"Home","item":"https:\/\/www.cutlerydryer.com\/es\/"},{"@type":"ListItem","position":2,"name":"Contactos"}]},{"@type":"WebSite","@id":"http:\/\/www.cutlerydryer.com\/es\/#website","url":"http:\/\/www.cutlerydryer.com\/es\/","name":"Cutlery Dryer","description":"Asciuga posate professionali","potentialAction":[{"@type":"SearchAction","target":{"@type":"EntryPoint","urlTemplate":"http:\/\/www.cutlerydryer.com\/es\/?s={search_term_string}"},"query-input":{"@type":"PropertyValueSpecification","valueRequired":true,"valueName":"search_term_string"}}],"inLanguage":"es"}]}},"_links":{"self":[{"href":"https:\/\/www.cutlerydryer.com\/es\/wp-json\/wp\/v2\/pages\/19814","targetHints":{"allow":["GET"]}}],"collection":[{"href":"https:\/\/www.cutlerydryer.com\/es\/wp-json\/wp\/v2\/pages"}],"about":[{"href":"https:\/\/www.cutlerydryer.com\/es\/wp-json\/wp\/v2\/types\/page"}],"author":[{"embeddable":true,"href":"https:\/\/www.cutlerydryer.com\/es\/wp-json\/wp\/v2\/users\/2"}],"replies":[{"embeddable":true,"href":"https:\/\/www.cutlerydryer.com\/es\/wp-json\/wp\/v2\/comments?post=19814"}],"version-history":[{"count":2,"href":"https:\/\/www.cutlerydryer.com\/es\/wp-json\/wp\/v2\/pages\/19814\/revisions"}],"predecessor-version":[{"id":20210,"href":"https:\/\/www.cutlerydryer.com\/es\/wp-json\/wp\/v2\/pages\/19814\/revisions\/20210"}],"wp:attachment":[{"href":"https:\/\/www.cutlerydryer.com\/es\/wp-json\/wp\/v2\/media?parent=19814"}],"curies":[{"name":"wp","href":"https:\/\/api.w.org\/{rel}","templated":true}]}}