
{"id":19762,"date":"2023-06-05T16:42:07","date_gmt":"2023-06-05T14:42:07","guid":{"rendered":"https:\/\/www.cutlerydryer.com\/?page_id=19762"},"modified":"2023-06-13T15:43:29","modified_gmt":"2023-06-13T13:43:29","slug":"compania","status":"publish","type":"page","link":"https:\/\/www.cutlerydryer.com\/es\/compania\/","title":{"rendered":"Compa\u00f1\u00eda"},"content":{"rendered":"<div class=\"wpb-content-wrapper\"><p>[vc_row top_padding=\u00bb110&#8243; bottom_padding=\u00bb30&#8243;][vc_column width=\u00bb1\/6&#8243;][\/vc_column][vc_column width=\u00bb2\/3&#8243;]<h1 class=\"headline font-special fontsize-xxxl fontweight-700 lh-inherit align-center transform-inherit \" style=\"margin: 20px 0 0 0; color: #00a160;\">Empresa con cuarenta an\u0303os de experiencia<\/h1><h1 class=\"headline font-special fontsize-xxxl fontweight-700 lh-inherit align-center transform-inherit \" style=\"margin: 20px 0 0 0;\">en el sector de equipos para la restauracio\u0301n.<\/h1>[\/vc_column][vc_column width=\u00bb1\/6&#8243;][\/vc_column][\/vc_row][vc_row bg_position=\u00bbleft top\u00bb][vc_column width=\u00bb1\/2&#8243;][vc_column_text]Empresa con cuarenta an\u0303os de experiencia en el sector de equipos para la restauracio\u0301n, especializada en la produccio\u0301n de secadores de cubiertos profesionales. Todos nuestros productos se realizan con materiales de o\u0301ptima calidad (MADE IN ITALY), constantemente probados durante la fase de produccio\u0301n y conformes con las leyes y normativas vigentes.[\/vc_column_text][\/vc_column][vc_column width=\u00bb1\/2&#8243;][vc_column_text]1999 \u2013 2019: con ocasi\u00f3n del vig\u00e9simo aniversario nace la l\u00ednea EVOLUTION presentada en HOST.<\/p>\n<p><strong>Todos nuestros productos son fabricados con materiales\u00a0MADE IN ITALY\u00a0de alta calidad, de conformidad con las normativas y leyes vigentes.<\/strong>[\/vc_column_text][\/vc_column][\/vc_row][vc_row][vc_column width=\u00bb1\/1&#8243;]<div class=\"flexslider wpb_content_element\"><ul class=\"slides\"><li><img decoding=\"async\" src=\"https:\/\/www.cutlerydryer.com\/wp-content\/uploads\/1.jpg\" alt=\"\" \/><\/li><li><img decoding=\"async\" src=\"https:\/\/www.cutlerydryer.com\/wp-content\/uploads\/2.jpg\" alt=\"\" \/><\/li><li><img decoding=\"async\" src=\"https:\/\/www.cutlerydryer.com\/wp-content\/uploads\/3.jpg\" alt=\"\" \/><\/li><li><img decoding=\"async\" src=\"https:\/\/www.cutlerydryer.com\/wp-content\/uploads\/4.jpg\" alt=\"\" \/><\/li><li><img decoding=\"async\" src=\"https:\/\/www.cutlerydryer.com\/wp-content\/uploads\/5.jpg\" alt=\"\" \/><\/li><li><img decoding=\"async\" src=\"https:\/\/www.cutlerydryer.com\/wp-content\/uploads\/6.jpg\" alt=\"\" \/><\/li><\/ul><\/div>[\/vc_column][\/vc_row][vc_row bg_image=\u00bb19750&#8243; top_padding=\u00bb110&#8243; bottom_padding=\u00bb110&#8243;][vc_column width=\u00bb1\/2&#8243;]<h1 class=\"headline font-special fontsize-xxxl fontweight-700 lh-inherit align-left transform-inherit \" style=\"margin: 20px 0 0 0; color: #ffffff;\">Rellenar el formulario<\/h1><h2 class=\"headline font-inherit fontsize-xxxl fontweight-inherit lh-inherit align-left transform-inherit \" style=\"margin: 0 0 20px 0; color: #ffffff;\">Obtenga m\u00e1s informaci\u00f3n o solicite una cotizaci\u00f3n<\/h2>[\/vc_column][vc_column width=\u00bb1\/2&#8243;][vc_column_text]<\/p>\n<p style=\"text-align: left;\">\n<div class=\"wpcf7 no-js\" id=\"wpcf7-f16360-o1\" lang=\"it-IT\" dir=\"ltr\" data-wpcf7-id=\"16360\">\n<div class=\"screen-reader-response\"><p role=\"status\" aria-live=\"polite\" aria-atomic=\"true\"><\/p> <ul><\/ul><\/div>\n<form action=\"\/es\/wp-json\/wp\/v2\/pages\/19762#wpcf7-f16360-o1\" method=\"post\" class=\"wpcf7-form init\" aria-label=\"Modulo di contatto\" novalidate=\"novalidate\" data-status=\"init\">\n<fieldset class=\"hidden-fields-container\"><input type=\"hidden\" name=\"_wpcf7\" value=\"16360\" \/><input type=\"hidden\" name=\"_wpcf7_version\" value=\"6.1.2\" \/><input type=\"hidden\" name=\"_wpcf7_locale\" value=\"it_IT\" \/><input type=\"hidden\" name=\"_wpcf7_unit_tag\" value=\"wpcf7-f16360-o1\" \/><input type=\"hidden\" name=\"_wpcf7_container_post\" value=\"0\" \/><input type=\"hidden\" name=\"_wpcf7_posted_data_hash\" value=\"\" \/>\n<\/fieldset>\n<p><span class=\"wpcf7-form-control-wrap\" data-name=\"your-name\"><input size=\"40\" maxlength=\"400\" class=\"wpcf7-form-control wpcf7-text wpcf7-validates-as-required\" aria-required=\"true\" aria-invalid=\"false\" placeholder=\"Nombre y Apellido*\" value=\"\" type=\"text\" name=\"your-name\" \/><\/span>\n<\/p>\n<p><span id=\"wpcf7-69e181f7b1b25-wrapper\" class=\"wpcf7-form-control-wrap email-wrap\" style=\"display:none !important; visibility:hidden !important;\"><label for=\"wpcf7-69e181f7b1b25-field\" class=\"hp-message\">Si prega di lasciare vuoto questo campo.<\/label><input id=\"wpcf7-69e181f7b1b25-field\"  placeholder=\"email\"  class=\"wpcf7-form-control wpcf7-text\" type=\"text\" name=\"email\" value=\"\" size=\"40\" tabindex=\"-1\" autocomplete=\"new-password\" \/><\/span><span class=\"wpcf7-form-control-wrap\" data-name=\"your-email\"><input size=\"40\" maxlength=\"400\" class=\"wpcf7-form-control wpcf7-email wpcf7-validates-as-required wpcf7-text wpcf7-validates-as-email\" aria-required=\"true\" aria-invalid=\"false\" placeholder=\"Email*\" value=\"\" type=\"email\" name=\"your-email\" \/><\/span>\n<\/p>\n<p><span class=\"wpcf7-form-control-wrap\" data-name=\"categoria\"><select class=\"wpcf7-form-control wpcf7-select wpcf7-validates-as-required\" aria-required=\"true\" aria-invalid=\"false\" name=\"categoria\"><option value=\"\">&#8212;Seleziona un&#039;opzione&#8212;<\/option><option value=\"Usuario final\">Usuario final<\/option><option value=\"Distribuidor\">Distribuidor<\/option><\/select><\/span>\n<\/p>\n<p><span class=\"wpcf7-form-control-wrap\" data-name=\"your-message\"><textarea cols=\"40\" rows=\"10\" maxlength=\"2000\" class=\"wpcf7-form-control wpcf7-textarea wpcf7-validates-as-required\" aria-required=\"true\" aria-invalid=\"false\" placeholder=\"Comentarios*\" name=\"your-message\"><\/textarea><\/span>\n<\/p>\n<p><span class=\"wpcf7-form-control-wrap\" data-name=\"acceptance-634\"><span class=\"wpcf7-form-control wpcf7-acceptance\"><span class=\"wpcf7-list-item\"><label><input type=\"checkbox\" name=\"acceptance-634\" value=\"1\" aria-invalid=\"false\" \/><span class=\"wpcf7-list-item-label\">He le\u00eddo la informaci\u00f3n sobre el tratamiento de datos personales.<\/span><\/label><\/span><\/span><\/span>\n<\/p>\n<p><input class=\"wpcf7-form-control wpcf7-submit has-spinner submit-button\" type=\"submit\" value=\"ENVIAR MENSAJE\" \/>\n<\/p><p style=\"display: none !important;\" class=\"akismet-fields-container\" data-prefix=\"_wpcf7_ak_\"><label>&#916;<textarea name=\"_wpcf7_ak_hp_textarea\" cols=\"45\" rows=\"8\" maxlength=\"100\"><\/textarea><\/label><input type=\"hidden\" id=\"ak_js_1\" name=\"_wpcf7_ak_js\" value=\"191\"\/><script>document.getElementById( \"ak_js_1\" ).setAttribute( \"value\", ( new Date() ).getTime() );<\/script><\/p><input type='hidden' class='wpcf7-pum' value='{\"closepopup\":false,\"closedelay\":0,\"openpopup\":false,\"openpopup_id\":0}' \/><div class=\"wpcf7-response-output\" aria-hidden=\"true\"><\/div>\n<\/form>\n<\/div>\n<p>[\/vc_column_text][\/vc_column][\/vc_row]<\/p>\n<\/div>","protected":false},"excerpt":{"rendered":"<p>[vc_row top_padding=\u00bb110&#8243; bottom_padding=\u00bb30&#8243;][vc_column width=\u00bb1\/6&#8243;][\/vc_column][vc_column width=\u00bb2\/3&#8243;][\/vc_column][vc_column width=\u00bb1\/6&#8243;][\/vc_column][\/vc_row][vc_row bg_position=\u00bbleft top\u00bb][vc_column width=\u00bb1\/2&#8243;][vc_column_text]Empresa con cuarenta an\u0303os de experiencia en el sector de equipos para la restauracio\u0301n, especializada en la produccio\u0301n de secadores de cubiertos profesionales. Todos nuestros productos se realizan con materiales de o\u0301ptima calidad (MADE IN ITALY), constantemente probados durante la fase de produccio\u0301n y conformes con las leyes y normativas vigentes.[\/vc_column_text][\/vc_column][vc_column width=\u00bb1\/2&#8243;][vc_column_text]1999 \u2013 2019: con ocasi\u00f3n del vig\u00e9simo aniversario nace la l\u00ednea EVOLUTION presentada en HOST. Todos nuestros productos son fabricados con materiales\u00a0MADE IN ITALY\u00a0de alta calidad, de conformidad con las normativas y leyes vigentes.[\/vc_column_text][\/vc_column][\/vc_row][vc_row][vc_column width=\u00bb1\/1&#8243;][\/vc_column][\/vc_row][vc_row bg_image=\u00bb19750&#8243; top_padding=\u00bb110&#8243; bottom_padding=\u00bb110&#8243;][vc_column width=\u00bb1\/2&#8243;][\/vc_column][vc_column width=\u00bb1\/2&#8243;][vc_column_text] [\/vc_column_text][\/vc_column][\/vc_row]<\/p>\n","protected":false},"author":2,"featured_media":0,"parent":0,"menu_order":0,"comment_status":"closed","ping_status":"closed","template":"","meta":{"_monsterinsights_skip_tracking":false,"_monsterinsights_sitenote_active":false,"_monsterinsights_sitenote_note":"","_monsterinsights_sitenote_category":0,"footnotes":""},"class_list":["post-19762","page","type-page","status-publish","hentry"],"yoast_head":"<!-- This site is optimized with the Yoast SEO plugin v26.0 - https:\/\/yoast.com\/wordpress\/plugins\/seo\/ -->\n<title>Compa\u00f1\u00eda<\/title>\n<meta name=\"description\" content=\"Empresa con treinta a\u00f1os de experiencia en el sector de equipos para la restauraci\u00f3n, especializada en la producci\u00f3n de secadores de cubiertos profesionales made in Italy.\" \/>\n<meta name=\"robots\" content=\"index, follow, max-snippet:-1, max-image-preview:large, max-video-preview:-1\" \/>\n<link rel=\"canonical\" href=\"https:\/\/www.cutlerydryer.com\/es\/compania\/\" \/>\n<meta property=\"og:locale\" content=\"es_ES\" \/>\n<meta property=\"og:type\" content=\"article\" \/>\n<meta property=\"og:title\" content=\"Compa\u00f1\u00eda\" \/>\n<meta property=\"og:description\" content=\"Empresa con treinta a\u00f1os de experiencia en el sector de equipos para la restauraci\u00f3n, especializada en la producci\u00f3n de secadores de cubiertos profesionales made in Italy.\" \/>\n<meta property=\"og:url\" content=\"https:\/\/www.cutlerydryer.com\/es\/compania\/\" \/>\n<meta property=\"og:site_name\" content=\"Cutlery Dryer\" \/>\n<meta property=\"article:modified_time\" content=\"2023-06-13T13:43:29+00:00\" \/>\n<meta name=\"twitter:card\" content=\"summary_large_image\" \/>\n<meta name=\"twitter:label1\" content=\"Tiempo de lectura\" \/>\n\t<meta name=\"twitter:data1\" content=\"1 minuto\" \/>\n<script type=\"application\/ld+json\" class=\"yoast-schema-graph\">{\"@context\":\"https:\/\/schema.org\",\"@graph\":[{\"@type\":\"WebPage\",\"@id\":\"https:\/\/www.cutlerydryer.com\/es\/compania\/\",\"url\":\"https:\/\/www.cutlerydryer.com\/es\/compania\/\",\"name\":\"Compa\u00f1\u00eda\",\"isPartOf\":{\"@id\":\"http:\/\/www.cutlerydryer.com\/es\/#website\"},\"datePublished\":\"2023-06-05T14:42:07+00:00\",\"dateModified\":\"2023-06-13T13:43:29+00:00\",\"description\":\"Empresa con treinta a\u00f1os de experiencia en el sector de equipos para la restauraci\u00f3n, especializada en la producci\u00f3n de secadores de cubiertos profesionales made in Italy.\",\"breadcrumb\":{\"@id\":\"https:\/\/www.cutlerydryer.com\/es\/compania\/#breadcrumb\"},\"inLanguage\":\"es\",\"potentialAction\":[{\"@type\":\"ReadAction\",\"target\":[\"https:\/\/www.cutlerydryer.com\/es\/compania\/\"]}]},{\"@type\":\"BreadcrumbList\",\"@id\":\"https:\/\/www.cutlerydryer.com\/es\/compania\/#breadcrumb\",\"itemListElement\":[{\"@type\":\"ListItem\",\"position\":1,\"name\":\"Home\",\"item\":\"https:\/\/www.cutlerydryer.com\/es\/\"},{\"@type\":\"ListItem\",\"position\":2,\"name\":\"Compa\u00f1\u00eda\"}]},{\"@type\":\"WebSite\",\"@id\":\"http:\/\/www.cutlerydryer.com\/es\/#website\",\"url\":\"http:\/\/www.cutlerydryer.com\/es\/\",\"name\":\"Cutlery Dryer\",\"description\":\"Asciuga posate professionali\",\"potentialAction\":[{\"@type\":\"SearchAction\",\"target\":{\"@type\":\"EntryPoint\",\"urlTemplate\":\"http:\/\/www.cutlerydryer.com\/es\/?s={search_term_string}\"},\"query-input\":{\"@type\":\"PropertyValueSpecification\",\"valueRequired\":true,\"valueName\":\"search_term_string\"}}],\"inLanguage\":\"es\"}]}<\/script>\n<!-- \/ Yoast SEO plugin. -->","yoast_head_json":{"title":"Compa\u00f1\u00eda","description":"Empresa con treinta a\u00f1os de experiencia en el sector de equipos para la restauraci\u00f3n, especializada en la producci\u00f3n de secadores de cubiertos profesionales made in Italy.","robots":{"index":"index","follow":"follow","max-snippet":"max-snippet:-1","max-image-preview":"max-image-preview:large","max-video-preview":"max-video-preview:-1"},"canonical":"https:\/\/www.cutlerydryer.com\/es\/compania\/","og_locale":"es_ES","og_type":"article","og_title":"Compa\u00f1\u00eda","og_description":"Empresa con treinta a\u00f1os de experiencia en el sector de equipos para la restauraci\u00f3n, especializada en la producci\u00f3n de secadores de cubiertos profesionales made in Italy.","og_url":"https:\/\/www.cutlerydryer.com\/es\/compania\/","og_site_name":"Cutlery Dryer","article_modified_time":"2023-06-13T13:43:29+00:00","twitter_card":"summary_large_image","twitter_misc":{"Tiempo de lectura":"1 minuto"},"schema":{"@context":"https:\/\/schema.org","@graph":[{"@type":"WebPage","@id":"https:\/\/www.cutlerydryer.com\/es\/compania\/","url":"https:\/\/www.cutlerydryer.com\/es\/compania\/","name":"Compa\u00f1\u00eda","isPartOf":{"@id":"http:\/\/www.cutlerydryer.com\/es\/#website"},"datePublished":"2023-06-05T14:42:07+00:00","dateModified":"2023-06-13T13:43:29+00:00","description":"Empresa con treinta a\u00f1os de experiencia en el sector de equipos para la restauraci\u00f3n, especializada en la producci\u00f3n de secadores de cubiertos profesionales made in Italy.","breadcrumb":{"@id":"https:\/\/www.cutlerydryer.com\/es\/compania\/#breadcrumb"},"inLanguage":"es","potentialAction":[{"@type":"ReadAction","target":["https:\/\/www.cutlerydryer.com\/es\/compania\/"]}]},{"@type":"BreadcrumbList","@id":"https:\/\/www.cutlerydryer.com\/es\/compania\/#breadcrumb","itemListElement":[{"@type":"ListItem","position":1,"name":"Home","item":"https:\/\/www.cutlerydryer.com\/es\/"},{"@type":"ListItem","position":2,"name":"Compa\u00f1\u00eda"}]},{"@type":"WebSite","@id":"http:\/\/www.cutlerydryer.com\/es\/#website","url":"http:\/\/www.cutlerydryer.com\/es\/","name":"Cutlery Dryer","description":"Asciuga posate professionali","potentialAction":[{"@type":"SearchAction","target":{"@type":"EntryPoint","urlTemplate":"http:\/\/www.cutlerydryer.com\/es\/?s={search_term_string}"},"query-input":{"@type":"PropertyValueSpecification","valueRequired":true,"valueName":"search_term_string"}}],"inLanguage":"es"}]}},"_links":{"self":[{"href":"https:\/\/www.cutlerydryer.com\/es\/wp-json\/wp\/v2\/pages\/19762","targetHints":{"allow":["GET"]}}],"collection":[{"href":"https:\/\/www.cutlerydryer.com\/es\/wp-json\/wp\/v2\/pages"}],"about":[{"href":"https:\/\/www.cutlerydryer.com\/es\/wp-json\/wp\/v2\/types\/page"}],"author":[{"embeddable":true,"href":"https:\/\/www.cutlerydryer.com\/es\/wp-json\/wp\/v2\/users\/2"}],"replies":[{"embeddable":true,"href":"https:\/\/www.cutlerydryer.com\/es\/wp-json\/wp\/v2\/comments?post=19762"}],"version-history":[{"count":3,"href":"https:\/\/www.cutlerydryer.com\/es\/wp-json\/wp\/v2\/pages\/19762\/revisions"}],"predecessor-version":[{"id":20445,"href":"https:\/\/www.cutlerydryer.com\/es\/wp-json\/wp\/v2\/pages\/19762\/revisions\/20445"}],"wp:attachment":[{"href":"https:\/\/www.cutlerydryer.com\/es\/wp-json\/wp\/v2\/media?parent=19762"}],"curies":[{"name":"wp","href":"https:\/\/api.w.org\/{rel}","templated":true}]}}