
{"id":16530,"date":"2016-03-04T15:54:23","date_gmt":"2016-03-04T14:54:23","guid":{"rendered":"http:\/\/dacos2.dacos.it\/es\/?page_id=16530"},"modified":"2025-09-02T11:38:30","modified_gmt":"2025-09-02T09:38:30","slug":"tornado","status":"publish","type":"page","link":"https:\/\/www.cutlerydryer.com\/es\/tornado\/","title":{"rendered":"SECADORES DE CUBIERTOS TORNADO EVO"},"content":{"rendered":"<div class=\"wpb-content-wrapper\"><p>[vc_row top_padding=\u00bb140&#8243; class=\u00bbimg-desc-prodotto\u00bb][vc_column width=\u00bb1\/2&#8243;]<div class=\"flexslider wpb_content_element\"><ul class=\"slides\"><li><img decoding=\"async\" src=\"https:\/\/www.cutlerydryer.com\/wp-content\/uploads\/tornado.jpg\" alt=\"\" \/><\/li><li><img decoding=\"async\" src=\"https:\/\/www.cutlerydryer.com\/wp-content\/uploads\/tornado-dettaglio2.jpg\" alt=\"\" \/><\/li><li><img decoding=\"async\" src=\"https:\/\/www.cutlerydryer.com\/wp-content\/uploads\/tornado-dettaglio1.jpg\" alt=\"\" \/><\/li><\/ul><\/div>[\/vc_column][vc_column width=\u00bb1\/2&#8243;]<h1 class=\"headline font-inherit fontsize-inherit fontweight-700 lh-inherit align-left transform-inherit \" style=\"margin: 20px 0 0 0; color: #00a160;\">TORNADO evo<\/h1><h3 class=\"headline font-inherit fontsize-inherit fontweight-700 lh-inherit align-left transform-inherit \" style=\"margin: 20px 0 0 0;\">Cod. 410 evo<\/h3><div class=\"spacer\" style=\"height: 20px;\"><\/div>[vc_column_text]Modelo autom\u00e1tico con ruedas. Recomendado para m\u00e1s de 250 plazas. Entrada de los cubiertos en la parte superior y salida en la parte frontal.[\/vc_column_text]<a href=\"http:\/\/www.cutlerydryer.com\/wp-content\/uploads\/ESP-Tamai_2025.pdf\" target=\"_blank\" class=\"button color-8 medium \" style=\"border-radius: ;\">DESCARGAR FOLLETO<\/a><div class=\"divider divider1\" style='margin:30px 0 30px 0 !important;'><\/div><a href=\"#area-contacto\" target=\"_blank\" class=\"button color-3 large \" style=\"border-radius: ;\">INFORMACI\u00d3N REQUERIDA<\/a>[\/vc_column][\/vc_row][vc_row bg_color=\u00bb#E9EDEE\u00bb bg_position=\u00bbleft top\u00bb][vc_column column_padding=\u00bbpadding-5&#8243; text_color=\u00bbcustom\u00bb custom_text_color=\u00bb#01874a\u00bb width=\u00bb1\/1&#8243;]<div class=\"video-embed  wpb_content_element\"><iframe title=\"TORNADOevo\" width=\"1161\" height=\"653\" src=\"https:\/\/www.youtube.com\/embed\/csdgT8q3CiI?feature=oembed\" frameborder=\"0\" allow=\"accelerometer; autoplay; clipboard-write; encrypted-media; gyroscope; picture-in-picture; web-share\" referrerpolicy=\"strict-origin-when-cross-origin\" allowfullscreen><\/iframe><\/div>[vc_row_inner el_class=\u00bbspecifiche-prodotto\u00bb][vc_column_inner width=\u00bb1\/3&#8243;]<div class=\"iconbox  iconbox-style-10 icon-color-greyscale color-dark clearfix\"><i class=\"fa  boxicon\" style=\"\"><\/i><h3>Active Control<\/h3><p>Equipado con tecnolog\u00eda ACTIVE CONTROL con tarjeta que permite seguir de manera simple e intuitiva las diferentes fases de funcionamiento de su secadora de cubiertos directamente desde el panel de control.<\/p><\/div><div class=\"iconbox  iconbox-style-10 icon-color-greyscale color-dark clearfix\"><i class=\"fa  boxicon\" style=\"\"><\/i><h3>Fases<\/h3><p>Start &#8211; calentamiento &#8211; secado.<\/p><\/div>[\/vc_column_inner][vc_column_inner width=\u00bb1\/3&#8243;]<div class=\"iconbox  iconbox-style-10 icon-color-greyscale color-dark clearfix\"><i class=\"fa  boxicon\" style=\"\"><\/i><h3>Funci\u00f3n Standby<\/h3><p>La m\u00e1quina se queda en pausa, reinici\u00e1ndose ocasionalmente para estar siempre lista para el utilizo.<\/p><\/div><div class=\"iconbox  iconbox-style-10 icon-color-greyscale color-dark clearfix\"><i class=\"fa  boxicon\" style=\"\"><\/i><h3>Reemplazar tusa de ma\u00edz<\/h3><p>Aviso no bloqueante que se\u00f1ala que hay que reemplazar la tusa de ma\u00edz.<\/p><\/div>[\/vc_column_inner][vc_column_inner width=\u00bb1\/3&#8243;]<div class=\"iconbox  iconbox-style-10 icon-color-greyscale color-dark clearfix\"><i class=\"fa  boxicon\" style=\"\"><\/i><h3>Modo de empleo<\/h3><p>Introducir continuamente los cubiertos mojados y escurridos, de la rampa en la parte superior de la m\u00e1quina.<\/p><\/div><div class=\"iconbox  iconbox-style-10 icon-color-greyscale color-dark clearfix\"><i class=\"fa  boxicon\" style=\"\"><\/i><h3>Resultado<\/h3><p>Los cubiertos deslizan en un tanque espiral en acero inox AISI 304, inmersos en la tusa de ma\u00edz de alta temperatura, para que sean secados, abrillantados y HIGIENIZADOS.<\/p><\/div>[\/vc_column_inner][\/vc_row_inner][\/vc_column][\/vc_row][vc_row class=\u00bbproduct-optional\u00bb bg_position=\u00bbleft top\u00bb][vc_column column_padding=\u00bbpadding-5&#8243; text_color=\u00bbcustom\u00bb custom_text_color=\u00bb#01874a\u00bb width=\u00bb1\/1&#8243;]<h1 class=\"headline font-inherit fontsize-inherit fontweight-700 lh-inherit align-center transform-inherit \" style=\"margin: 20px 0 0 0; color: #00a160;\">Optional<\/h1><div class=\"spacer\" style=\"height: 20px;\"><\/div>[vc_row_inner][vc_column_inner width=\u00bb1\/3&#8243;]<div class=\"single_image wpb_content_element align-left  animate  image_opacity\" data-animation=\"fade-in-from-right\" data-delay=\"0\"><img fetchpriority=\"high\" decoding=\"async\" width=\"1200\" height=\"1095\" src=\"https:\/\/www.cutlerydryer.com\/wp-content\/uploads\/tutolo-5kg-1.jpg\" class=\"attachment-full\" alt=\"\" title=\"tutolo\" \/><\/div><h3 class=\"headline font-inherit fontsize-inherit fontweight-700 lh-inherit align-left transform-inherit \" style=\"margin: 0 0 20px 0; color: #00a160;\">TUSA DE MA\u00cdZ 5KG<\/h3><h6 class=\"headline font-inherit fontsize-inherit fontweight-inherit lh-inherit align-left transform-inherit \" style=\"margin: 0 0 20px 0;\">Cod. 501<\/h6>[\/vc_column_inner][vc_column_inner width=\u00bb1\/3&#8243;]<div class=\"single_image wpb_content_element align-center  animate  image_opacity\" data-animation=\"fade-in-from-right\" data-delay=\"0\"><img decoding=\"async\" width=\"1200\" height=\"1095\" src=\"https:\/\/www.cutlerydryer.com\/wp-content\/uploads\/cesto-tornado-1.jpg\" class=\"attachment-full\" alt=\"\" title=\"CESTO TORNADO\" \/><\/div><h3 class=\"headline font-inherit fontsize-inherit fontweight-700 lh-inherit align-left transform-inherit \" style=\"margin: 0 0 20px 0; color: #00a160;\">CESTO CUBIERTOSS<\/h3><h6 class=\"headline font-inherit fontsize-inherit fontweight-inherit lh-inherit align-left transform-inherit \" style=\"margin: 0 0 20px 0;\">Cod. 4101<\/h6>[\/vc_column_inner][vc_column_inner width=\u00bb1\/3&#8243;]<div class=\"single_image wpb_content_element align-center  animate  image_opacity\" data-animation=\"fade-in-from-right\" data-delay=\"0\"><img decoding=\"async\" width=\"1200\" height=\"1095\" src=\"https:\/\/www.cutlerydryer.com\/wp-content\/uploads\/supporto-cesto-tornado-1.jpg\" class=\"attachment-full\" alt=\"\" title=\"SUPPORTO CESTO TORNADO\" \/><\/div><h3 class=\"headline font-inherit fontsize-inherit fontweight-700 lh-inherit align-left transform-inherit \" style=\"margin: 0 0 20px 0; color: #00a160;\">SOPORTE CON RUEDAS<\/h3><h6 class=\"headline font-inherit fontsize-inherit fontweight-inherit lh-inherit align-left transform-inherit \" style=\"margin: 0 0 20px 0;\">Cod. 7101<\/h6>[\/vc_column_inner][\/vc_row_inner][\/vc_column][\/vc_row][vc_row bg_image=\u00bb19750&#8243; top_padding=\u00bb110&#8243; bottom_padding=\u00bb110&#8243; row_id=\u00bbarea-contacto\u00bb][vc_column width=\u00bb1\/2&#8243;]<h1 class=\"headline font-special fontsize-xxxl fontweight-700 lh-inherit align-left transform-inherit \" style=\"margin: 20px 0 0 0; color: #ffffff;\">Rellenar el formulario<\/h1><h2 class=\"headline font-inherit fontsize-xxxl fontweight-inherit lh-inherit align-left transform-inherit \" style=\"margin: 0 0 20px 0; color: #ffffff;\">Obtenga m\u00e1s informaci\u00f3n o solicite una cotizaci\u00f3n<\/h2>[\/vc_column][vc_column width=\u00bb1\/2&#8243;][vc_column_text]<\/p>\n<p style=\"text-align: left;\">\n<div class=\"wpcf7 no-js\" id=\"wpcf7-f16360-o1\" lang=\"it-IT\" dir=\"ltr\" data-wpcf7-id=\"16360\">\n<div class=\"screen-reader-response\"><p role=\"status\" aria-live=\"polite\" aria-atomic=\"true\"><\/p> <ul><\/ul><\/div>\n<form action=\"\/es\/wp-json\/wp\/v2\/pages\/16530#wpcf7-f16360-o1\" method=\"post\" class=\"wpcf7-form init\" aria-label=\"Modulo di contatto\" novalidate=\"novalidate\" data-status=\"init\">\n<fieldset class=\"hidden-fields-container\"><input type=\"hidden\" name=\"_wpcf7\" value=\"16360\" \/><input type=\"hidden\" name=\"_wpcf7_version\" value=\"6.1.2\" \/><input type=\"hidden\" name=\"_wpcf7_locale\" value=\"it_IT\" \/><input type=\"hidden\" name=\"_wpcf7_unit_tag\" value=\"wpcf7-f16360-o1\" \/><input type=\"hidden\" name=\"_wpcf7_container_post\" value=\"0\" \/><input type=\"hidden\" name=\"_wpcf7_posted_data_hash\" value=\"\" \/>\n<\/fieldset>\n<p><span class=\"wpcf7-form-control-wrap\" data-name=\"your-name\"><input size=\"40\" maxlength=\"400\" class=\"wpcf7-form-control wpcf7-text wpcf7-validates-as-required\" aria-required=\"true\" aria-invalid=\"false\" placeholder=\"Nombre y Apellido*\" value=\"\" type=\"text\" name=\"your-name\" \/><\/span>\n<\/p>\n<p><span id=\"wpcf7-69e1721bd9a4a-wrapper\" class=\"wpcf7-form-control-wrap email-wrap\" style=\"display:none !important; visibility:hidden !important;\"><label for=\"wpcf7-69e1721bd9a4a-field\" class=\"hp-message\">Si prega di lasciare vuoto questo campo.<\/label><input id=\"wpcf7-69e1721bd9a4a-field\"  placeholder=\"email\"  class=\"wpcf7-form-control wpcf7-text\" type=\"text\" name=\"email\" value=\"\" size=\"40\" tabindex=\"-1\" autocomplete=\"new-password\" \/><\/span><span class=\"wpcf7-form-control-wrap\" data-name=\"your-email\"><input size=\"40\" maxlength=\"400\" class=\"wpcf7-form-control wpcf7-email wpcf7-validates-as-required wpcf7-text wpcf7-validates-as-email\" aria-required=\"true\" aria-invalid=\"false\" placeholder=\"Email*\" value=\"\" type=\"email\" name=\"your-email\" \/><\/span>\n<\/p>\n<p><span class=\"wpcf7-form-control-wrap\" data-name=\"categoria\"><select class=\"wpcf7-form-control wpcf7-select wpcf7-validates-as-required\" aria-required=\"true\" aria-invalid=\"false\" name=\"categoria\"><option value=\"\">&#8212;Seleziona un&#039;opzione&#8212;<\/option><option value=\"Usuario final\">Usuario final<\/option><option value=\"Distribuidor\">Distribuidor<\/option><\/select><\/span>\n<\/p>\n<p><span class=\"wpcf7-form-control-wrap\" data-name=\"your-message\"><textarea cols=\"40\" rows=\"10\" maxlength=\"2000\" class=\"wpcf7-form-control wpcf7-textarea wpcf7-validates-as-required\" aria-required=\"true\" aria-invalid=\"false\" placeholder=\"Comentarios*\" name=\"your-message\"><\/textarea><\/span>\n<\/p>\n<p><span class=\"wpcf7-form-control-wrap\" data-name=\"acceptance-634\"><span class=\"wpcf7-form-control wpcf7-acceptance\"><span class=\"wpcf7-list-item\"><label><input type=\"checkbox\" name=\"acceptance-634\" value=\"1\" aria-invalid=\"false\" \/><span class=\"wpcf7-list-item-label\">He le\u00eddo la informaci\u00f3n sobre el tratamiento de datos personales.<\/span><\/label><\/span><\/span><\/span>\n<\/p>\n<p><input class=\"wpcf7-form-control wpcf7-submit has-spinner submit-button\" type=\"submit\" value=\"ENVIAR MENSAJE\" \/>\n<\/p><p style=\"display: none !important;\" class=\"akismet-fields-container\" data-prefix=\"_wpcf7_ak_\"><label>&#916;<textarea name=\"_wpcf7_ak_hp_textarea\" cols=\"45\" rows=\"8\" maxlength=\"100\"><\/textarea><\/label><input type=\"hidden\" id=\"ak_js_1\" name=\"_wpcf7_ak_js\" value=\"80\"\/><script>document.getElementById( \"ak_js_1\" ).setAttribute( \"value\", ( new Date() ).getTime() );<\/script><\/p><input type='hidden' class='wpcf7-pum' value='{\"closepopup\":false,\"closedelay\":0,\"openpopup\":false,\"openpopup_id\":0}' \/><div class=\"wpcf7-response-output\" aria-hidden=\"true\"><\/div>\n<\/form>\n<\/div>\n<p>[\/vc_column_text][\/vc_column][\/vc_row]<\/p>\n<\/div>","protected":false},"excerpt":{"rendered":"<p>[vc_row top_padding=\u00bb140&#8243; class=\u00bbimg-desc-prodotto\u00bb][vc_column width=\u00bb1\/2&#8243;][\/vc_column][vc_column width=\u00bb1\/2&#8243;][vc_column_text]Modelo autom\u00e1tico con ruedas. Recomendado para m\u00e1s de 250 plazas. Entrada de los cubiertos en la parte superior y salida en la parte frontal.[\/vc_column_text][\/vc_column][\/vc_row][vc_row bg_color=\u00bb#E9EDEE\u00bb bg_position=\u00bbleft top\u00bb][vc_column column_padding=\u00bbpadding-5&#8243; text_color=\u00bbcustom\u00bb custom_text_color=\u00bb#01874a\u00bb width=\u00bb1\/1&#8243;][vc_row_inner el_class=\u00bbspecifiche-prodotto\u00bb][vc_column_inner width=\u00bb1\/3&#8243;][\/vc_column_inner][vc_column_inner width=\u00bb1\/3&#8243;][\/vc_column_inner][vc_column_inner width=\u00bb1\/3&#8243;][\/vc_column_inner][\/vc_row_inner][\/vc_column][\/vc_row][vc_row class=\u00bbproduct-optional\u00bb bg_position=\u00bbleft top\u00bb][vc_column column_padding=\u00bbpadding-5&#8243; text_color=\u00bbcustom\u00bb custom_text_color=\u00bb#01874a\u00bb width=\u00bb1\/1&#8243;][vc_row_inner][vc_column_inner width=\u00bb1\/3&#8243;][\/vc_column_inner][vc_column_inner width=\u00bb1\/3&#8243;][\/vc_column_inner][vc_column_inner width=\u00bb1\/3&#8243;][\/vc_column_inner][\/vc_row_inner][\/vc_column][\/vc_row][vc_row bg_image=\u00bb19750&#8243; top_padding=\u00bb110&#8243; bottom_padding=\u00bb110&#8243; row_id=\u00bbarea-contacto\u00bb][vc_column width=\u00bb1\/2&#8243;][\/vc_column][vc_column width=\u00bb1\/2&#8243;][vc_column_text] [\/vc_column_text][\/vc_column][\/vc_row]<\/p>\n","protected":false},"author":2,"featured_media":0,"parent":0,"menu_order":0,"comment_status":"closed","ping_status":"closed","template":"","meta":{"_monsterinsights_skip_tracking":false,"_monsterinsights_sitenote_active":false,"_monsterinsights_sitenote_note":"","_monsterinsights_sitenote_category":0,"footnotes":""},"class_list":["post-16530","page","type-page","status-publish","hentry"],"yoast_head":"<!-- This site is optimized with the Yoast SEO plugin v26.0 - https:\/\/yoast.com\/wordpress\/plugins\/seo\/ -->\n<title>Modello Tornad<\/title>\n<meta name=\"description\" content=\"Modello automatico adatto ad ambienti di grandi dimensioni. Le posate bagnate entrano dallo scivolo superiore ed escono frontalmente dalla bocca di uscita.Modelo autom\u00e1tico ideal para ambientes grandes. El interior est\u00e1 compuesto por un t\u00fanel en espiral con la tusa de ma\u00edz, totalmente realizado en acero inox, as\u00ed como por una resistencia y un motovibrador.\" \/>\n<meta name=\"robots\" content=\"index, follow, max-snippet:-1, max-image-preview:large, max-video-preview:-1\" \/>\n<link rel=\"canonical\" href=\"https:\/\/www.cutlerydryer.com\/es\/tornado\/\" \/>\n<meta property=\"og:locale\" content=\"es_ES\" \/>\n<meta property=\"og:type\" content=\"article\" \/>\n<meta property=\"og:title\" content=\"Modello Tornad\" \/>\n<meta property=\"og:description\" content=\"Modello automatico adatto ad ambienti di grandi dimensioni. Le posate bagnate entrano dallo scivolo superiore ed escono frontalmente dalla bocca di uscita.Modelo autom\u00e1tico ideal para ambientes grandes. El interior est\u00e1 compuesto por un t\u00fanel en espiral con la tusa de ma\u00edz, totalmente realizado en acero inox, as\u00ed como por una resistencia y un motovibrador.\" \/>\n<meta property=\"og:url\" content=\"https:\/\/www.cutlerydryer.com\/es\/tornado\/\" \/>\n<meta property=\"og:site_name\" content=\"Cutlery Dryer\" \/>\n<meta property=\"article:modified_time\" content=\"2025-09-02T09:38:30+00:00\" \/>\n<meta name=\"twitter:card\" content=\"summary_large_image\" \/>\n<meta name=\"twitter:label1\" content=\"Tiempo de lectura\" \/>\n\t<meta name=\"twitter:data1\" content=\"3 minutos\" \/>\n<script type=\"application\/ld+json\" class=\"yoast-schema-graph\">{\"@context\":\"https:\/\/schema.org\",\"@graph\":[{\"@type\":\"WebPage\",\"@id\":\"https:\/\/www.cutlerydryer.com\/es\/tornado\/\",\"url\":\"https:\/\/www.cutlerydryer.com\/es\/tornado\/\",\"name\":\"Modello Tornad\",\"isPartOf\":{\"@id\":\"http:\/\/www.cutlerydryer.com\/es\/#website\"},\"datePublished\":\"2016-03-04T14:54:23+00:00\",\"dateModified\":\"2025-09-02T09:38:30+00:00\",\"description\":\"Modello automatico adatto ad ambienti di grandi dimensioni. Le posate bagnate entrano dallo scivolo superiore ed escono frontalmente dalla bocca di uscita.Modelo autom\u00e1tico ideal para ambientes grandes. El interior est\u00e1 compuesto por un t\u00fanel en espiral con la tusa de ma\u00edz, totalmente realizado en acero inox, as\u00ed como por una resistencia y un motovibrador.\",\"breadcrumb\":{\"@id\":\"https:\/\/www.cutlerydryer.com\/es\/tornado\/#breadcrumb\"},\"inLanguage\":\"es\",\"potentialAction\":[{\"@type\":\"ReadAction\",\"target\":[\"https:\/\/www.cutlerydryer.com\/es\/tornado\/\"]}]},{\"@type\":\"BreadcrumbList\",\"@id\":\"https:\/\/www.cutlerydryer.com\/es\/tornado\/#breadcrumb\",\"itemListElement\":[{\"@type\":\"ListItem\",\"position\":1,\"name\":\"Home\",\"item\":\"https:\/\/www.cutlerydryer.com\/es\/\"},{\"@type\":\"ListItem\",\"position\":2,\"name\":\"SECADORES DE CUBIERTOS TORNADO EVO\"}]},{\"@type\":\"WebSite\",\"@id\":\"http:\/\/www.cutlerydryer.com\/es\/#website\",\"url\":\"http:\/\/www.cutlerydryer.com\/es\/\",\"name\":\"Cutlery Dryer\",\"description\":\"Asciuga posate professionali\",\"potentialAction\":[{\"@type\":\"SearchAction\",\"target\":{\"@type\":\"EntryPoint\",\"urlTemplate\":\"http:\/\/www.cutlerydryer.com\/es\/?s={search_term_string}\"},\"query-input\":{\"@type\":\"PropertyValueSpecification\",\"valueRequired\":true,\"valueName\":\"search_term_string\"}}],\"inLanguage\":\"es\"}]}<\/script>\n<!-- \/ Yoast SEO plugin. -->","yoast_head_json":{"title":"Modello Tornad","description":"Modello automatico adatto ad ambienti di grandi dimensioni. Le posate bagnate entrano dallo scivolo superiore ed escono frontalmente dalla bocca di uscita.Modelo autom\u00e1tico ideal para ambientes grandes. El interior est\u00e1 compuesto por un t\u00fanel en espiral con la tusa de ma\u00edz, totalmente realizado en acero inox, as\u00ed como por una resistencia y un motovibrador.","robots":{"index":"index","follow":"follow","max-snippet":"max-snippet:-1","max-image-preview":"max-image-preview:large","max-video-preview":"max-video-preview:-1"},"canonical":"https:\/\/www.cutlerydryer.com\/es\/tornado\/","og_locale":"es_ES","og_type":"article","og_title":"Modello Tornad","og_description":"Modello automatico adatto ad ambienti di grandi dimensioni. Le posate bagnate entrano dallo scivolo superiore ed escono frontalmente dalla bocca di uscita.Modelo autom\u00e1tico ideal para ambientes grandes. El interior est\u00e1 compuesto por un t\u00fanel en espiral con la tusa de ma\u00edz, totalmente realizado en acero inox, as\u00ed como por una resistencia y un motovibrador.","og_url":"https:\/\/www.cutlerydryer.com\/es\/tornado\/","og_site_name":"Cutlery Dryer","article_modified_time":"2025-09-02T09:38:30+00:00","twitter_card":"summary_large_image","twitter_misc":{"Tiempo de lectura":"3 minutos"},"schema":{"@context":"https:\/\/schema.org","@graph":[{"@type":"WebPage","@id":"https:\/\/www.cutlerydryer.com\/es\/tornado\/","url":"https:\/\/www.cutlerydryer.com\/es\/tornado\/","name":"Modello Tornad","isPartOf":{"@id":"http:\/\/www.cutlerydryer.com\/es\/#website"},"datePublished":"2016-03-04T14:54:23+00:00","dateModified":"2025-09-02T09:38:30+00:00","description":"Modello automatico adatto ad ambienti di grandi dimensioni. Le posate bagnate entrano dallo scivolo superiore ed escono frontalmente dalla bocca di uscita.Modelo autom\u00e1tico ideal para ambientes grandes. El interior est\u00e1 compuesto por un t\u00fanel en espiral con la tusa de ma\u00edz, totalmente realizado en acero inox, as\u00ed como por una resistencia y un motovibrador.","breadcrumb":{"@id":"https:\/\/www.cutlerydryer.com\/es\/tornado\/#breadcrumb"},"inLanguage":"es","potentialAction":[{"@type":"ReadAction","target":["https:\/\/www.cutlerydryer.com\/es\/tornado\/"]}]},{"@type":"BreadcrumbList","@id":"https:\/\/www.cutlerydryer.com\/es\/tornado\/#breadcrumb","itemListElement":[{"@type":"ListItem","position":1,"name":"Home","item":"https:\/\/www.cutlerydryer.com\/es\/"},{"@type":"ListItem","position":2,"name":"SECADORES DE CUBIERTOS TORNADO EVO"}]},{"@type":"WebSite","@id":"http:\/\/www.cutlerydryer.com\/es\/#website","url":"http:\/\/www.cutlerydryer.com\/es\/","name":"Cutlery Dryer","description":"Asciuga posate professionali","potentialAction":[{"@type":"SearchAction","target":{"@type":"EntryPoint","urlTemplate":"http:\/\/www.cutlerydryer.com\/es\/?s={search_term_string}"},"query-input":{"@type":"PropertyValueSpecification","valueRequired":true,"valueName":"search_term_string"}}],"inLanguage":"es"}]}},"_links":{"self":[{"href":"https:\/\/www.cutlerydryer.com\/es\/wp-json\/wp\/v2\/pages\/16530","targetHints":{"allow":["GET"]}}],"collection":[{"href":"https:\/\/www.cutlerydryer.com\/es\/wp-json\/wp\/v2\/pages"}],"about":[{"href":"https:\/\/www.cutlerydryer.com\/es\/wp-json\/wp\/v2\/types\/page"}],"author":[{"embeddable":true,"href":"https:\/\/www.cutlerydryer.com\/es\/wp-json\/wp\/v2\/users\/2"}],"replies":[{"embeddable":true,"href":"https:\/\/www.cutlerydryer.com\/es\/wp-json\/wp\/v2\/comments?post=16530"}],"version-history":[{"count":21,"href":"https:\/\/www.cutlerydryer.com\/es\/wp-json\/wp\/v2\/pages\/16530\/revisions"}],"predecessor-version":[{"id":21113,"href":"https:\/\/www.cutlerydryer.com\/es\/wp-json\/wp\/v2\/pages\/16530\/revisions\/21113"}],"wp:attachment":[{"href":"https:\/\/www.cutlerydryer.com\/es\/wp-json\/wp\/v2\/media?parent=16530"}],"curies":[{"name":"wp","href":"https:\/\/api.w.org\/{rel}","templated":true}]}}