
{"id":16369,"date":"2016-03-06T19:23:24","date_gmt":"2016-03-06T18:23:24","guid":{"rendered":"http:\/\/dacos2.dacos.it\/es\/?page_id=16369"},"modified":"2022-05-09T18:07:07","modified_gmt":"2022-05-09T16:07:07","slug":"mig","status":"publish","type":"page","link":"https:\/\/www.cutlerydryer.com\/es\/mig\/","title":{"rendered":"Mig"},"content":{"rendered":"<div class=\"wpb-content-wrapper\"><p>[vc_row][vc_column width=\u00bb1\/3&#8243;]<div class=\"single_image wpb_content_element align-left   \" data-animation=\"none\" data-delay=\"0\"><img fetchpriority=\"high\" decoding=\"async\" width=\"1179\" height=\"1766\" src=\"https:\/\/www.cutlerydryer.com\/wp-content\/uploads\/mig-evo-asciuga-posate.jpg\" class=\"attachment-full\" alt=\"\" title=\"mig-evo-asciuga-posate\" srcset=\"https:\/\/www.cutlerydryer.com\/wp-content\/uploads\/mig-evo-asciuga-posate.jpg 1179w, https:\/\/www.cutlerydryer.com\/wp-content\/uploads\/mig-evo-asciuga-posate-200x300.jpg 200w, https:\/\/www.cutlerydryer.com\/wp-content\/uploads\/mig-evo-asciuga-posate-684x1024.jpg 684w\" sizes=\"(max-width: 1179px) 100vw, 1179px\" \/><\/div>[vc_facebook][\/vc_column][vc_column width=\u00bb2\/3&#8243;][vc_column_text]<\/p>\n<h4>Modelo MIGevo &#8211; Cod. E210evo<\/h4>\n<p>Modelo automa\u0301tico de sobremesa equipado con una nueva tarjeta electro\u0301nica que acompan\u0303a al operador durante su uso.<br \/>\nFases: <strong>CALENTAMIENTO &#8211; SECADO &#8211; SUSTITUCIO\u0301N DEL POLVO DE MAI\u0301Z<\/strong>.<\/p>\n<p>Adecuado para habitaciones pequen\u0303as y medianas.<br \/>\nFa\u0301cil de usar, incluye la insercio\u0301n de cubiertos hu\u0301medos (aproximadamente 5\/7 a la vez) en la parte superior de la ma\u0301quina, para salir automa\u0301ticamente por delante. Se deslizan dentro de un tu\u0301nel espiral de acero inoxidable inspeccionable, sumergidos en polvo de mai\u0301z a alta temperatura.<br \/>\nLa produccio\u0301n es de unos 2500 cubiertos. Recomendado para actividades<br \/>\ncon un ma\u0301ximo de 120 plazas. Fabricado i\u0301ntegramente en acero inoxidable AISI 304.<br \/>\nEl polvo de mai\u0301z es un producto vegetal y biodegradable que puede ser utilizado durante 120 di\u0301as de trabajo.<\/p>\n<p><strong>Caracteri\u0301sticas te\u0301cnicas<\/strong> (ma\u0301ximo de 120 plazas)<\/p>\n<ul>\n<li><strong>Estructura:<\/strong> Acero inox AISI 304<\/li>\n<li><strong>Dimensiones:<\/strong> 450x610x410 mm<\/li>\n<li><strong>Peso:<\/strong> 42 Kg.<\/li>\n<li><strong>Alimentaci\u00f3n:<\/strong> Monof\u00e1sica 230V 50Hz<\/li>\n<li><strong>Absorci\u00f3n:<\/strong> 0.70 Kw<\/li>\n<li><strong>Circuito de mando:<\/strong> 12V<\/li>\n<li><strong>Producci\u00f3n:<\/strong> 2500 cubiertos<\/li>\n<li><strong>Equipamiento est\u00e1ndar:<\/strong> 1 paquete de tusa de mai\u0301z de 5 Kg.<\/li>\n<li><strong>Accesorios:<\/strong> Soporte mo\u0301vil para cesto porta-cubiertos; 1 Soporte de ruedas; Boca de entrada de cubiertos; Cesto porta-cubiertos<\/li>\n<\/ul>\n<p>[\/vc_column_text]<a href=\"https:\/\/www.cutlerydryer.com\/wp-content\/uploads\/TAMAI_Catalogo-BASSA-RISOLUZIONE.pdf\" target=\"_blank\" class=\"button color-1 small \" style=\"border-radius: 2px;\">DESCARGAR CAT\u00c1LOGO<\/a>[\/vc_column][\/vc_row]<\/p>\n<\/div>","protected":false},"excerpt":{"rendered":"<p>[vc_row][vc_column width=\u00bb1\/3&#8243;][vc_facebook][\/vc_column][vc_column width=\u00bb2\/3&#8243;][vc_column_text] Modelo MIGevo &#8211; Cod. E210evo Modelo automa\u0301tico de sobremesa equipado con una nueva tarjeta electro\u0301nica que acompan\u0303a al operador durante su uso. Fases: CALENTAMIENTO &#8211; SECADO &#8211; SUSTITUCIO\u0301N DEL POLVO DE MAI\u0301Z. Adecuado para habitaciones pequen\u0303as y medianas. Fa\u0301cil de usar, incluye la insercio\u0301n de cubiertos hu\u0301medos (aproximadamente 5\/7 a la vez) en la parte superior de la ma\u0301quina, para salir automa\u0301ticamente por delante. Se deslizan dentro de un tu\u0301nel espiral de acero inoxidable inspeccionable, sumergidos en polvo de mai\u0301z a alta temperatura. La produccio\u0301n es de unos 2500 cubiertos. Recomendado para actividades con un ma\u0301ximo de 120 plazas. Fabricado i\u0301ntegramente en acero inoxidable AISI 304. El polvo de mai\u0301z es un producto vegetal y biodegradable que puede ser utilizado durante 120 di\u0301as de trabajo. Caracteri\u0301sticas te\u0301cnicas (ma\u0301ximo de 120 plazas) Estructura: Acero inox AISI 304 Dimensiones: 450x610x410 mm Peso: 42 Kg. Alimentaci\u00f3n: Monof\u00e1sica 230V 50Hz Absorci\u00f3n: 0.70 Kw Circuito de mando: 12V Producci\u00f3n: 2500 cubiertos Equipamiento est\u00e1ndar: 1 paquete de tusa de mai\u0301z de 5 Kg. Accesorios: Soporte mo\u0301vil para cesto porta-cubiertos; 1 Soporte de ruedas; Boca de entrada de cubiertos; Cesto porta-cubiertos [\/vc_column_text][\/vc_column][\/vc_row]<\/p>\n","protected":false},"author":2,"featured_media":0,"parent":0,"menu_order":0,"comment_status":"closed","ping_status":"closed","template":"","meta":{"_monsterinsights_skip_tracking":false,"_monsterinsights_sitenote_active":false,"_monsterinsights_sitenote_note":"","_monsterinsights_sitenote_category":0,"footnotes":""},"class_list":["post-16369","page","type-page","status-publish","hentry"],"yoast_head":"<!-- This site is optimized with the Yoast SEO plugin v26.0 - https:\/\/yoast.com\/wordpress\/plugins\/seo\/ -->\n<title>Mig<\/title>\n<meta name=\"description\" content=\"Modelo autom\u00e1tico de banco ideal para ambientes medianos y peque\u00f1os.\" \/>\n<meta name=\"robots\" content=\"index, follow, max-snippet:-1, max-image-preview:large, max-video-preview:-1\" \/>\n<link rel=\"canonical\" href=\"https:\/\/www.cutlerydryer.com\/es\/mig\/\" \/>\n<meta property=\"og:locale\" content=\"es_ES\" \/>\n<meta property=\"og:type\" content=\"article\" \/>\n<meta property=\"og:title\" content=\"Mig\" \/>\n<meta property=\"og:description\" content=\"Modelo autom\u00e1tico de banco ideal para ambientes medianos y peque\u00f1os.\" \/>\n<meta property=\"og:url\" content=\"https:\/\/www.cutlerydryer.com\/es\/mig\/\" \/>\n<meta property=\"og:site_name\" content=\"Cutlery Dryer\" \/>\n<meta property=\"article:modified_time\" content=\"2022-05-09T16:07:07+00:00\" \/>\n<meta name=\"twitter:card\" content=\"summary_large_image\" \/>\n<meta name=\"twitter:label1\" content=\"Tiempo de lectura\" \/>\n\t<meta name=\"twitter:data1\" content=\"1 minuto\" \/>\n<script type=\"application\/ld+json\" class=\"yoast-schema-graph\">{\"@context\":\"https:\/\/schema.org\",\"@graph\":[{\"@type\":\"WebPage\",\"@id\":\"https:\/\/www.cutlerydryer.com\/es\/mig\/\",\"url\":\"https:\/\/www.cutlerydryer.com\/es\/mig\/\",\"name\":\"Mig\",\"isPartOf\":{\"@id\":\"http:\/\/www.cutlerydryer.com\/es\/#website\"},\"datePublished\":\"2016-03-06T18:23:24+00:00\",\"dateModified\":\"2022-05-09T16:07:07+00:00\",\"description\":\"Modelo autom\u00e1tico de banco ideal para ambientes medianos y peque\u00f1os.\",\"breadcrumb\":{\"@id\":\"https:\/\/www.cutlerydryer.com\/es\/mig\/#breadcrumb\"},\"inLanguage\":\"es\",\"potentialAction\":[{\"@type\":\"ReadAction\",\"target\":[\"https:\/\/www.cutlerydryer.com\/es\/mig\/\"]}]},{\"@type\":\"BreadcrumbList\",\"@id\":\"https:\/\/www.cutlerydryer.com\/es\/mig\/#breadcrumb\",\"itemListElement\":[{\"@type\":\"ListItem\",\"position\":1,\"name\":\"Home\",\"item\":\"https:\/\/www.cutlerydryer.com\/es\/\"},{\"@type\":\"ListItem\",\"position\":2,\"name\":\"Mig\"}]},{\"@type\":\"WebSite\",\"@id\":\"http:\/\/www.cutlerydryer.com\/es\/#website\",\"url\":\"http:\/\/www.cutlerydryer.com\/es\/\",\"name\":\"Cutlery Dryer\",\"description\":\"Asciuga posate professionali\",\"potentialAction\":[{\"@type\":\"SearchAction\",\"target\":{\"@type\":\"EntryPoint\",\"urlTemplate\":\"http:\/\/www.cutlerydryer.com\/es\/?s={search_term_string}\"},\"query-input\":{\"@type\":\"PropertyValueSpecification\",\"valueRequired\":true,\"valueName\":\"search_term_string\"}}],\"inLanguage\":\"es\"}]}<\/script>\n<!-- \/ Yoast SEO plugin. -->","yoast_head_json":{"title":"Mig","description":"Modelo autom\u00e1tico de banco ideal para ambientes medianos y peque\u00f1os.","robots":{"index":"index","follow":"follow","max-snippet":"max-snippet:-1","max-image-preview":"max-image-preview:large","max-video-preview":"max-video-preview:-1"},"canonical":"https:\/\/www.cutlerydryer.com\/es\/mig\/","og_locale":"es_ES","og_type":"article","og_title":"Mig","og_description":"Modelo autom\u00e1tico de banco ideal para ambientes medianos y peque\u00f1os.","og_url":"https:\/\/www.cutlerydryer.com\/es\/mig\/","og_site_name":"Cutlery Dryer","article_modified_time":"2022-05-09T16:07:07+00:00","twitter_card":"summary_large_image","twitter_misc":{"Tiempo de lectura":"1 minuto"},"schema":{"@context":"https:\/\/schema.org","@graph":[{"@type":"WebPage","@id":"https:\/\/www.cutlerydryer.com\/es\/mig\/","url":"https:\/\/www.cutlerydryer.com\/es\/mig\/","name":"Mig","isPartOf":{"@id":"http:\/\/www.cutlerydryer.com\/es\/#website"},"datePublished":"2016-03-06T18:23:24+00:00","dateModified":"2022-05-09T16:07:07+00:00","description":"Modelo autom\u00e1tico de banco ideal para ambientes medianos y peque\u00f1os.","breadcrumb":{"@id":"https:\/\/www.cutlerydryer.com\/es\/mig\/#breadcrumb"},"inLanguage":"es","potentialAction":[{"@type":"ReadAction","target":["https:\/\/www.cutlerydryer.com\/es\/mig\/"]}]},{"@type":"BreadcrumbList","@id":"https:\/\/www.cutlerydryer.com\/es\/mig\/#breadcrumb","itemListElement":[{"@type":"ListItem","position":1,"name":"Home","item":"https:\/\/www.cutlerydryer.com\/es\/"},{"@type":"ListItem","position":2,"name":"Mig"}]},{"@type":"WebSite","@id":"http:\/\/www.cutlerydryer.com\/es\/#website","url":"http:\/\/www.cutlerydryer.com\/es\/","name":"Cutlery Dryer","description":"Asciuga posate professionali","potentialAction":[{"@type":"SearchAction","target":{"@type":"EntryPoint","urlTemplate":"http:\/\/www.cutlerydryer.com\/es\/?s={search_term_string}"},"query-input":{"@type":"PropertyValueSpecification","valueRequired":true,"valueName":"search_term_string"}}],"inLanguage":"es"}]}},"_links":{"self":[{"href":"https:\/\/www.cutlerydryer.com\/es\/wp-json\/wp\/v2\/pages\/16369","targetHints":{"allow":["GET"]}}],"collection":[{"href":"https:\/\/www.cutlerydryer.com\/es\/wp-json\/wp\/v2\/pages"}],"about":[{"href":"https:\/\/www.cutlerydryer.com\/es\/wp-json\/wp\/v2\/types\/page"}],"author":[{"embeddable":true,"href":"https:\/\/www.cutlerydryer.com\/es\/wp-json\/wp\/v2\/users\/2"}],"replies":[{"embeddable":true,"href":"https:\/\/www.cutlerydryer.com\/es\/wp-json\/wp\/v2\/comments?post=16369"}],"version-history":[{"count":14,"href":"https:\/\/www.cutlerydryer.com\/es\/wp-json\/wp\/v2\/pages\/16369\/revisions"}],"predecessor-version":[{"id":19076,"href":"https:\/\/www.cutlerydryer.com\/es\/wp-json\/wp\/v2\/pages\/16369\/revisions\/19076"}],"wp:attachment":[{"href":"https:\/\/www.cutlerydryer.com\/es\/wp-json\/wp\/v2\/media?parent=16369"}],"curies":[{"name":"wp","href":"https:\/\/api.w.org\/{rel}","templated":true}]}}