
{"id":16357,"date":"2016-03-06T18:42:36","date_gmt":"2016-03-06T17:42:36","guid":{"rendered":"http:\/\/dacos2.dacos.it\/es\/?page_id=16357"},"modified":"2023-02-16T18:16:01","modified_gmt":"2023-02-16T17:16:01","slug":"programa-cutlery-dryer","status":"publish","type":"page","link":"https:\/\/www.cutlerydryer.com\/es\/programa-cutlery-dryer\/","title":{"rendered":"Proyecto Cutlery Dryer"},"content":{"rendered":"<div class=\"wpb-content-wrapper\"><p>[vc_row][vc_column width=\u00bb1\/1&#8243;]<h1 class=\"headline font-inherit fontsize-xxl fontweight-600 lh-inherit align-right transform-inherit \" style=\"margin: 0 0 20px 0; color: #f40000;\">&#8230;..La Potencia del Calor y la Fuerza de las Vibraciones<\/h1>[\/vc_column][\/vc_row][vc_row][vc_column width=\u00bb5\/6&#8243;]<div class=\"spacer\" style=\"height: 40px;\"><\/div><h1 class=\"headline font-inherit fontsize-l fontweight-inherit lh-inherit align-center transform-inherit \" style=\"margin: 0 0 20px 0;\">EVOLUTION: la mejora cualitativa de CUTLERY DRYER<\/h1>[\/vc_column][vc_column width=\u00bb1\/6&#8243;]<div class=\"single_image wpb_content_element align-center   \" data-animation=\"none\" data-delay=\"0\"><img fetchpriority=\"high\" decoding=\"async\" width=\"245\" height=\"206\" src=\"https:\/\/www.cutlerydryer.com\/wp-content\/uploads\/COCCARDA-ROSSA-giusta.png\" class=\"attachment-medium\" alt=\"\" title=\"COCCARDA ROSSA giusta\" \/><\/div>[\/vc_column][\/vc_row][vc_row][vc_column width=\u00bb1\/4&#8243;]<div class=\"single_image wpb_content_element align-left   \" data-animation=\"none\" data-delay=\"0\"><img decoding=\"async\" width=\"300\" height=\"196\" src=\"https:\/\/www.cutlerydryer.com\/wp-content\/uploads\/foto-eagle-300x196.jpg\" class=\"attachment-medium\" alt=\"\" title=\"foto eagle\" srcset=\"https:\/\/www.cutlerydryer.com\/wp-content\/uploads\/foto-eagle-300x196.jpg 300w, https:\/\/www.cutlerydryer.com\/wp-content\/uploads\/foto-eagle.jpg 536w\" sizes=\"(max-width: 300px) 100vw, 300px\" \/><\/div>[\/vc_column][vc_column width=\u00bb3\/4&#8243;][vc_column_text]<strong>EVOLUTION<\/strong> es el restyling de toda nuestra l\u00ednea. Las innovaciones, combinadas con el rendimiento ya probado, hacen que nuestros secadores de cubiertos sean a\u00fan m\u00e1s competitivos, vers\u00e1tiles y con alto rendimiento.<\/p>\n<p><strong>ACTIVE CONTROL<\/strong> es la tarjeta electr\u00f3nica, instalada de serie en todos los modelos, equipada con una pantalla LCD que permite seguir todas las fases de trabajo de la m\u00e1quina de forma sencilla e intuitiva.<\/p>\n<p><strong>EAGLE<\/strong> nuevos y exclusivos modelos <strong>EMPOTRABLES <\/strong>o de mesa, de alto rendimiento.[\/vc_column_text][\/vc_column][\/vc_row][vc_row][vc_column width=\u00bb2\/3&#8243;][vc_column_text]<\/p>\n<p>&nbsp;<\/p>\n<p>Nuestra l\u00ednea est\u00e1 compuesta por modelos autom\u00e1ticos y manuales que se diferencian en tama\u00f1o, pero son iguales en ventajas y calidad, para adaptarse a diferentes necesidades.<\/p>\n<p>Nuestros dispositivos est\u00e1n hechos de acero inoxidable AISI 304, aislados con paneles anti-vibraciones e insonorizantes que las hacen silenciosas permitiendo un ahorro de energ\u00eda. Todos los componentes son de alta calidad y MADE IN ITALY.[\/vc_column_text][\/vc_column][vc_column width=\u00bb1\/3&#8243;]<div class=\"single_image wpb_content_element align-left   \" data-animation=\"none\" data-delay=\"0\"><img decoding=\"async\" width=\"300\" height=\"200\" src=\"https:\/\/www.cutlerydryer.com\/wp-content\/uploads\/Tornado_03_MAN3372_072dpi-300x200.jpg\" class=\"attachment-medium\" alt=\"\" title=\"Tornado_03_MAN3372_072dpi\" srcset=\"https:\/\/www.cutlerydryer.com\/wp-content\/uploads\/Tornado_03_MAN3372_072dpi-300x200.jpg 300w, https:\/\/www.cutlerydryer.com\/wp-content\/uploads\/Tornado_03_MAN3372_072dpi-1024x684.jpg 1024w, https:\/\/www.cutlerydryer.com\/wp-content\/uploads\/Tornado_03_MAN3372_072dpi-600x400.jpg 600w, https:\/\/www.cutlerydryer.com\/wp-content\/uploads\/Tornado_03_MAN3372_072dpi.jpg 1766w\" sizes=\"(max-width: 300px) 100vw, 300px\" \/><\/div>[\/vc_column][\/vc_row][vc_row type=\u00bbfull_width_section\u00bb][vc_column width=\u00bb1\/3&#8243;]<div class=\"iconbox  wpb_content_element iconbox-style-1 icon-color-accent color-dark animation-none\"><h3><img src='https:\/\/www.cutlerydryer.com\/wp-content\/uploads\/2016\/03\/ico-dryer-1.png' class='iconimg' \/><span>Secado<\/span><\/h3><p><\/p><\/div>[\/vc_column][vc_column width=\u00bb1\/3&#8243;]<div class=\"iconbox  wpb_content_element iconbox-style-1 icon-color-accent color-dark animation-none\"><h3><img src='https:\/\/www.cutlerydryer.com\/wp-content\/uploads\/2016\/03\/ico-sanitizer-1.png' class='iconimg' \/><span>Desinfecci\u00f3n<\/span><\/h3><p><\/p><\/div>[\/vc_column][vc_column width=\u00bb1\/3&#8243;]<div class=\"iconbox  wpb_content_element iconbox-style-1 icon-color-accent color-dark animation-none\"><h3><img src='https:\/\/www.cutlerydryer.com\/wp-content\/uploads\/2016\/03\/ico-polisher-1.png' class='iconimg' \/><span>Brillo<\/span><\/h3><p><\/p><\/div>[\/vc_column][\/vc_row][vc_row][vc_column width=\u00bb1\/1&#8243;]<div class=\"spacer\" style=\"height: 40px;\"><\/div><div class=\"newdivider align-center\" style=\"border-bottom-style: solid; border-color: #999999; border-bottom-width: 1px; margin-top: 0; margin-bottom: 0; width: 100%; \"><\/div><div class=\"clear\"><\/div><div class=\"spacer\" style=\"height: 40px;\"><\/div>[\/vc_column][\/vc_row][vc_row][vc_column width=\u00bb1\/4&#8243;][\/vc_column][vc_column width=\u00bb1\/2&#8243;]<div class=\"single_image wpb_content_element align-left  animate  image_opacity\" data-animation=\"fade-in-from-bottom\" data-delay=\"0\"><a href=\"https:\/\/www.cutlerydryer.com\/es\/eagle-up\" target=\"_self\"><img loading=\"lazy\" decoding=\"async\" width=\"1080\" height=\"1080\" src=\"https:\/\/www.cutlerydryer.com\/wp-content\/uploads\/NOVITA-3.png\" class=\"attachment-full\" alt=\"\" title=\"NOVIT\u00c0 (3)\" srcset=\"https:\/\/www.cutlerydryer.com\/wp-content\/uploads\/NOVITA-3.png 1080w, https:\/\/www.cutlerydryer.com\/wp-content\/uploads\/NOVITA-3-300x300.png 300w, https:\/\/www.cutlerydryer.com\/wp-content\/uploads\/NOVITA-3-1024x1024.png 1024w, https:\/\/www.cutlerydryer.com\/wp-content\/uploads\/NOVITA-3-150x150.png 150w, https:\/\/www.cutlerydryer.com\/wp-content\/uploads\/NOVITA-3-80x80.png 80w, https:\/\/www.cutlerydryer.com\/wp-content\/uploads\/NOVITA-3-500x500.png 500w, https:\/\/www.cutlerydryer.com\/wp-content\/uploads\/NOVITA-3-1000x1000.png 1000w\" sizes=\"(max-width: 1080px) 100vw, 1080px\" \/><\/a><\/div>[\/vc_column][vc_column width=\u00bb1\/4&#8243;][\/vc_column][\/vc_row][vc_row][vc_column width=\u00bb1\/4&#8243;]<div class=\"single_image wpb_content_element align-left  animate  image_opacity\" data-animation=\"fade-in-from-bottom\" data-delay=\"0\"><a href=\"https:\/\/www.cutlerydryer.com\/es\/jet\" target=\"_self\"><img loading=\"lazy\" decoding=\"async\" width=\"1766\" height=\"1179\" src=\"https:\/\/www.cutlerydryer.com\/wp-content\/uploads\/eagle-tamai-product.jpg\" class=\"attachment-full\" alt=\"\" title=\"eagle-tamai-product\" srcset=\"https:\/\/www.cutlerydryer.com\/wp-content\/uploads\/eagle-tamai-product.jpg 1766w, https:\/\/www.cutlerydryer.com\/wp-content\/uploads\/eagle-tamai-product-300x200.jpg 300w, https:\/\/www.cutlerydryer.com\/wp-content\/uploads\/eagle-tamai-product-1024x684.jpg 1024w, https:\/\/www.cutlerydryer.com\/wp-content\/uploads\/eagle-tamai-product-600x400.jpg 600w\" sizes=\"(max-width: 1766px) 100vw, 1766px\" \/><\/a><\/div>[\/vc_column][vc_column width=\u00bb1\/4&#8243;]<div class=\"single_image wpb_content_element align-left  animate  image_opacity\" data-animation=\"fade-in-from-bottom\" data-delay=\"0\"><a href=\"https:\/\/www.cutlerydryer.com\/es\/star\" target=\"_self\"><img loading=\"lazy\" decoding=\"async\" width=\"1179\" height=\"1766\" src=\"https:\/\/www.cutlerydryer.com\/wp-content\/uploads\/star-evo-tamai-cutlery-dryer.jpg\" class=\"attachment-full\" alt=\"\" title=\"star-evo-tamai-cutlery-dryer\" srcset=\"https:\/\/www.cutlerydryer.com\/wp-content\/uploads\/star-evo-tamai-cutlery-dryer.jpg 1179w, https:\/\/www.cutlerydryer.com\/wp-content\/uploads\/star-evo-tamai-cutlery-dryer-200x300.jpg 200w, https:\/\/www.cutlerydryer.com\/wp-content\/uploads\/star-evo-tamai-cutlery-dryer-684x1024.jpg 684w\" sizes=\"(max-width: 1179px) 100vw, 1179px\" \/><\/a><\/div>[\/vc_column][vc_column width=\u00bb1\/4&#8243;]<div class=\"single_image wpb_content_element align-left  animate  image_opacity\" data-animation=\"fade-in-from-bottom\" data-delay=\"0\"><a href=\"https:\/\/www.cutlerydryer.com\/es\/tornado\" target=\"_self\"><img loading=\"lazy\" decoding=\"async\" width=\"1179\" height=\"1766\" src=\"https:\/\/www.cutlerydryer.com\/wp-content\/uploads\/tornado-evo-cod410.jpg\" class=\"attachment-full\" alt=\"\" title=\"tornado-evo-cod410\" srcset=\"https:\/\/www.cutlerydryer.com\/wp-content\/uploads\/tornado-evo-cod410.jpg 1179w, https:\/\/www.cutlerydryer.com\/wp-content\/uploads\/tornado-evo-cod410-200x300.jpg 200w, https:\/\/www.cutlerydryer.com\/wp-content\/uploads\/tornado-evo-cod410-684x1024.jpg 684w\" sizes=\"(max-width: 1179px) 100vw, 1179px\" \/><\/a><\/div>[\/vc_column][vc_column width=\u00bb1\/4&#8243;]<div class=\"single_image wpb_content_element align-left  animate  image_opacity\" data-animation=\"fade-in-from-bottom\" data-delay=\"0\"><a href=\"https:\/\/www.cutlerydryer.com\/es\/mig\" target=\"_self\"><img loading=\"lazy\" decoding=\"async\" width=\"1766\" height=\"1179\" src=\"https:\/\/www.cutlerydryer.com\/wp-content\/uploads\/eagle-up-cutlery-dryer-tamai.jpg\" class=\"attachment-full\" alt=\"\" title=\"eagle-up-cutlery-dryer-tamai\" srcset=\"https:\/\/www.cutlerydryer.com\/wp-content\/uploads\/eagle-up-cutlery-dryer-tamai.jpg 1766w, https:\/\/www.cutlerydryer.com\/wp-content\/uploads\/eagle-up-cutlery-dryer-tamai-300x200.jpg 300w, https:\/\/www.cutlerydryer.com\/wp-content\/uploads\/eagle-up-cutlery-dryer-tamai-1024x684.jpg 1024w, https:\/\/www.cutlerydryer.com\/wp-content\/uploads\/eagle-up-cutlery-dryer-tamai-600x400.jpg 600w\" sizes=\"(max-width: 1766px) 100vw, 1766px\" \/><\/a><\/div>[\/vc_column][\/vc_row]<\/p>\n<\/div>","protected":false},"excerpt":{"rendered":"<p>[vc_row][vc_column width=\u00bb1\/1&#8243;][\/vc_column][\/vc_row][vc_row][vc_column width=\u00bb5\/6&#8243;][\/vc_column][vc_column width=\u00bb1\/6&#8243;][\/vc_column][\/vc_row][vc_row][vc_column width=\u00bb1\/4&#8243;][\/vc_column][vc_column width=\u00bb3\/4&#8243;][vc_column_text]EVOLUTION es el restyling de toda nuestra l\u00ednea. Las innovaciones, combinadas con el rendimiento ya probado, hacen que nuestros secadores de cubiertos sean a\u00fan m\u00e1s competitivos, vers\u00e1tiles y con alto rendimiento. ACTIVE CONTROL es la tarjeta electr\u00f3nica, instalada de serie en todos los modelos, equipada con una pantalla LCD que permite seguir todas las fases de trabajo de la m\u00e1quina de forma sencilla e intuitiva. EAGLE nuevos y exclusivos modelos EMPOTRABLES o de mesa, de alto rendimiento.[\/vc_column_text][\/vc_column][\/vc_row][vc_row][vc_column width=\u00bb2\/3&#8243;][vc_column_text] &nbsp; Nuestra l\u00ednea est\u00e1 compuesta por modelos autom\u00e1ticos y manuales que se diferencian en tama\u00f1o, pero son iguales en ventajas y calidad, para adaptarse a diferentes necesidades. Nuestros dispositivos est\u00e1n hechos de acero inoxidable AISI 304, aislados con paneles anti-vibraciones e insonorizantes que las hacen silenciosas permitiendo un ahorro de energ\u00eda. Todos los componentes son de alta calidad y MADE IN ITALY.[\/vc_column_text][\/vc_column][vc_column width=\u00bb1\/3&#8243;][\/vc_column][\/vc_row][vc_row type=\u00bbfull_width_section\u00bb][vc_column width=\u00bb1\/3&#8243;][\/vc_column][vc_column width=\u00bb1\/3&#8243;][\/vc_column][vc_column width=\u00bb1\/3&#8243;][\/vc_column][\/vc_row][vc_row][vc_column width=\u00bb1\/1&#8243;][\/vc_column][\/vc_row][vc_row][vc_column width=\u00bb1\/4&#8243;][\/vc_column][vc_column width=\u00bb1\/2&#8243;][\/vc_column][vc_column width=\u00bb1\/4&#8243;][\/vc_column][\/vc_row][vc_row][vc_column width=\u00bb1\/4&#8243;][\/vc_column][vc_column width=\u00bb1\/4&#8243;][\/vc_column][vc_column width=\u00bb1\/4&#8243;][\/vc_column][vc_column width=\u00bb1\/4&#8243;][\/vc_column][\/vc_row]<\/p>\n","protected":false},"author":2,"featured_media":0,"parent":0,"menu_order":0,"comment_status":"closed","ping_status":"closed","template":"","meta":{"_monsterinsights_skip_tracking":false,"_monsterinsights_sitenote_active":false,"_monsterinsights_sitenote_note":"","_monsterinsights_sitenote_category":0,"footnotes":""},"class_list":["post-16357","page","type-page","status-publish","hentry"],"yoast_head":"<!-- This site is optimized with the Yoast SEO plugin v26.0 - https:\/\/yoast.com\/wordpress\/plugins\/seo\/ -->\n<title>Programa Cutlery Dryer<\/title>\n<meta name=\"description\" content=\"El proyecto Cutlery Dryer significa secado, brillo y, sobre todo, desinfecci\u00f3n de los cubiertos.\" \/>\n<meta name=\"robots\" content=\"index, follow, max-snippet:-1, max-image-preview:large, max-video-preview:-1\" \/>\n<link rel=\"canonical\" href=\"https:\/\/www.cutlerydryer.com\/es\/programa-cutlery-dryer\/\" \/>\n<meta property=\"og:locale\" content=\"es_ES\" \/>\n<meta property=\"og:type\" content=\"article\" \/>\n<meta property=\"og:title\" content=\"Programa Cutlery Dryer\" \/>\n<meta property=\"og:description\" content=\"El proyecto Cutlery Dryer significa secado, brillo y, sobre todo, desinfecci\u00f3n de los cubiertos.\" \/>\n<meta property=\"og:url\" content=\"https:\/\/www.cutlerydryer.com\/es\/programa-cutlery-dryer\/\" \/>\n<meta property=\"og:site_name\" content=\"Cutlery Dryer\" \/>\n<meta property=\"article:modified_time\" content=\"2023-02-16T17:16:01+00:00\" \/>\n<meta name=\"twitter:card\" content=\"summary_large_image\" \/>\n<meta name=\"twitter:label1\" content=\"Tiempo de lectura\" \/>\n\t<meta name=\"twitter:data1\" content=\"1 minuto\" \/>\n<script type=\"application\/ld+json\" class=\"yoast-schema-graph\">{\"@context\":\"https:\/\/schema.org\",\"@graph\":[{\"@type\":\"WebPage\",\"@id\":\"https:\/\/www.cutlerydryer.com\/es\/programa-cutlery-dryer\/\",\"url\":\"https:\/\/www.cutlerydryer.com\/es\/programa-cutlery-dryer\/\",\"name\":\"Programa Cutlery Dryer\",\"isPartOf\":{\"@id\":\"http:\/\/www.cutlerydryer.com\/es\/#website\"},\"datePublished\":\"2016-03-06T17:42:36+00:00\",\"dateModified\":\"2023-02-16T17:16:01+00:00\",\"description\":\"El proyecto Cutlery Dryer significa secado, brillo y, sobre todo, desinfecci\u00f3n de los cubiertos.\",\"breadcrumb\":{\"@id\":\"https:\/\/www.cutlerydryer.com\/es\/programa-cutlery-dryer\/#breadcrumb\"},\"inLanguage\":\"es\",\"potentialAction\":[{\"@type\":\"ReadAction\",\"target\":[\"https:\/\/www.cutlerydryer.com\/es\/programa-cutlery-dryer\/\"]}]},{\"@type\":\"BreadcrumbList\",\"@id\":\"https:\/\/www.cutlerydryer.com\/es\/programa-cutlery-dryer\/#breadcrumb\",\"itemListElement\":[{\"@type\":\"ListItem\",\"position\":1,\"name\":\"Home\",\"item\":\"https:\/\/www.cutlerydryer.com\/es\/\"},{\"@type\":\"ListItem\",\"position\":2,\"name\":\"Proyecto Cutlery Dryer\"}]},{\"@type\":\"WebSite\",\"@id\":\"http:\/\/www.cutlerydryer.com\/es\/#website\",\"url\":\"http:\/\/www.cutlerydryer.com\/es\/\",\"name\":\"Cutlery Dryer\",\"description\":\"Asciuga posate professionali\",\"potentialAction\":[{\"@type\":\"SearchAction\",\"target\":{\"@type\":\"EntryPoint\",\"urlTemplate\":\"http:\/\/www.cutlerydryer.com\/es\/?s={search_term_string}\"},\"query-input\":{\"@type\":\"PropertyValueSpecification\",\"valueRequired\":true,\"valueName\":\"search_term_string\"}}],\"inLanguage\":\"es\"}]}<\/script>\n<!-- \/ Yoast SEO plugin. -->","yoast_head_json":{"title":"Programa Cutlery Dryer","description":"El proyecto Cutlery Dryer significa secado, brillo y, sobre todo, desinfecci\u00f3n de los cubiertos.","robots":{"index":"index","follow":"follow","max-snippet":"max-snippet:-1","max-image-preview":"max-image-preview:large","max-video-preview":"max-video-preview:-1"},"canonical":"https:\/\/www.cutlerydryer.com\/es\/programa-cutlery-dryer\/","og_locale":"es_ES","og_type":"article","og_title":"Programa Cutlery Dryer","og_description":"El proyecto Cutlery Dryer significa secado, brillo y, sobre todo, desinfecci\u00f3n de los cubiertos.","og_url":"https:\/\/www.cutlerydryer.com\/es\/programa-cutlery-dryer\/","og_site_name":"Cutlery Dryer","article_modified_time":"2023-02-16T17:16:01+00:00","twitter_card":"summary_large_image","twitter_misc":{"Tiempo de lectura":"1 minuto"},"schema":{"@context":"https:\/\/schema.org","@graph":[{"@type":"WebPage","@id":"https:\/\/www.cutlerydryer.com\/es\/programa-cutlery-dryer\/","url":"https:\/\/www.cutlerydryer.com\/es\/programa-cutlery-dryer\/","name":"Programa Cutlery Dryer","isPartOf":{"@id":"http:\/\/www.cutlerydryer.com\/es\/#website"},"datePublished":"2016-03-06T17:42:36+00:00","dateModified":"2023-02-16T17:16:01+00:00","description":"El proyecto Cutlery Dryer significa secado, brillo y, sobre todo, desinfecci\u00f3n de los cubiertos.","breadcrumb":{"@id":"https:\/\/www.cutlerydryer.com\/es\/programa-cutlery-dryer\/#breadcrumb"},"inLanguage":"es","potentialAction":[{"@type":"ReadAction","target":["https:\/\/www.cutlerydryer.com\/es\/programa-cutlery-dryer\/"]}]},{"@type":"BreadcrumbList","@id":"https:\/\/www.cutlerydryer.com\/es\/programa-cutlery-dryer\/#breadcrumb","itemListElement":[{"@type":"ListItem","position":1,"name":"Home","item":"https:\/\/www.cutlerydryer.com\/es\/"},{"@type":"ListItem","position":2,"name":"Proyecto Cutlery Dryer"}]},{"@type":"WebSite","@id":"http:\/\/www.cutlerydryer.com\/es\/#website","url":"http:\/\/www.cutlerydryer.com\/es\/","name":"Cutlery Dryer","description":"Asciuga posate professionali","potentialAction":[{"@type":"SearchAction","target":{"@type":"EntryPoint","urlTemplate":"http:\/\/www.cutlerydryer.com\/es\/?s={search_term_string}"},"query-input":{"@type":"PropertyValueSpecification","valueRequired":true,"valueName":"search_term_string"}}],"inLanguage":"es"}]}},"_links":{"self":[{"href":"https:\/\/www.cutlerydryer.com\/es\/wp-json\/wp\/v2\/pages\/16357","targetHints":{"allow":["GET"]}}],"collection":[{"href":"https:\/\/www.cutlerydryer.com\/es\/wp-json\/wp\/v2\/pages"}],"about":[{"href":"https:\/\/www.cutlerydryer.com\/es\/wp-json\/wp\/v2\/types\/page"}],"author":[{"embeddable":true,"href":"https:\/\/www.cutlerydryer.com\/es\/wp-json\/wp\/v2\/users\/2"}],"replies":[{"embeddable":true,"href":"https:\/\/www.cutlerydryer.com\/es\/wp-json\/wp\/v2\/comments?post=16357"}],"version-history":[{"count":12,"href":"https:\/\/www.cutlerydryer.com\/es\/wp-json\/wp\/v2\/pages\/16357\/revisions"}],"predecessor-version":[{"id":19540,"href":"https:\/\/www.cutlerydryer.com\/es\/wp-json\/wp\/v2\/pages\/16357\/revisions\/19540"}],"wp:attachment":[{"href":"https:\/\/www.cutlerydryer.com\/es\/wp-json\/wp\/v2\/media?parent=16357"}],"curies":[{"name":"wp","href":"https:\/\/api.w.org\/{rel}","templated":true}]}}