
{"id":19841,"date":"2023-05-29T17:25:21","date_gmt":"2023-05-29T15:25:21","guid":{"rendered":"https:\/\/www.cutlerydryer.com\/?page_id=19841"},"modified":"2023-07-17T16:09:35","modified_gmt":"2023-07-17T14:09:35","slug":"vorteile","status":"publish","type":"page","link":"https:\/\/www.cutlerydryer.com\/de\/vorteile\/","title":{"rendered":"Vorteile"},"content":{"rendered":"<div class=\"wpb-content-wrapper\"><p>[vc_row bg_image=&#8220;19597&#8243; bg_repeat=&#8220;no-repeat&#8220; top_padding=&#8220;160&#8243; bottom_padding=&#8220;160&#8243;][vc_column column_center=&#8220;true&#8220; width=&#8220;1\/1&#8243;]<h1 class=\"headline font-special fontsize-xxxl fontweight-700 lh-inherit align-left transform-inherit \" style=\"margin: 0 0 0 0; color: #ffffff;\">ENTDECKEN SIE ALLE VORTEILE<\/h1><h1 class=\"headline font-special fontsize-xxxl fontweight-inherit lh-inherit align-left transform-inherit \" style=\"margin: 0 0 0 0; color: #ffffff;\">EINES BESTECKTROCKNERS<\/h1>[\/vc_column][\/vc_row][vc_row bg_image=&#8220;19845&#8243; top_padding=&#8220;110&#8243; bottom_padding=&#8220;110&#8243; class=&#8220;vantaggi-container1&#8243;][vc_column width=&#8220;1\/6&#8243;][\/vc_column][vc_column width=&#8220;2\/3&#8243;]<h1 class=\"headline font-inherit fontsize-inherit fontweight-700 lh-inherit align-center transform-inherit \" style=\"margin: 20px 0 0 0; color: #00a160;\">Warum eine Maschine f\u00fcr die Trocknung, das Polieren und die Desinfizierung des Bestecks kaufen?<\/h1><div class=\"spacer\" style=\"height: 70px;\"><\/div><div class=\"iconbox  wpb_content_element iconbox-style-5 icon-color-greyscale color-dark clearfix\"><div class=\"iconbox-icon\"><img src='https:\/\/www.cutlerydryer.com\/wp-content\/uploads\/risparmio-vantaggipage.png' class='iconimg' \/><\/div><div class=\"iconbox-content\"><h3>Arbeitszeit optimieren und Geld sparen<\/h3><p>Mit unseren Bestecktrocknern trocknet man das Besteck in wenigen Minuten. Dadurch wird das Geldersparnis zu Zeitersparnis, indem die Investition in kurzer Zeit amortisiert wird. Au\u00dferdem werden Essig und T\u00fccher behebt: dadurch erfolgt ein weiteres Geldersparnis.<\/p><\/div><\/div><div class=\"iconbox  wpb_content_element iconbox-style-5 icon-color-greyscale color-dark clearfix\"><div class=\"iconbox-icon\"><img src='https:\/\/www.cutlerydryer.com\/wp-content\/uploads\/durevole-vantaggipage.png' class='iconimg' \/><\/div><div class=\"iconbox-content\"><h3>Dauerhaftigkeit<\/h3><p>Das Leben des Bestecks verl\u00e4ngern und die Qualit\u00e4t der Bedienung verbessern<br \/>\nDank unseren Maschinen das Besteck sieht besser aus und die mise-en-place ist perfekt. Es wird, wie neues Besteck jeden Tag zu haben! Das Maisgranulat zusammen mit den Vibrationen entfernt alle Kalk- und Sp\u00fclmittelresten, und hilft dabei, die antioxidativen Behandlung zu verl\u00e4ngern.<\/p><\/div><\/div><div class=\"iconbox  wpb_content_element iconbox-style-5 icon-color-greyscale color-dark clearfix\"><div class=\"iconbox-icon\"><img src='https:\/\/www.cutlerydryer.com\/wp-content\/uploads\/sanificazione-vantaggipage.png' class='iconimg' \/><\/div><div class=\"iconbox-content\"><h3>Desinfizierung<\/h3><p>Dank unseren Bestecktrocknern erfolgt die Desinfizierung &#8212; heutzutage ein wichtiger Vorteil. Dieses Prozess wird durch hohe Temperatur gemacht, die den Erfolg garantiert.<\/p><\/div><\/div><div class=\"iconbox  wpb_content_element iconbox-style-5 icon-color-greyscale color-dark clearfix\"><div class=\"iconbox-icon\"><img src='https:\/\/www.cutlerydryer.com\/wp-content\/uploads\/brillantezza-vantaggipage.png' class='iconimg' \/><\/div><div class=\"iconbox-content\"><h3>Glanz<\/h3><p>Kalkflecken werden schnell entfernt und die Oberfl\u00e4che des Bestecks wird gl\u00e4nzend.<\/p><\/div><\/div><div class=\"iconbox  wpb_content_element iconbox-style-5 icon-color-greyscale color-dark clearfix\"><div class=\"iconbox-icon\"><img src='https:\/\/www.cutlerydryer.com\/wp-content\/uploads\/ecosostenibile-vantaggipage.png' class='iconimg' \/><\/div><div class=\"iconbox-content\"><h3>Umweltfreundlich<\/h3><p>Unsere Bestecktrockner benutzen das MAISGRANULAT: umweltfreundlich, 100% green, nat\u00fcrlich und biologisch abbaubar. Dank seiner Eigenschaften, d.h. Wasserabsorption und Abrieb, wird das Besteck gl\u00e4nzend und abgetrocknet.<\/p><\/div><\/div><div class=\"iconbox  wpb_content_element iconbox-style-5 icon-color-greyscale color-dark clearfix\"><div class=\"iconbox-icon\"><img src='https:\/\/www.cutlerydryer.com\/wp-content\/uploads\/facile-vantaggipage.png' class='iconimg' \/><\/div><div class=\"iconbox-content\"><h3>Benutzerfreundlich<\/h3><p>Unsere Bestecktrockner sind mit ACTIVE CONTROL ausgestattet. Der LCD Bildschirm begleitet den Benutzer durch die Phasen der Maschine mit kurzen und einfachen S\u00e4tzen.<\/p><\/div><\/div>[vc_row_inner][vc_column_inner width=&#8220;1\/4&#8243;][\/vc_column_inner][vc_column_inner width=&#8220;1\/2&#8243;]<a href=\"#kontaktbereich\" target=\"_self\" class=\"button color-2 large \" style=\"border-radius: ;\">ANFRAGE INFORMATIONEN<\/a>[\/vc_column_inner][vc_column_inner width=&#8220;1\/4&#8243;][\/vc_column_inner][\/vc_row_inner][\/vc_column][vc_column width=&#8220;1\/6&#8243;][\/vc_column][\/vc_row][vc_row equal_height=&#8220;yes&#8220; top_padding=&#8220;110&#8243; bottom_padding=&#8220;110&#8243; class=&#8220;vantaggi-container2&#8243;][vc_column width=&#8220;1\/2&#8243;]<h1 class=\"headline font-inherit fontsize-inherit fontweight-700 lh-inherit align-left transform-inherit \" style=\"margin: 20px 0 0 0; color: #00a160;\">Warum hohe Temperatur<\/h1><div class=\"spacer\" style=\"height: 70px;\"><\/div><div class=\"iconbox  wpb_content_element iconbox-style-2 icon-color-accent color-dark clearfix\"><div class=\"iconbox-icon\"><i class=\"fa fa-check boxicon\" style=\"\"><\/i><\/div><div class=\"iconbox-content\"><h3>Desinfizierung<\/h3><p>Sie wird durch die hohe Temperatur gemacht. In der Tat, dank der Silikon Heizelementen, die 100\u00b0\/130\u00b0C erreichen, das Maisgranulat, wo das Besteck eingetaucht ist, damit werden die Pathogene vom Besteck vernichtet (<span style=\"text-decoration: underline;\">von Labortest gepr\u00fcft<\/span>).<\/p><\/div><\/div><div class=\"iconbox  wpb_content_element iconbox-style-2 icon-color-accent color-dark clearfix\"><div class=\"iconbox-icon\"><i class=\"fa fa-check boxicon\" style=\"\"><\/i><\/div><div class=\"iconbox-content\"><h3>Konstantes resultat<\/h3><p>Perfekt abgetrocknetes Besteck vom Ersten bis zum letzten Besteckst\u00fcck.<\/p><\/div><\/div><div class=\"iconbox  wpb_content_element iconbox-style-2 icon-color-accent color-dark clearfix\"><div class=\"iconbox-icon\"><i class=\"fa fa-check boxicon\" style=\"\"><\/i><\/div><div class=\"iconbox-content\"><h3>Green sicherheit<\/h3><p>Dank der hohen Temperatur innerhalb der Maschine bleibt das Maisgranulat immer unbesch\u00e4digt und leistungsf\u00e4hig, auch nachdem man viele Besteckst\u00fccke in die Maschine einsteckt: die hohe Temperatur gew\u00e4hrleistet, dass das Maisgranulat wird nicht kalt und geschwollen mit Wasser in der Mitte des Trocknungszyklus, damit man vermeidet, dass das Besteck langsamer aus die Maschine auskommt.<\/p><\/div><\/div>[\/vc_column][vc_column width=&#8220;1\/2&#8243;]<div class=\"single_image wpb_content_element align-center   \" data-animation=\"none\" data-delay=\"0\"><img loading=\"lazy\" decoding=\"async\" class=\"\" src=\"https:\/\/www.cutlerydryer.com\/wp-content\/uploads\/Posate_MAN3300_072dpi-498x760.jpg\" width=\"498\" height=\"760\" alt=\"Posate_MAN3300_072dpi\" title=\"Posate_MAN3300_072dpi\" loading=\"lazy\" \/><\/div>[\/vc_column][\/vc_row][vc_row bg_color=&#8220;#e9edee&#8220; top_padding=&#8220;110&#8243; bottom_padding=&#8220;110&#8243; class=&#8220;vantaggi-container3&#8243;][vc_column]<h1 class=\"headline font-special fontsize-xxxl fontweight-700 lh-inherit align-center transform-inherit \" style=\"margin: 20px 0 0 0; color: #00a160;\">ACTIVE CONTROL<\/h1><h1 class=\"headline font-inherit fontsize-inherit fontweight-inherit lh-inherit align-center transform-inherit \" style=\"margin: 20px 0 0 0;\">Einfach, Unkompliziert, intuitiv<\/h1><div class=\"spacer\" style=\"height: 70px;\"><\/div>[\/vc_column][vc_column width=&#8220;1\/2&#8243;]<div class=\"single_image wpb_content_element align-center   \" data-animation=\"none\" data-delay=\"0\"><img fetchpriority=\"high\" decoding=\"async\" width=\"900\" height=\"707\" src=\"https:\/\/www.cutlerydryer.com\/wp-content\/uploads\/Jet_03_MAN3294.jpg\" class=\"attachment-full\" alt=\"\" title=\"Jet_03_MAN3294\" srcset=\"https:\/\/www.cutlerydryer.com\/wp-content\/uploads\/Jet_03_MAN3294.jpg 900w, https:\/\/www.cutlerydryer.com\/wp-content\/uploads\/Jet_03_MAN3294-300x236.jpg 300w\" sizes=\"(max-width: 900px) 100vw, 900px\" \/><\/div>[\/vc_column][vc_column width=&#8220;1\/2&#8243;]<div class=\"iconbox  wpb_content_element iconbox-style-2 icon-color-accent color-dark clearfix\"><div class=\"iconbox-icon\"><i class=\"fa fa-check boxicon\" style=\"\"><\/i><\/div><div class=\"iconbox-content\"><h3>Active Control Technologie<\/h3><p>Leiterplatte mit LCD Display, die den Benutzer durch die Phasen der Maschine<\/p><\/div><\/div><div class=\"iconbox  wpb_content_element iconbox-style-2 icon-color-accent color-dark clearfix\"><div class=\"iconbox-icon\"><i class=\"fa fa-check boxicon\" style=\"\"><\/i><\/div><div class=\"iconbox-content\"><h3>Warnung Replace Corn Cob<\/h3><p>Diese Warnung wird automatisch gezeigt, wenn der Ersatz notwendig ist<\/p><\/div><\/div><div class=\"iconbox  wpb_content_element iconbox-style-2 icon-color-accent color-dark clearfix\"><div class=\"iconbox-icon\"><i class=\"fa fa-check boxicon\" style=\"\"><\/i><\/div><div class=\"iconbox-content\"><h3>Stand-by<\/h3><p>Sie haltet die hohe Temperatur ein, und ab und zu startet sich neu, um gebrauchsfertig zu bleiben<\/p><\/div><\/div>[\/vc_column][\/vc_row][vc_row content_placement=&#8220;bottom&#8220; bg_color=&#8220;#ffffff&#8220; top_padding=&#8220;60&#8243; bottom_padding=&#8220;60&#8243;][vc_column width=&#8220;1\/1&#8243;]<div class=\"video-embed  wpb_content_element\"><iframe title=\"Host 2019 Tamai Cutlery Dryer present Evolution long\" width=\"1161\" height=\"653\" src=\"https:\/\/www.youtube.com\/embed\/3RdVr1RJa7g?feature=oembed\" frameborder=\"0\" allow=\"accelerometer; autoplay; clipboard-write; encrypted-media; gyroscope; picture-in-picture; web-share\" referrerpolicy=\"strict-origin-when-cross-origin\" allowfullscreen><\/iframe><\/div>[\/vc_column][\/vc_row][vc_row bg_image=&#8220;19750&#8243; top_padding=&#8220;110&#8243; bottom_padding=&#8220;110&#8243; row_id=&#8220;kontaktbereich&#8220;][vc_column width=&#8220;1\/2&#8243;]<h1 class=\"headline font-special fontsize-xxxl fontweight-700 lh-inherit align-left transform-inherit \" style=\"margin: 20px 0 0 0; color: #ffffff;\">F\u00fcllen Sie das Formular aus<\/h1><h2 class=\"headline font-inherit fontsize-xxxl fontweight-inherit lh-inherit align-left transform-inherit \" style=\"margin: 0 0 20px 0; color: #ffffff;\">Erfahren Sie mehr oder fordern Sie ein Angebot an<\/h2>[\/vc_column][vc_column width=&#8220;1\/2&#8243;][vc_column_text]<\/p>\n<p style=\"text-align: left;\">\n<div class=\"wpcf7 no-js\" id=\"wpcf7-f16290-o1\" lang=\"it-IT\" dir=\"ltr\" data-wpcf7-id=\"16290\">\n<div class=\"screen-reader-response\"><p role=\"status\" aria-live=\"polite\" aria-atomic=\"true\"><\/p> <ul><\/ul><\/div>\n<form action=\"\/de\/wp-json\/wp\/v2\/pages\/19841#wpcf7-f16290-o1\" method=\"post\" class=\"wpcf7-form init\" aria-label=\"Modulo di contatto\" novalidate=\"novalidate\" data-status=\"init\">\n<fieldset class=\"hidden-fields-container\"><input type=\"hidden\" name=\"_wpcf7\" value=\"16290\" \/><input type=\"hidden\" name=\"_wpcf7_version\" value=\"6.1.2\" \/><input type=\"hidden\" name=\"_wpcf7_locale\" value=\"it_IT\" \/><input type=\"hidden\" name=\"_wpcf7_unit_tag\" value=\"wpcf7-f16290-o1\" \/><input type=\"hidden\" name=\"_wpcf7_container_post\" value=\"0\" \/><input type=\"hidden\" name=\"_wpcf7_posted_data_hash\" value=\"\" \/>\n<\/fieldset>\n<p><span class=\"wpcf7-form-control-wrap\" data-name=\"your-name\"><input size=\"40\" maxlength=\"400\" class=\"wpcf7-form-control wpcf7-text wpcf7-validates-as-required\" aria-required=\"true\" aria-invalid=\"false\" placeholder=\"Name und Nachname*\" value=\"\" type=\"text\" name=\"your-name\" \/><\/span>\n<\/p>\n<p><span id=\"wpcf7-69e181f7e07b8-wrapper\" class=\"wpcf7-form-control-wrap email-wrap\" style=\"display:none !important; visibility:hidden !important;\"><label for=\"wpcf7-69e181f7e07b8-field\" class=\"hp-message\">Si prega di lasciare vuoto questo campo.<\/label><input id=\"wpcf7-69e181f7e07b8-field\"  placeholder=\"email\"  class=\"wpcf7-form-control wpcf7-text\" type=\"text\" name=\"email\" value=\"\" size=\"40\" tabindex=\"-1\" autocomplete=\"new-password\" \/><\/span><span class=\"wpcf7-form-control-wrap\" data-name=\"your-email\"><input size=\"40\" maxlength=\"400\" class=\"wpcf7-form-control wpcf7-email wpcf7-validates-as-required wpcf7-text wpcf7-validates-as-email\" aria-required=\"true\" aria-invalid=\"false\" placeholder=\"Email*\" value=\"\" type=\"email\" name=\"your-email\" \/><\/span>\n<\/p>\n<p><span class=\"wpcf7-form-control-wrap\" data-name=\"categoria\"><select class=\"wpcf7-form-control wpcf7-select wpcf7-validates-as-required\" aria-required=\"true\" aria-invalid=\"false\" name=\"categoria\"><option value=\"\">&#8212;Seleziona un&#039;opzione&#8212;<\/option><option value=\"Endverbraucher\">Endverbraucher<\/option><option value=\"Wiederverk\u00e4ufer\">Wiederverk\u00e4ufer<\/option><\/select><\/span>\n<\/p>\n<p><span class=\"wpcf7-form-control-wrap\" data-name=\"your-message\"><textarea cols=\"40\" rows=\"10\" maxlength=\"2000\" class=\"wpcf7-form-control wpcf7-textarea wpcf7-validates-as-required\" aria-required=\"true\" aria-invalid=\"false\" placeholder=\"Kommentare*\" name=\"your-message\"><\/textarea><\/span>\n<\/p>\n<p><span class=\"wpcf7-form-control-wrap\" data-name=\"acceptance-634\"><span class=\"wpcf7-form-control wpcf7-acceptance\"><span class=\"wpcf7-list-item\"><label><input type=\"checkbox\" name=\"acceptance-634\" value=\"1\" aria-invalid=\"false\" \/><span class=\"wpcf7-list-item-label\">Ich akzeptiere die Allgemeinen Gesch\u00e4ftsbedingungen und Datenschutzbestimmungen.<\/span><\/label><\/span><\/span><\/span>\n<\/p>\n<p><input class=\"wpcf7-form-control wpcf7-submit has-spinner submit-button\" type=\"submit\" value=\"NACHRICHT SENDEN\" \/>\n<\/p><p style=\"display: none !important;\" class=\"akismet-fields-container\" data-prefix=\"_wpcf7_ak_\"><label>&#916;<textarea name=\"_wpcf7_ak_hp_textarea\" cols=\"45\" rows=\"8\" maxlength=\"100\"><\/textarea><\/label><input type=\"hidden\" id=\"ak_js_1\" name=\"_wpcf7_ak_js\" value=\"186\"\/><script>document.getElementById( \"ak_js_1\" ).setAttribute( \"value\", ( new Date() ).getTime() );<\/script><\/p><input type='hidden' class='wpcf7-pum' value='{\"closepopup\":false,\"closedelay\":0,\"openpopup\":false,\"openpopup_id\":0}' \/><div class=\"wpcf7-response-output\" aria-hidden=\"true\"><\/div>\n<\/form>\n<\/div>\n<p>[\/vc_column_text][\/vc_column][\/vc_row]<\/p>\n<\/div>","protected":false},"excerpt":{"rendered":"<p>[vc_row bg_image=&#8220;19597&#8243; bg_repeat=&#8220;no-repeat&#8220; top_padding=&#8220;160&#8243; bottom_padding=&#8220;160&#8243;][vc_column column_center=&#8220;true&#8220; width=&#8220;1\/1&#8243;][\/vc_column][\/vc_row][vc_row bg_image=&#8220;19845&#8243; top_padding=&#8220;110&#8243; bottom_padding=&#8220;110&#8243; class=&#8220;vantaggi-container1&#8243;][vc_column width=&#8220;1\/6&#8243;][\/vc_column][vc_column width=&#8220;2\/3&#8243;][vc_row_inner][vc_column_inner width=&#8220;1\/4&#8243;][\/vc_column_inner][vc_column_inner width=&#8220;1\/2&#8243;][\/vc_column_inner][vc_column_inner width=&#8220;1\/4&#8243;][\/vc_column_inner][\/vc_row_inner][\/vc_column][vc_column width=&#8220;1\/6&#8243;][\/vc_column][\/vc_row][vc_row equal_height=&#8220;yes&#8220; top_padding=&#8220;110&#8243; bottom_padding=&#8220;110&#8243; class=&#8220;vantaggi-container2&#8243;][vc_column width=&#8220;1\/2&#8243;][\/vc_column][vc_column width=&#8220;1\/2&#8243;][\/vc_column][\/vc_row][vc_row bg_color=&#8220;#e9edee&#8220; top_padding=&#8220;110&#8243; bottom_padding=&#8220;110&#8243; class=&#8220;vantaggi-container3&#8243;][vc_column][\/vc_column][vc_column width=&#8220;1\/2&#8243;][\/vc_column][vc_column width=&#8220;1\/2&#8243;][\/vc_column][\/vc_row][vc_row content_placement=&#8220;bottom&#8220; bg_color=&#8220;#ffffff&#8220; top_padding=&#8220;60&#8243; bottom_padding=&#8220;60&#8243;][vc_column width=&#8220;1\/1&#8243;][\/vc_column][\/vc_row][vc_row bg_image=&#8220;19750&#8243; top_padding=&#8220;110&#8243; bottom_padding=&#8220;110&#8243; row_id=&#8220;kontaktbereich&#8220;][vc_column width=&#8220;1\/2&#8243;][\/vc_column][vc_column width=&#8220;1\/2&#8243;][vc_column_text] [\/vc_column_text][\/vc_column][\/vc_row]<\/p>\n","protected":false},"author":2,"featured_media":0,"parent":0,"menu_order":0,"comment_status":"closed","ping_status":"closed","template":"","meta":{"_monsterinsights_skip_tracking":false,"_monsterinsights_sitenote_active":false,"_monsterinsights_sitenote_note":"","_monsterinsights_sitenote_category":0,"footnotes":""},"class_list":["post-19841","page","type-page","status-publish","hentry"],"yoast_head":"<!-- This site is optimized with the Yoast SEO plugin v26.0 - https:\/\/yoast.com\/wordpress\/plugins\/seo\/ -->\n<title>Vorteile - Cutlery Dryer<\/title>\n<meta name=\"robots\" content=\"index, follow, max-snippet:-1, max-image-preview:large, max-video-preview:-1\" \/>\n<link rel=\"canonical\" href=\"https:\/\/www.cutlerydryer.com\/de\/vorteile\/\" \/>\n<meta property=\"og:locale\" content=\"de_DE\" \/>\n<meta property=\"og:type\" content=\"article\" \/>\n<meta property=\"og:title\" content=\"Vorteile - Cutlery Dryer\" \/>\n<meta property=\"og:description\" content=\"[vc_row bg_image=&#8220;19597&#8243; bg_repeat=&#8220;no-repeat&#8220; top_padding=&#8220;160&#8243; bottom_padding=&#8220;160&#8243;][vc_column column_center=&#8220;true&#8220; width=&#8220;1\/1&#8243;][\/vc_column][\/vc_row][vc_row bg_image=&#8220;19845&#8243; top_padding=&#8220;110&#8243; bottom_padding=&#8220;110&#8243; class=&#8220;vantaggi-container1&#8243;][vc_column width=&#8220;1\/6&#8243;][\/vc_column][vc_column width=&#8220;2\/3&#8243;][vc_row_inner][vc_column_inner width=&#8220;1\/4&#8243;][\/vc_column_inner][vc_column_inner width=&#8220;1\/2&#8243;][\/vc_column_inner][vc_column_inner width=&#8220;1\/4&#8243;][\/vc_column_inner][\/vc_row_inner][\/vc_column][vc_column width=&#8220;1\/6&#8243;][\/vc_column][\/vc_row][vc_row equal_height=&#8220;yes&#8220; top_padding=&#8220;110&#8243; bottom_padding=&#8220;110&#8243; class=&#8220;vantaggi-container2&#8243;][vc_column width=&#8220;1\/2&#8243;][\/vc_column][vc_column width=&#8220;1\/2&#8243;][\/vc_column][\/vc_row][vc_row bg_color=&#8220;#e9edee&#8220; top_padding=&#8220;110&#8243; bottom_padding=&#8220;110&#8243; class=&#8220;vantaggi-container3&#8243;][vc_column][\/vc_column][vc_column width=&#8220;1\/2&#8243;][\/vc_column][vc_column width=&#8220;1\/2&#8243;][\/vc_column][\/vc_row][vc_row content_placement=&#8220;bottom&#8220; bg_color=&#8220;#ffffff&#8220; top_padding=&#8220;60&#8243; bottom_padding=&#8220;60&#8243;][vc_column width=&#8220;1\/1&#8243;][\/vc_column][\/vc_row][vc_row bg_image=&#8220;19750&#8243; top_padding=&#8220;110&#8243; bottom_padding=&#8220;110&#8243; row_id=&#8220;kontaktbereich&#8220;][vc_column width=&#8220;1\/2&#8243;][\/vc_column][vc_column width=&#8220;1\/2&#8243;][vc_column_text] [\/vc_column_text][\/vc_column][\/vc_row]\" \/>\n<meta property=\"og:url\" content=\"https:\/\/www.cutlerydryer.com\/de\/vorteile\/\" \/>\n<meta property=\"og:site_name\" content=\"Cutlery Dryer\" \/>\n<meta property=\"article:modified_time\" content=\"2023-07-17T14:09:35+00:00\" \/>\n<meta name=\"twitter:card\" content=\"summary_large_image\" \/>\n<meta name=\"twitter:label1\" content=\"Gesch\u00e4tzte Lesezeit\" \/>\n\t<meta name=\"twitter:data1\" content=\"3\u00a0Minuten\" \/>\n<script type=\"application\/ld+json\" class=\"yoast-schema-graph\">{\"@context\":\"https:\/\/schema.org\",\"@graph\":[{\"@type\":\"WebPage\",\"@id\":\"https:\/\/www.cutlerydryer.com\/de\/vorteile\/\",\"url\":\"https:\/\/www.cutlerydryer.com\/de\/vorteile\/\",\"name\":\"Vorteile - Cutlery Dryer\",\"isPartOf\":{\"@id\":\"http:\/\/www.cutlerydryer.com\/de\/#website\"},\"datePublished\":\"2023-05-29T15:25:21+00:00\",\"dateModified\":\"2023-07-17T14:09:35+00:00\",\"breadcrumb\":{\"@id\":\"https:\/\/www.cutlerydryer.com\/de\/vorteile\/#breadcrumb\"},\"inLanguage\":\"de\",\"potentialAction\":[{\"@type\":\"ReadAction\",\"target\":[\"https:\/\/www.cutlerydryer.com\/de\/vorteile\/\"]}]},{\"@type\":\"BreadcrumbList\",\"@id\":\"https:\/\/www.cutlerydryer.com\/de\/vorteile\/#breadcrumb\",\"itemListElement\":[{\"@type\":\"ListItem\",\"position\":1,\"name\":\"Home\",\"item\":\"https:\/\/www.cutlerydryer.com\/de\/\"},{\"@type\":\"ListItem\",\"position\":2,\"name\":\"Vorteile\"}]},{\"@type\":\"WebSite\",\"@id\":\"http:\/\/www.cutlerydryer.com\/de\/#website\",\"url\":\"http:\/\/www.cutlerydryer.com\/de\/\",\"name\":\"Cutlery Dryer\",\"description\":\"Asciuga posate professionali\",\"potentialAction\":[{\"@type\":\"SearchAction\",\"target\":{\"@type\":\"EntryPoint\",\"urlTemplate\":\"http:\/\/www.cutlerydryer.com\/de\/?s={search_term_string}\"},\"query-input\":{\"@type\":\"PropertyValueSpecification\",\"valueRequired\":true,\"valueName\":\"search_term_string\"}}],\"inLanguage\":\"de\"}]}<\/script>\n<!-- \/ Yoast SEO plugin. -->","yoast_head_json":{"title":"Vorteile - Cutlery Dryer","robots":{"index":"index","follow":"follow","max-snippet":"max-snippet:-1","max-image-preview":"max-image-preview:large","max-video-preview":"max-video-preview:-1"},"canonical":"https:\/\/www.cutlerydryer.com\/de\/vorteile\/","og_locale":"de_DE","og_type":"article","og_title":"Vorteile - Cutlery Dryer","og_description":"[vc_row bg_image=&#8220;19597&#8243; bg_repeat=&#8220;no-repeat&#8220; top_padding=&#8220;160&#8243; bottom_padding=&#8220;160&#8243;][vc_column column_center=&#8220;true&#8220; width=&#8220;1\/1&#8243;][\/vc_column][\/vc_row][vc_row bg_image=&#8220;19845&#8243; top_padding=&#8220;110&#8243; bottom_padding=&#8220;110&#8243; class=&#8220;vantaggi-container1&#8243;][vc_column width=&#8220;1\/6&#8243;][\/vc_column][vc_column width=&#8220;2\/3&#8243;][vc_row_inner][vc_column_inner width=&#8220;1\/4&#8243;][\/vc_column_inner][vc_column_inner width=&#8220;1\/2&#8243;][\/vc_column_inner][vc_column_inner width=&#8220;1\/4&#8243;][\/vc_column_inner][\/vc_row_inner][\/vc_column][vc_column width=&#8220;1\/6&#8243;][\/vc_column][\/vc_row][vc_row equal_height=&#8220;yes&#8220; top_padding=&#8220;110&#8243; bottom_padding=&#8220;110&#8243; class=&#8220;vantaggi-container2&#8243;][vc_column width=&#8220;1\/2&#8243;][\/vc_column][vc_column width=&#8220;1\/2&#8243;][\/vc_column][\/vc_row][vc_row bg_color=&#8220;#e9edee&#8220; top_padding=&#8220;110&#8243; bottom_padding=&#8220;110&#8243; class=&#8220;vantaggi-container3&#8243;][vc_column][\/vc_column][vc_column width=&#8220;1\/2&#8243;][\/vc_column][vc_column width=&#8220;1\/2&#8243;][\/vc_column][\/vc_row][vc_row content_placement=&#8220;bottom&#8220; bg_color=&#8220;#ffffff&#8220; top_padding=&#8220;60&#8243; bottom_padding=&#8220;60&#8243;][vc_column width=&#8220;1\/1&#8243;][\/vc_column][\/vc_row][vc_row bg_image=&#8220;19750&#8243; top_padding=&#8220;110&#8243; bottom_padding=&#8220;110&#8243; row_id=&#8220;kontaktbereich&#8220;][vc_column width=&#8220;1\/2&#8243;][\/vc_column][vc_column width=&#8220;1\/2&#8243;][vc_column_text] [\/vc_column_text][\/vc_column][\/vc_row]","og_url":"https:\/\/www.cutlerydryer.com\/de\/vorteile\/","og_site_name":"Cutlery Dryer","article_modified_time":"2023-07-17T14:09:35+00:00","twitter_card":"summary_large_image","twitter_misc":{"Gesch\u00e4tzte Lesezeit":"3\u00a0Minuten"},"schema":{"@context":"https:\/\/schema.org","@graph":[{"@type":"WebPage","@id":"https:\/\/www.cutlerydryer.com\/de\/vorteile\/","url":"https:\/\/www.cutlerydryer.com\/de\/vorteile\/","name":"Vorteile - Cutlery Dryer","isPartOf":{"@id":"http:\/\/www.cutlerydryer.com\/de\/#website"},"datePublished":"2023-05-29T15:25:21+00:00","dateModified":"2023-07-17T14:09:35+00:00","breadcrumb":{"@id":"https:\/\/www.cutlerydryer.com\/de\/vorteile\/#breadcrumb"},"inLanguage":"de","potentialAction":[{"@type":"ReadAction","target":["https:\/\/www.cutlerydryer.com\/de\/vorteile\/"]}]},{"@type":"BreadcrumbList","@id":"https:\/\/www.cutlerydryer.com\/de\/vorteile\/#breadcrumb","itemListElement":[{"@type":"ListItem","position":1,"name":"Home","item":"https:\/\/www.cutlerydryer.com\/de\/"},{"@type":"ListItem","position":2,"name":"Vorteile"}]},{"@type":"WebSite","@id":"http:\/\/www.cutlerydryer.com\/de\/#website","url":"http:\/\/www.cutlerydryer.com\/de\/","name":"Cutlery Dryer","description":"Asciuga posate professionali","potentialAction":[{"@type":"SearchAction","target":{"@type":"EntryPoint","urlTemplate":"http:\/\/www.cutlerydryer.com\/de\/?s={search_term_string}"},"query-input":{"@type":"PropertyValueSpecification","valueRequired":true,"valueName":"search_term_string"}}],"inLanguage":"de"}]}},"_links":{"self":[{"href":"https:\/\/www.cutlerydryer.com\/de\/wp-json\/wp\/v2\/pages\/19841","targetHints":{"allow":["GET"]}}],"collection":[{"href":"https:\/\/www.cutlerydryer.com\/de\/wp-json\/wp\/v2\/pages"}],"about":[{"href":"https:\/\/www.cutlerydryer.com\/de\/wp-json\/wp\/v2\/types\/page"}],"author":[{"embeddable":true,"href":"https:\/\/www.cutlerydryer.com\/de\/wp-json\/wp\/v2\/users\/2"}],"replies":[{"embeddable":true,"href":"https:\/\/www.cutlerydryer.com\/de\/wp-json\/wp\/v2\/comments?post=19841"}],"version-history":[{"count":13,"href":"https:\/\/www.cutlerydryer.com\/de\/wp-json\/wp\/v2\/pages\/19841\/revisions"}],"predecessor-version":[{"id":20540,"href":"https:\/\/www.cutlerydryer.com\/de\/wp-json\/wp\/v2\/pages\/19841\/revisions\/20540"}],"wp:attachment":[{"href":"https:\/\/www.cutlerydryer.com\/de\/wp-json\/wp\/v2\/media?parent=19841"}],"curies":[{"name":"wp","href":"https:\/\/api.w.org\/{rel}","templated":true}]}}