
{"id":16409,"date":"2016-03-07T10:53:26","date_gmt":"2016-03-07T09:53:26","guid":{"rendered":"http:\/\/dacos2.dacos.it\/de\/?page_id=16409"},"modified":"2016-03-23T14:47:24","modified_gmt":"2016-03-23T13:47:24","slug":"rechtsbezogene-anmerkungen","status":"publish","type":"page","link":"https:\/\/www.cutlerydryer.com\/de\/rechtsbezogene-anmerkungen\/","title":{"rendered":"Rechtbezogene anmerkungen"},"content":{"rendered":"<p>Diese Unterlage enth\u00e4lt die rechtsg\u00fcltigen Bedingungen f\u00fcr den Zugriff auf die und den Gebrauch der Internet-Webseite www.cutlerydryer.com. Durch den Zugriff auf die Webseite, deren Gebrauch oder den Gebrauch der darin enthaltenen Materialien, verpflichten Sie nachstehende allgemeine Bestimmungen zu beachten.<\/p>\n<p><strong>1. Eigentum der Webseite<\/strong><br \/>\nDiese Webseite ist Eigentum der TAMAI S.r.l. mit Sitz in Via dell&#8217;Artigiano, 10 &#8211; 30021 Caorle (VE).<\/p>\n<p><strong>2. Uhrheberrecht und Markenrecht<\/strong><br \/>\nDiese Webseite ist durch das Uhrheberrecht als einzelnes und\/oder zusammengesetztes Werk und\/oder als Sammelwerk laut dem italienischen Gesetz und des Gesetzes der Europ\u00e4ischen Gemeinschaft bez\u00fcglich Uhrheberrecht und laut den internationalen Abkommen und den anderen Gesetzgebungen betreffend Uhrheberrecht gesch\u00fctzt.<br \/>\nJeder unzugelassene Gebrauch der in der Webseite enthaltenen Materialien ist strengstens verboten.<br \/>\nDie Webseite k\u00f6nnte Unterlagen, Bilder, Software, Informationen und andere Materialien Eigentum Dritter, wie Fotos, Werbung, Filmclips und Musik enthalten.<br \/>\nJeder unzugelassene Gebrauch der in der Webseite enthaltenen Materialien ist strengstens verboten es sei denn es wurde zuvor die schriftliche Zustimmung des Besitzers der genannten Materialien eingeholt.<br \/>\nAlle Rechte vorbehalten.<\/p>\n<p><strong>3. Gebrauch und Zugriff auf die Webseite<\/strong><br \/>\nDer Inhalt und die Materialien der Webseite sind ausschlie\u00dflich dem pers\u00f6nlichen und nicht dem kommerziellen Gebrauch bestimmt.<br \/>\nDer Benutzer kann den Inhalt und anderes Material von dieser Webseite herunterladen, vorausgesetzt er macht davon nur einen pers\u00f6nlichen und nicht einen kommerziellen Gebrauch und unter der Bedingung, dass er anerkennt dass das in der Webseite enthaltene Material durch das Uhrheberrecht gesch\u00fctzt ist sowie unter der Voraussetzung dass er alle Uhrheberrechte und alle anderen in dieser Webseite enthaltenen Rechte beachtet.<br \/>\nDas Vervielf\u00e4ltigen oder Speichern des Inhalts f\u00fcr andere Zwecke als die pers\u00f6nlichen und nicht kommerziellen ist strengstens verboten es sei denn es wurde zuvor die schriftliche Zustimmung der xxxx eingeholt.<br \/>\nDie TAMAI S.r.l. ist berechtigt jederzeit jedes Merkmal der Webseite zu \u00e4ndern, zu l\u00f6schen oder zu unterbrechen oder auch den Zugriff auf die gesamte Webseite oder auf einen Teil, auf die Funktionen oder auf die Datenbank derselben zu verhindern.<br \/>\nDie TAMAI S.r.l. ist au\u00dferdem berechtigt eventuelle Fehler oder Unterlassungen \u00fcberall in der Webseite zu korrigieren oder bestimmte Funktionen und Dienstleistungen oder auch den Zugriff der Benutzer auf einem Teil oder auf die gesamte Webseite ohne Vorbescheid und haftungsfrei zu beschr\u00e4nken.<\/p>\n<p><strong>4. Garantieverweigerung und Haftungsbeschr\u00e4nkung<\/strong><br \/>\nDer Benutzer ist sich bewusst diese Webseite auf das eigene Risiko zu benutzen. Die Dienstleistung wird im gegenw\u00e4rtigen Zustand geliefert und die TAMAI S.r.l. verweigert jede Garantieleistung, sowohl ausdr\u00fcckliche als auch stillschweigende Garantien wie nur beispielsweise die der Sorgfalt, der Zuverl\u00e4ssigkeit, des Eigentums, der Nichtverletzung, der Angemessenheit f\u00fcr bestimmte Zwecke oder jede andere Garantie, Bedingung, Versicherung oder Erkl\u00e4rung, seien sie m\u00fcndlich oder schriftlich oder in elektronischer Form wie nur beispielsweise jede Garantie der Sorgfalt oder der Vollst\u00e4ndigkeit aller in der Webseite enthaltenen oder von der Webseite gelieferten Informationen. Die Gesellschaft TAMAI S.r.l. erkl\u00e4rt nicht und gew\u00e4hrleistet nicht dass der Zugriff auf die Webseite nicht unterbrochen wird oder dass die Webseite keine St\u00f6rungen, Fehler, Unterlassungen enthalten wird oder \u00fcbermittelte Informationen nicht verloren gehen werden oder dass von der Webseite keinerlei Viren \u00fcbertragen werden.<br \/>\nDie Gesellschaft TAMAI S.r.l. haftet den Benutzern der Webseite oder Dritten nicht f\u00fcr direkte, indirekte, spezielle, folgerichtige oder strafende Sch\u00e4den, die sich vermutlich aus dem Zugriff oder dem unm\u00f6glichen Zugriff auf die Webseite ergeben k\u00f6nnten, auch nicht im Falle von Viren die vermutlich von der Webseite \u00fcbertragen wurden oder f\u00fcr den Gebrauch der Webseite oder f\u00fcr den Verlass auf alle in der Webseite zur Verf\u00fcgung stehenden Informationen oder Materialien.<\/p>\n<p><strong>5. Anwendbare Gesetze und Rechtsprechung<\/strong><br \/>\nDer Benutzer anerkennt und stimmt f\u00fcr jeden Zweck dar\u00fcber \u00fcberein, dass Streitigkeiten, die sich aus dem Zugriff auf die und\/oder aus dem Gebrauch der Webseite ergeben sollten, dem italienischen Gesetz und der ausschlie\u00dflichen Rechtsprechung eines italienischen Gerichts unterliegen.<\/p>\n<p><strong>6. Datenschutz<\/strong><br \/>\nIhre personenbezogenen Daten werden in den Datenbanken der TAMAI S.r.l. laut Datenschutzgesetz 196\/03 ausschlie\u00dflich f\u00fcr direkte Mitteilungen gespeichert und werden nicht Dritten mitgeteilt.<br \/>\nSie k\u00f6nnen Ihre Daten jederzeit durch den daf\u00fcr Verantwortlichen der Gesellschaft aktualisieren oder l\u00f6schen lassen und dies per E-Mail unter der Adresse info@tamaiequipment.com beantragen.<\/p>\n<p><strong>7. \u00c4nderungen<\/strong><br \/>\nDie oben aufgef\u00fchrten Normen k\u00f6nnen in jedem Fall von der TAMAI S.r.l. ge\u00e4ndert werden; \u00fcber eventuelle Revisionen werden Sie in dieser Seite informiert. Der fortlaufende Gebrauch der Webseite seitens des Benutzers entspricht der Annahme seitens des Benutzers dieser \u00c4nderungen oder dieser Revisionen der Normen; aus diesem Grund empfehlen wir die Seite regelm\u00e4\u00dfig zu besuchen.<\/p>\n","protected":false},"excerpt":{"rendered":"<p>Diese Unterlage enth\u00e4lt die rechtsg\u00fcltigen Bedingungen f\u00fcr den Zugriff auf die und den Gebrauch der Internet-Webseite www.cutlerydryer.com. Durch den Zugriff auf die Webseite, deren Gebrauch oder den Gebrauch der darin enthaltenen Materialien, verpflichten Sie nachstehende allgemeine Bestimmungen zu beachten. 1. Eigentum der Webseite Diese Webseite ist Eigentum der TAMAI S.r.l. mit Sitz in Via dell&#8217;Artigiano, 10 &#8211; 30021 Caorle (VE). 2. Uhrheberrecht und Markenrecht Diese Webseite ist durch das Uhrheberrecht als einzelnes und\/oder zusammengesetztes Werk und\/oder als Sammelwerk laut dem italienischen Gesetz und des Gesetzes der Europ\u00e4ischen Gemeinschaft bez\u00fcglich Uhrheberrecht und laut den internationalen Abkommen und den anderen Gesetzgebungen betreffend Uhrheberrecht gesch\u00fctzt. Jeder unzugelassene Gebrauch der in der Webseite enthaltenen Materialien ist strengstens verboten. Die Webseite k\u00f6nnte Unterlagen, Bilder, Software, Informationen und andere Materialien Eigentum Dritter, wie Fotos, Werbung, Filmclips und Musik enthalten. Jeder unzugelassene Gebrauch der in der Webseite enthaltenen Materialien ist strengstens verboten es sei denn es wurde zuvor die schriftliche Zustimmung des Besitzers der genannten Materialien eingeholt. Alle Rechte vorbehalten. 3. Gebrauch und Zugriff auf die Webseite Der Inhalt und die Materialien der Webseite sind ausschlie\u00dflich dem pers\u00f6nlichen und nicht dem kommerziellen Gebrauch bestimmt. Der Benutzer kann den Inhalt und anderes Material von dieser Webseite herunterladen, vorausgesetzt [&hellip;]<\/p>\n","protected":false},"author":2,"featured_media":0,"parent":0,"menu_order":0,"comment_status":"closed","ping_status":"closed","template":"","meta":{"_monsterinsights_skip_tracking":false,"_monsterinsights_sitenote_active":false,"_monsterinsights_sitenote_note":"","_monsterinsights_sitenote_category":0,"footnotes":""},"class_list":["post-16409","page","type-page","status-publish","hentry"],"yoast_head":"<!-- This site is optimized with the Yoast SEO plugin v26.0 - https:\/\/yoast.com\/wordpress\/plugins\/seo\/ -->\n<title>Rechtbezogene anmerkungen - Cutlery Dryer<\/title>\n<meta name=\"robots\" content=\"noindex, nofollow\" \/>\n<meta property=\"og:locale\" content=\"de_DE\" \/>\n<meta property=\"og:type\" content=\"article\" \/>\n<meta property=\"og:title\" content=\"Rechtbezogene anmerkungen - Cutlery Dryer\" \/>\n<meta property=\"og:description\" content=\"Diese Unterlage enth\u00e4lt die rechtsg\u00fcltigen Bedingungen f\u00fcr den Zugriff auf die und den Gebrauch der Internet-Webseite www.cutlerydryer.com. Durch den Zugriff auf die Webseite, deren Gebrauch oder den Gebrauch der darin enthaltenen Materialien, verpflichten Sie nachstehende allgemeine Bestimmungen zu beachten. 1. Eigentum der Webseite Diese Webseite ist Eigentum der TAMAI S.r.l. mit Sitz in Via dell&#8217;Artigiano, 10 &#8211; 30021 Caorle (VE). 2. Uhrheberrecht und Markenrecht Diese Webseite ist durch das Uhrheberrecht als einzelnes und\/oder zusammengesetztes Werk und\/oder als Sammelwerk laut dem italienischen Gesetz und des Gesetzes der Europ\u00e4ischen Gemeinschaft bez\u00fcglich Uhrheberrecht und laut den internationalen Abkommen und den anderen Gesetzgebungen betreffend Uhrheberrecht gesch\u00fctzt. Jeder unzugelassene Gebrauch der in der Webseite enthaltenen Materialien ist strengstens verboten. Die Webseite k\u00f6nnte Unterlagen, Bilder, Software, Informationen und andere Materialien Eigentum Dritter, wie Fotos, Werbung, Filmclips und Musik enthalten. Jeder unzugelassene Gebrauch der in der Webseite enthaltenen Materialien ist strengstens verboten es sei denn es wurde zuvor die schriftliche Zustimmung des Besitzers der genannten Materialien eingeholt. Alle Rechte vorbehalten. 3. Gebrauch und Zugriff auf die Webseite Der Inhalt und die Materialien der Webseite sind ausschlie\u00dflich dem pers\u00f6nlichen und nicht dem kommerziellen Gebrauch bestimmt. Der Benutzer kann den Inhalt und anderes Material von dieser Webseite herunterladen, vorausgesetzt [&hellip;]\" \/>\n<meta property=\"og:url\" content=\"https:\/\/www.cutlerydryer.com\/de\/rechtsbezogene-anmerkungen\/\" \/>\n<meta property=\"og:site_name\" content=\"Cutlery Dryer\" \/>\n<meta property=\"article:modified_time\" content=\"2016-03-23T13:47:24+00:00\" \/>\n<meta name=\"twitter:card\" content=\"summary_large_image\" \/>\n<meta name=\"twitter:label1\" content=\"Gesch\u00e4tzte Lesezeit\" \/>\n\t<meta name=\"twitter:data1\" content=\"4\u00a0Minuten\" \/>\n<script type=\"application\/ld+json\" class=\"yoast-schema-graph\">{\"@context\":\"https:\/\/schema.org\",\"@graph\":[{\"@type\":\"WebPage\",\"@id\":\"https:\/\/www.cutlerydryer.com\/de\/rechtsbezogene-anmerkungen\/\",\"url\":\"https:\/\/www.cutlerydryer.com\/de\/rechtsbezogene-anmerkungen\/\",\"name\":\"Rechtbezogene anmerkungen - Cutlery Dryer\",\"isPartOf\":{\"@id\":\"http:\/\/www.cutlerydryer.com\/de\/#website\"},\"datePublished\":\"2016-03-07T09:53:26+00:00\",\"dateModified\":\"2016-03-23T13:47:24+00:00\",\"breadcrumb\":{\"@id\":\"https:\/\/www.cutlerydryer.com\/de\/rechtsbezogene-anmerkungen\/#breadcrumb\"},\"inLanguage\":\"de\",\"potentialAction\":[{\"@type\":\"ReadAction\",\"target\":[\"https:\/\/www.cutlerydryer.com\/de\/rechtsbezogene-anmerkungen\/\"]}]},{\"@type\":\"BreadcrumbList\",\"@id\":\"https:\/\/www.cutlerydryer.com\/de\/rechtsbezogene-anmerkungen\/#breadcrumb\",\"itemListElement\":[{\"@type\":\"ListItem\",\"position\":1,\"name\":\"Home\",\"item\":\"https:\/\/www.cutlerydryer.com\/de\/\"},{\"@type\":\"ListItem\",\"position\":2,\"name\":\"Rechtbezogene anmerkungen\"}]},{\"@type\":\"WebSite\",\"@id\":\"http:\/\/www.cutlerydryer.com\/de\/#website\",\"url\":\"http:\/\/www.cutlerydryer.com\/de\/\",\"name\":\"Cutlery Dryer\",\"description\":\"Asciuga posate professionali\",\"potentialAction\":[{\"@type\":\"SearchAction\",\"target\":{\"@type\":\"EntryPoint\",\"urlTemplate\":\"http:\/\/www.cutlerydryer.com\/de\/?s={search_term_string}\"},\"query-input\":{\"@type\":\"PropertyValueSpecification\",\"valueRequired\":true,\"valueName\":\"search_term_string\"}}],\"inLanguage\":\"de\"}]}<\/script>\n<!-- \/ Yoast SEO plugin. -->","yoast_head_json":{"title":"Rechtbezogene anmerkungen - Cutlery Dryer","robots":{"index":"noindex","follow":"nofollow"},"og_locale":"de_DE","og_type":"article","og_title":"Rechtbezogene anmerkungen - Cutlery Dryer","og_description":"Diese Unterlage enth\u00e4lt die rechtsg\u00fcltigen Bedingungen f\u00fcr den Zugriff auf die und den Gebrauch der Internet-Webseite www.cutlerydryer.com. Durch den Zugriff auf die Webseite, deren Gebrauch oder den Gebrauch der darin enthaltenen Materialien, verpflichten Sie nachstehende allgemeine Bestimmungen zu beachten. 1. Eigentum der Webseite Diese Webseite ist Eigentum der TAMAI S.r.l. mit Sitz in Via dell&#8217;Artigiano, 10 &#8211; 30021 Caorle (VE). 2. Uhrheberrecht und Markenrecht Diese Webseite ist durch das Uhrheberrecht als einzelnes und\/oder zusammengesetztes Werk und\/oder als Sammelwerk laut dem italienischen Gesetz und des Gesetzes der Europ\u00e4ischen Gemeinschaft bez\u00fcglich Uhrheberrecht und laut den internationalen Abkommen und den anderen Gesetzgebungen betreffend Uhrheberrecht gesch\u00fctzt. Jeder unzugelassene Gebrauch der in der Webseite enthaltenen Materialien ist strengstens verboten. Die Webseite k\u00f6nnte Unterlagen, Bilder, Software, Informationen und andere Materialien Eigentum Dritter, wie Fotos, Werbung, Filmclips und Musik enthalten. Jeder unzugelassene Gebrauch der in der Webseite enthaltenen Materialien ist strengstens verboten es sei denn es wurde zuvor die schriftliche Zustimmung des Besitzers der genannten Materialien eingeholt. Alle Rechte vorbehalten. 3. Gebrauch und Zugriff auf die Webseite Der Inhalt und die Materialien der Webseite sind ausschlie\u00dflich dem pers\u00f6nlichen und nicht dem kommerziellen Gebrauch bestimmt. Der Benutzer kann den Inhalt und anderes Material von dieser Webseite herunterladen, vorausgesetzt [&hellip;]","og_url":"https:\/\/www.cutlerydryer.com\/de\/rechtsbezogene-anmerkungen\/","og_site_name":"Cutlery Dryer","article_modified_time":"2016-03-23T13:47:24+00:00","twitter_card":"summary_large_image","twitter_misc":{"Gesch\u00e4tzte Lesezeit":"4\u00a0Minuten"},"schema":{"@context":"https:\/\/schema.org","@graph":[{"@type":"WebPage","@id":"https:\/\/www.cutlerydryer.com\/de\/rechtsbezogene-anmerkungen\/","url":"https:\/\/www.cutlerydryer.com\/de\/rechtsbezogene-anmerkungen\/","name":"Rechtbezogene anmerkungen - Cutlery Dryer","isPartOf":{"@id":"http:\/\/www.cutlerydryer.com\/de\/#website"},"datePublished":"2016-03-07T09:53:26+00:00","dateModified":"2016-03-23T13:47:24+00:00","breadcrumb":{"@id":"https:\/\/www.cutlerydryer.com\/de\/rechtsbezogene-anmerkungen\/#breadcrumb"},"inLanguage":"de","potentialAction":[{"@type":"ReadAction","target":["https:\/\/www.cutlerydryer.com\/de\/rechtsbezogene-anmerkungen\/"]}]},{"@type":"BreadcrumbList","@id":"https:\/\/www.cutlerydryer.com\/de\/rechtsbezogene-anmerkungen\/#breadcrumb","itemListElement":[{"@type":"ListItem","position":1,"name":"Home","item":"https:\/\/www.cutlerydryer.com\/de\/"},{"@type":"ListItem","position":2,"name":"Rechtbezogene anmerkungen"}]},{"@type":"WebSite","@id":"http:\/\/www.cutlerydryer.com\/de\/#website","url":"http:\/\/www.cutlerydryer.com\/de\/","name":"Cutlery Dryer","description":"Asciuga posate professionali","potentialAction":[{"@type":"SearchAction","target":{"@type":"EntryPoint","urlTemplate":"http:\/\/www.cutlerydryer.com\/de\/?s={search_term_string}"},"query-input":{"@type":"PropertyValueSpecification","valueRequired":true,"valueName":"search_term_string"}}],"inLanguage":"de"}]}},"_links":{"self":[{"href":"https:\/\/www.cutlerydryer.com\/de\/wp-json\/wp\/v2\/pages\/16409","targetHints":{"allow":["GET"]}}],"collection":[{"href":"https:\/\/www.cutlerydryer.com\/de\/wp-json\/wp\/v2\/pages"}],"about":[{"href":"https:\/\/www.cutlerydryer.com\/de\/wp-json\/wp\/v2\/types\/page"}],"author":[{"embeddable":true,"href":"https:\/\/www.cutlerydryer.com\/de\/wp-json\/wp\/v2\/users\/2"}],"replies":[{"embeddable":true,"href":"https:\/\/www.cutlerydryer.com\/de\/wp-json\/wp\/v2\/comments?post=16409"}],"version-history":[{"count":7,"href":"https:\/\/www.cutlerydryer.com\/de\/wp-json\/wp\/v2\/pages\/16409\/revisions"}],"predecessor-version":[{"id":16657,"href":"https:\/\/www.cutlerydryer.com\/de\/wp-json\/wp\/v2\/pages\/16409\/revisions\/16657"}],"wp:attachment":[{"href":"https:\/\/www.cutlerydryer.com\/de\/wp-json\/wp\/v2\/media?parent=16409"}],"curies":[{"name":"wp","href":"https:\/\/api.w.org\/{rel}","templated":true}]}}