
{"id":16253,"date":"2016-03-06T13:43:39","date_gmt":"2016-03-06T12:43:39","guid":{"rendered":"http:\/\/dacos2.dacos.it\/de\/?page_id=16253"},"modified":"2022-05-10T14:43:44","modified_gmt":"2022-05-10T12:43:44","slug":"mig","status":"publish","type":"page","link":"https:\/\/www.cutlerydryer.com\/de\/mig\/","title":{"rendered":"Mig"},"content":{"rendered":"<div class=\"wpb-content-wrapper\"><p>[vc_row][vc_column width=&#8220;1\/3&#8243;]<div class=\"single_image wpb_content_element align-left   \" data-animation=\"none\" data-delay=\"0\"><img fetchpriority=\"high\" decoding=\"async\" width=\"1179\" height=\"1766\" src=\"https:\/\/www.cutlerydryer.com\/wp-content\/uploads\/mig-evo-asciuga-posate.jpg\" class=\"attachment-full\" alt=\"\" title=\"mig-evo-asciuga-posate\" srcset=\"https:\/\/www.cutlerydryer.com\/wp-content\/uploads\/mig-evo-asciuga-posate.jpg 1179w, https:\/\/www.cutlerydryer.com\/wp-content\/uploads\/mig-evo-asciuga-posate-200x300.jpg 200w, https:\/\/www.cutlerydryer.com\/wp-content\/uploads\/mig-evo-asciuga-posate-684x1024.jpg 684w\" sizes=\"(max-width: 1179px) 100vw, 1179px\" \/><\/div>[vc_facebook][\/vc_column][vc_column width=&#8220;2\/3&#8243;][vc_column_text]<\/p>\n<h4>Modell MIGevo &#8211; Cod. E210evo<\/h4>\n<p>Automatisches Tischmodell mit neuer Leiterplatte ausgestattet, die der Benutzer im Gebrauch der Maschine begleitet.<br \/>\nPhasen: <strong>WARMLAUFEN &#8211; TROCKNEN &#8211; MAISSPINDEL ERSETZEN<\/strong>.<\/p>\n<p>Dieses Modell eignet sich fu\u0308r kleine und mittelgro\u00dfe Ra\u0308ume.<br \/>\nEinfach zu benutzen: die nasse Besteckstu\u0308cke (5\/7 pro Mal) werden in die obere Seite der Maschine hineingesteckt, dann kommen sie von der Vorderseite getrocknet aus. Sie schieben getaucht in hei\u00dfer Maisspindel innerhalb eines spiralfo\u0308rmigen u\u0308berpru\u0308fbaren Tunnels.<br \/>\nEs werden ungefa\u0308hr 2500 Besteckstu\u0308cke pro Zyklus getrocknet. Empfohlen fu\u0308r Aktivita\u0308ten, die bis zu 120 Sitzpla\u0308tze aufnehmen ko\u0308nnen. Komplett aus Edelstahl AISI 304 gebaut.<br \/>\nDie Maisspindel ist ein pflanzlicher und biologisch abbaubar Stoff, und kann fu\u0308r rund 120 Arbeitstage gebraucht werden.<br \/>\n<strong>Technische Eigenschaften<\/strong> (Bis zu 120 sitzpla\u0308tze)<\/p>\n<ul>\n<li><strong>Struktur:<\/strong> Edelstahl AISI 304<\/li>\n<li><strong>Abmessungen:<\/strong> 450x610x410 mm<\/li>\n<li><strong>Gewicht:<\/strong> 42 kg<\/li>\n<li><strong>Stromversorgung:<\/strong> Einphasenstrom 230V 50Hz<\/li>\n<li><strong>Stromaufnahme:<\/strong> 0,70 KW<\/li>\n<li><strong>Steuerstromkreis:<\/strong> 12V<\/li>\n<li><strong>Produktionsleistung:<\/strong> 2500 Bestecke<\/li>\n<li><strong>Standardausstattung:<\/strong> 1 Packung Maiskolben-spindeln zu 5 Kg<\/li>\n<li><strong>Zubeh\u00f6r:<\/strong> Besteckkorb; Bewegliches Teil fu\u0308r Besteckkorb; Rollwagen; Beschickungso\u0308ffnung<\/li>\n<\/ul>\n<p>[\/vc_column_text]<a href=\"https:\/\/www.cutlerydryer.com\/wp-content\/uploads\/TAMAI_Catalogo-BASSA-RISOLUZIONE.pdf\" target=\"_blank\" class=\"button color-1 small \" style=\"border-radius: 2px;\">Download PDF<\/a>[\/vc_column][\/vc_row]<\/p>\n<\/div>","protected":false},"excerpt":{"rendered":"<p>[vc_row][vc_column width=&#8220;1\/3&#8243;][vc_facebook][\/vc_column][vc_column width=&#8220;2\/3&#8243;][vc_column_text] Modell MIGevo &#8211; Cod. E210evo Automatisches Tischmodell mit neuer Leiterplatte ausgestattet, die der Benutzer im Gebrauch der Maschine begleitet. Phasen: WARMLAUFEN &#8211; TROCKNEN &#8211; MAISSPINDEL ERSETZEN. Dieses Modell eignet sich fu\u0308r kleine und mittelgro\u00dfe Ra\u0308ume. Einfach zu benutzen: die nasse Besteckstu\u0308cke (5\/7 pro Mal) werden in die obere Seite der Maschine hineingesteckt, dann kommen sie von der Vorderseite getrocknet aus. Sie schieben getaucht in hei\u00dfer Maisspindel innerhalb eines spiralfo\u0308rmigen u\u0308berpru\u0308fbaren Tunnels. Es werden ungefa\u0308hr 2500 Besteckstu\u0308cke pro Zyklus getrocknet. Empfohlen fu\u0308r Aktivita\u0308ten, die bis zu 120 Sitzpla\u0308tze aufnehmen ko\u0308nnen. Komplett aus Edelstahl AISI 304 gebaut. Die Maisspindel ist ein pflanzlicher und biologisch abbaubar Stoff, und kann fu\u0308r rund 120 Arbeitstage gebraucht werden. Technische Eigenschaften (Bis zu 120 sitzpla\u0308tze) Struktur: Edelstahl AISI 304 Abmessungen: 450x610x410 mm Gewicht: 42 kg Stromversorgung: Einphasenstrom 230V 50Hz Stromaufnahme: 0,70 KW Steuerstromkreis: 12V Produktionsleistung: 2500 Bestecke Standardausstattung: 1 Packung Maiskolben-spindeln zu 5 Kg Zubeh\u00f6r: Besteckkorb; Bewegliches Teil fu\u0308r Besteckkorb; Rollwagen; Beschickungso\u0308ffnung [\/vc_column_text][\/vc_column][\/vc_row]<\/p>\n","protected":false},"author":2,"featured_media":0,"parent":0,"menu_order":0,"comment_status":"closed","ping_status":"closed","template":"","meta":{"_monsterinsights_skip_tracking":false,"_monsterinsights_sitenote_active":false,"_monsterinsights_sitenote_note":"","_monsterinsights_sitenote_category":0,"footnotes":""},"class_list":["post-16253","page","type-page","status-publish","hentry"],"yoast_head":"<!-- This site is optimized with the Yoast SEO plugin v26.0 - https:\/\/yoast.com\/wordpress\/plugins\/seo\/ -->\n<title>Mig<\/title>\n<meta name=\"description\" content=\"Automatisches Tischmodell f\u00fcr mittelgro\u00dfe und kleinere R\u00e4umlichkeiten. (\" \/>\n<meta name=\"robots\" content=\"index, follow, max-snippet:-1, max-image-preview:large, max-video-preview:-1\" \/>\n<link rel=\"canonical\" href=\"https:\/\/www.cutlerydryer.com\/de\/mig\/\" \/>\n<meta property=\"og:locale\" content=\"de_DE\" \/>\n<meta property=\"og:type\" content=\"article\" \/>\n<meta property=\"og:title\" content=\"Mig\" \/>\n<meta property=\"og:description\" content=\"Automatisches Tischmodell f\u00fcr mittelgro\u00dfe und kleinere R\u00e4umlichkeiten. (\" \/>\n<meta property=\"og:url\" content=\"https:\/\/www.cutlerydryer.com\/de\/mig\/\" \/>\n<meta property=\"og:site_name\" content=\"Cutlery Dryer\" \/>\n<meta property=\"article:modified_time\" content=\"2022-05-10T12:43:44+00:00\" \/>\n<meta name=\"twitter:card\" content=\"summary_large_image\" \/>\n<meta name=\"twitter:label1\" content=\"Gesch\u00e4tzte Lesezeit\" \/>\n\t<meta name=\"twitter:data1\" content=\"1\u00a0Minute\" \/>\n<script type=\"application\/ld+json\" class=\"yoast-schema-graph\">{\"@context\":\"https:\/\/schema.org\",\"@graph\":[{\"@type\":\"WebPage\",\"@id\":\"https:\/\/www.cutlerydryer.com\/de\/mig\/\",\"url\":\"https:\/\/www.cutlerydryer.com\/de\/mig\/\",\"name\":\"Mig\",\"isPartOf\":{\"@id\":\"http:\/\/www.cutlerydryer.com\/de\/#website\"},\"datePublished\":\"2016-03-06T12:43:39+00:00\",\"dateModified\":\"2022-05-10T12:43:44+00:00\",\"description\":\"Automatisches Tischmodell f\u00fcr mittelgro\u00dfe und kleinere R\u00e4umlichkeiten. (\",\"breadcrumb\":{\"@id\":\"https:\/\/www.cutlerydryer.com\/de\/mig\/#breadcrumb\"},\"inLanguage\":\"de\",\"potentialAction\":[{\"@type\":\"ReadAction\",\"target\":[\"https:\/\/www.cutlerydryer.com\/de\/mig\/\"]}]},{\"@type\":\"BreadcrumbList\",\"@id\":\"https:\/\/www.cutlerydryer.com\/de\/mig\/#breadcrumb\",\"itemListElement\":[{\"@type\":\"ListItem\",\"position\":1,\"name\":\"Home\",\"item\":\"https:\/\/www.cutlerydryer.com\/de\/\"},{\"@type\":\"ListItem\",\"position\":2,\"name\":\"Mig\"}]},{\"@type\":\"WebSite\",\"@id\":\"http:\/\/www.cutlerydryer.com\/de\/#website\",\"url\":\"http:\/\/www.cutlerydryer.com\/de\/\",\"name\":\"Cutlery Dryer\",\"description\":\"Asciuga posate professionali\",\"potentialAction\":[{\"@type\":\"SearchAction\",\"target\":{\"@type\":\"EntryPoint\",\"urlTemplate\":\"http:\/\/www.cutlerydryer.com\/de\/?s={search_term_string}\"},\"query-input\":{\"@type\":\"PropertyValueSpecification\",\"valueRequired\":true,\"valueName\":\"search_term_string\"}}],\"inLanguage\":\"de\"}]}<\/script>\n<!-- \/ Yoast SEO plugin. -->","yoast_head_json":{"title":"Mig","description":"Automatisches Tischmodell f\u00fcr mittelgro\u00dfe und kleinere R\u00e4umlichkeiten. (","robots":{"index":"index","follow":"follow","max-snippet":"max-snippet:-1","max-image-preview":"max-image-preview:large","max-video-preview":"max-video-preview:-1"},"canonical":"https:\/\/www.cutlerydryer.com\/de\/mig\/","og_locale":"de_DE","og_type":"article","og_title":"Mig","og_description":"Automatisches Tischmodell f\u00fcr mittelgro\u00dfe und kleinere R\u00e4umlichkeiten. (","og_url":"https:\/\/www.cutlerydryer.com\/de\/mig\/","og_site_name":"Cutlery Dryer","article_modified_time":"2022-05-10T12:43:44+00:00","twitter_card":"summary_large_image","twitter_misc":{"Gesch\u00e4tzte Lesezeit":"1\u00a0Minute"},"schema":{"@context":"https:\/\/schema.org","@graph":[{"@type":"WebPage","@id":"https:\/\/www.cutlerydryer.com\/de\/mig\/","url":"https:\/\/www.cutlerydryer.com\/de\/mig\/","name":"Mig","isPartOf":{"@id":"http:\/\/www.cutlerydryer.com\/de\/#website"},"datePublished":"2016-03-06T12:43:39+00:00","dateModified":"2022-05-10T12:43:44+00:00","description":"Automatisches Tischmodell f\u00fcr mittelgro\u00dfe und kleinere R\u00e4umlichkeiten. (","breadcrumb":{"@id":"https:\/\/www.cutlerydryer.com\/de\/mig\/#breadcrumb"},"inLanguage":"de","potentialAction":[{"@type":"ReadAction","target":["https:\/\/www.cutlerydryer.com\/de\/mig\/"]}]},{"@type":"BreadcrumbList","@id":"https:\/\/www.cutlerydryer.com\/de\/mig\/#breadcrumb","itemListElement":[{"@type":"ListItem","position":1,"name":"Home","item":"https:\/\/www.cutlerydryer.com\/de\/"},{"@type":"ListItem","position":2,"name":"Mig"}]},{"@type":"WebSite","@id":"http:\/\/www.cutlerydryer.com\/de\/#website","url":"http:\/\/www.cutlerydryer.com\/de\/","name":"Cutlery Dryer","description":"Asciuga posate professionali","potentialAction":[{"@type":"SearchAction","target":{"@type":"EntryPoint","urlTemplate":"http:\/\/www.cutlerydryer.com\/de\/?s={search_term_string}"},"query-input":{"@type":"PropertyValueSpecification","valueRequired":true,"valueName":"search_term_string"}}],"inLanguage":"de"}]}},"_links":{"self":[{"href":"https:\/\/www.cutlerydryer.com\/de\/wp-json\/wp\/v2\/pages\/16253","targetHints":{"allow":["GET"]}}],"collection":[{"href":"https:\/\/www.cutlerydryer.com\/de\/wp-json\/wp\/v2\/pages"}],"about":[{"href":"https:\/\/www.cutlerydryer.com\/de\/wp-json\/wp\/v2\/types\/page"}],"author":[{"embeddable":true,"href":"https:\/\/www.cutlerydryer.com\/de\/wp-json\/wp\/v2\/users\/2"}],"replies":[{"embeddable":true,"href":"https:\/\/www.cutlerydryer.com\/de\/wp-json\/wp\/v2\/comments?post=16253"}],"version-history":[{"count":14,"href":"https:\/\/www.cutlerydryer.com\/de\/wp-json\/wp\/v2\/pages\/16253\/revisions"}],"predecessor-version":[{"id":19093,"href":"https:\/\/www.cutlerydryer.com\/de\/wp-json\/wp\/v2\/pages\/16253\/revisions\/19093"}],"wp:attachment":[{"href":"https:\/\/www.cutlerydryer.com\/de\/wp-json\/wp\/v2\/media?parent=16253"}],"curies":[{"name":"wp","href":"https:\/\/api.w.org\/{rel}","templated":true}]}}