
{"id":16251,"date":"2016-03-06T13:39:53","date_gmt":"2016-03-06T12:39:53","guid":{"rendered":"http:\/\/dacos2.dacos.it\/de\/?page_id=16251"},"modified":"2023-02-02T15:13:40","modified_gmt":"2023-02-02T14:13:40","slug":"jet","status":"publish","type":"page","link":"https:\/\/www.cutlerydryer.com\/de\/jet\/","title":{"rendered":"Jet"},"content":{"rendered":"<div class=\"wpb-content-wrapper\"><p>[vc_row][vc_column width=&#8220;1\/3&#8243;]<div class=\"single_image wpb_content_element align-left   \" data-animation=\"none\" data-delay=\"0\"><img fetchpriority=\"high\" decoding=\"async\" width=\"1179\" height=\"1766\" src=\"https:\/\/www.cutlerydryer.com\/wp-content\/uploads\/jet-evo-cutlery-dryer.jpg\" class=\"attachment-full\" alt=\"\" title=\"jet-evo-cutlery-dryer\" srcset=\"https:\/\/www.cutlerydryer.com\/wp-content\/uploads\/jet-evo-cutlery-dryer.jpg 1179w, https:\/\/www.cutlerydryer.com\/wp-content\/uploads\/jet-evo-cutlery-dryer-200x300.jpg 200w, https:\/\/www.cutlerydryer.com\/wp-content\/uploads\/jet-evo-cutlery-dryer-684x1024.jpg 684w\" sizes=\"(max-width: 1179px) 100vw, 1179px\" \/><\/div><a href=\"https:\/\/www.cutlerydryer.com\/de\/angebotsanforderung\/\" target=\"_blank\" class=\"button color-1 small \" style=\"border-radius: 2px;\">INFORMATIONEN ANFORDERN<\/a>[vc_facebook][\/vc_column][vc_column width=&#8220;2\/3&#8243;][vc_column_text]<\/p>\n<h4>Modell JETevo &#8211; Cod. E310evo<\/h4>\n<p>Automatisches Modell mit Rollwagen und neuer Leiterplatte ausgestattet, die der Benutzer im Gebrauch der Maschine begleitet.<br \/>\nPhasen: <strong>WARMLAUFEN &#8211; TROCKNEN &#8211; MAISSPINDEL ERSETZEN<\/strong>.<\/p>\n<p>Dieses Modell eignet sich fu\u0308r mittelgro\u00dfe und gro\u00dfe Ra\u0308ume.<br \/>\nEinfach zu benutzen: die nasse Besteckstu\u0308cke (10\/12 pro Mal) werden<br \/>\nin die obere Seite der Maschine hineingesteckt, dann kommen sie von der Vorderseite getrocknet aus. Sie schieben getaucht in hei\u00dfer Maisspindel innerhalb eines spiralfo\u0308rmigen u\u0308berpru\u0308fbaren Tunnels.<br \/>\nEs werden ungefa\u0308hr 5000\/6000 Besteckstu\u0308cke pro Zyklus getrocknet. Empfohlen fu\u0308r Aktivita\u0308ten, die bis zu 250 Sitzpla\u0308tze aufnehmen ko\u0308nnen. Komplett aus Edelstahl AISI 304 gebaut.<br \/>\nDie Maisspindel ist ein pflanzlicher und biologisch abbaubar Stoff, und kann fu\u0308r rund 120 Arbeitstage gebraucht werden.<br \/>\n<strong>Technische Eigenschaften<\/strong> (bis zu 250 sitzpla\u0308tze)<\/p>\n<ul>\n<li><strong>Struktur:<\/strong> Edelstahl AISI 304<\/li>\n<li><strong>Abmessungen:<\/strong> 690x620x800 mm<\/li>\n<li><strong>Gewicht:<\/strong> 84 kg<\/li>\n<li><strong>Stromversorgung:<\/strong> Einphasenstrom 230V 50Hz.<\/li>\n<li><strong>Stromaufnahme:<\/strong> 0,80 KW<\/li>\n<li><strong>Steuerstromkreis:<\/strong> 12V<\/li>\n<li><strong>Produktionsleistung:<\/strong> 5000\/6000 Besteckstu\u0308cke<\/li>\n<li><strong>Standardausstattung:<\/strong> 1 Packung Maiskolbenspindeln zu 5 Kg.<\/li>\n<li><strong>Zubeh\u00f6r:<\/strong> Halterung fu\u0308r Besteckkorb; Besteckkorb<\/li>\n<\/ul>\n<p>[\/vc_column_text]<a href=\"https:\/\/www.cutlerydryer.com\/wp-content\/uploads\/TAMAI_Catalogo-BASSA-RISOLUZIONE.pdf\" target=\"_blank\" class=\"button color-1 small \" style=\"border-radius: 2px;\">LADEN SIE DEN KATALOG HERUNTER<\/a>[\/vc_column][\/vc_row]<\/p>\n<\/div>","protected":false},"excerpt":{"rendered":"<p>[vc_row][vc_column width=&#8220;1\/3&#8243;][vc_facebook][\/vc_column][vc_column width=&#8220;2\/3&#8243;][vc_column_text] Modell JETevo &#8211; Cod. E310evo Automatisches Modell mit Rollwagen und neuer Leiterplatte ausgestattet, die der Benutzer im Gebrauch der Maschine begleitet. Phasen: WARMLAUFEN &#8211; TROCKNEN &#8211; MAISSPINDEL ERSETZEN. Dieses Modell eignet sich fu\u0308r mittelgro\u00dfe und gro\u00dfe Ra\u0308ume. Einfach zu benutzen: die nasse Besteckstu\u0308cke (10\/12 pro Mal) werden in die obere Seite der Maschine hineingesteckt, dann kommen sie von der Vorderseite getrocknet aus. Sie schieben getaucht in hei\u00dfer Maisspindel innerhalb eines spiralfo\u0308rmigen u\u0308berpru\u0308fbaren Tunnels. Es werden ungefa\u0308hr 5000\/6000 Besteckstu\u0308cke pro Zyklus getrocknet. Empfohlen fu\u0308r Aktivita\u0308ten, die bis zu 250 Sitzpla\u0308tze aufnehmen ko\u0308nnen. Komplett aus Edelstahl AISI 304 gebaut. Die Maisspindel ist ein pflanzlicher und biologisch abbaubar Stoff, und kann fu\u0308r rund 120 Arbeitstage gebraucht werden. Technische Eigenschaften (bis zu 250 sitzpla\u0308tze) Struktur: Edelstahl AISI 304 Abmessungen: 690x620x800 mm Gewicht: 84 kg Stromversorgung: Einphasenstrom 230V 50Hz. Stromaufnahme: 0,80 KW Steuerstromkreis: 12V Produktionsleistung: 5000\/6000 Besteckstu\u0308cke Standardausstattung: 1 Packung Maiskolbenspindeln zu 5 Kg. Zubeh\u00f6r: Halterung fu\u0308r Besteckkorb; Besteckkorb [\/vc_column_text][\/vc_column][\/vc_row]<\/p>\n","protected":false},"author":2,"featured_media":0,"parent":0,"menu_order":0,"comment_status":"closed","ping_status":"closed","template":"","meta":{"_monsterinsights_skip_tracking":false,"_monsterinsights_sitenote_active":false,"_monsterinsights_sitenote_note":"","_monsterinsights_sitenote_category":0,"footnotes":""},"class_list":["post-16251","page","type-page","status-publish","hentry"],"yoast_head":"<!-- This site is optimized with the Yoast SEO plugin v26.0 - https:\/\/yoast.com\/wordpress\/plugins\/seo\/ -->\n<title>Jet<\/title>\n<meta name=\"description\" content=\"Automatisches Modell f\u00fcr mittelgro\u00dfe und gro\u00dfe R\u00e4umlichkeiten. (&gt;150 Tischesitz zirka)\" \/>\n<meta name=\"robots\" content=\"index, follow, max-snippet:-1, max-image-preview:large, max-video-preview:-1\" \/>\n<link rel=\"canonical\" href=\"https:\/\/www.cutlerydryer.com\/de\/jet\/\" \/>\n<meta property=\"og:locale\" content=\"de_DE\" \/>\n<meta property=\"og:type\" content=\"article\" \/>\n<meta property=\"og:title\" content=\"Jet\" \/>\n<meta property=\"og:description\" content=\"Automatisches Modell f\u00fcr mittelgro\u00dfe und gro\u00dfe R\u00e4umlichkeiten. (&gt;150 Tischesitz zirka)\" \/>\n<meta property=\"og:url\" content=\"https:\/\/www.cutlerydryer.com\/de\/jet\/\" \/>\n<meta property=\"og:site_name\" content=\"Cutlery Dryer\" \/>\n<meta property=\"article:modified_time\" content=\"2023-02-02T14:13:40+00:00\" \/>\n<meta name=\"twitter:card\" content=\"summary_large_image\" \/>\n<meta name=\"twitter:label1\" content=\"Gesch\u00e4tzte Lesezeit\" \/>\n\t<meta name=\"twitter:data1\" content=\"1\u00a0Minute\" \/>\n<script type=\"application\/ld+json\" class=\"yoast-schema-graph\">{\"@context\":\"https:\/\/schema.org\",\"@graph\":[{\"@type\":\"WebPage\",\"@id\":\"https:\/\/www.cutlerydryer.com\/de\/jet\/\",\"url\":\"https:\/\/www.cutlerydryer.com\/de\/jet\/\",\"name\":\"Jet\",\"isPartOf\":{\"@id\":\"http:\/\/www.cutlerydryer.com\/de\/#website\"},\"datePublished\":\"2016-03-06T12:39:53+00:00\",\"dateModified\":\"2023-02-02T14:13:40+00:00\",\"description\":\"Automatisches Modell f\u00fcr mittelgro\u00dfe und gro\u00dfe R\u00e4umlichkeiten. (>150 Tischesitz zirka)\",\"breadcrumb\":{\"@id\":\"https:\/\/www.cutlerydryer.com\/de\/jet\/#breadcrumb\"},\"inLanguage\":\"de\",\"potentialAction\":[{\"@type\":\"ReadAction\",\"target\":[\"https:\/\/www.cutlerydryer.com\/de\/jet\/\"]}]},{\"@type\":\"BreadcrumbList\",\"@id\":\"https:\/\/www.cutlerydryer.com\/de\/jet\/#breadcrumb\",\"itemListElement\":[{\"@type\":\"ListItem\",\"position\":1,\"name\":\"Home\",\"item\":\"https:\/\/www.cutlerydryer.com\/de\/\"},{\"@type\":\"ListItem\",\"position\":2,\"name\":\"Jet\"}]},{\"@type\":\"WebSite\",\"@id\":\"http:\/\/www.cutlerydryer.com\/de\/#website\",\"url\":\"http:\/\/www.cutlerydryer.com\/de\/\",\"name\":\"Cutlery Dryer\",\"description\":\"Asciuga posate professionali\",\"potentialAction\":[{\"@type\":\"SearchAction\",\"target\":{\"@type\":\"EntryPoint\",\"urlTemplate\":\"http:\/\/www.cutlerydryer.com\/de\/?s={search_term_string}\"},\"query-input\":{\"@type\":\"PropertyValueSpecification\",\"valueRequired\":true,\"valueName\":\"search_term_string\"}}],\"inLanguage\":\"de\"}]}<\/script>\n<!-- \/ Yoast SEO plugin. -->","yoast_head_json":{"title":"Jet","description":"Automatisches Modell f\u00fcr mittelgro\u00dfe und gro\u00dfe R\u00e4umlichkeiten. (>150 Tischesitz zirka)","robots":{"index":"index","follow":"follow","max-snippet":"max-snippet:-1","max-image-preview":"max-image-preview:large","max-video-preview":"max-video-preview:-1"},"canonical":"https:\/\/www.cutlerydryer.com\/de\/jet\/","og_locale":"de_DE","og_type":"article","og_title":"Jet","og_description":"Automatisches Modell f\u00fcr mittelgro\u00dfe und gro\u00dfe R\u00e4umlichkeiten. (>150 Tischesitz zirka)","og_url":"https:\/\/www.cutlerydryer.com\/de\/jet\/","og_site_name":"Cutlery Dryer","article_modified_time":"2023-02-02T14:13:40+00:00","twitter_card":"summary_large_image","twitter_misc":{"Gesch\u00e4tzte Lesezeit":"1\u00a0Minute"},"schema":{"@context":"https:\/\/schema.org","@graph":[{"@type":"WebPage","@id":"https:\/\/www.cutlerydryer.com\/de\/jet\/","url":"https:\/\/www.cutlerydryer.com\/de\/jet\/","name":"Jet","isPartOf":{"@id":"http:\/\/www.cutlerydryer.com\/de\/#website"},"datePublished":"2016-03-06T12:39:53+00:00","dateModified":"2023-02-02T14:13:40+00:00","description":"Automatisches Modell f\u00fcr mittelgro\u00dfe und gro\u00dfe R\u00e4umlichkeiten. (>150 Tischesitz zirka)","breadcrumb":{"@id":"https:\/\/www.cutlerydryer.com\/de\/jet\/#breadcrumb"},"inLanguage":"de","potentialAction":[{"@type":"ReadAction","target":["https:\/\/www.cutlerydryer.com\/de\/jet\/"]}]},{"@type":"BreadcrumbList","@id":"https:\/\/www.cutlerydryer.com\/de\/jet\/#breadcrumb","itemListElement":[{"@type":"ListItem","position":1,"name":"Home","item":"https:\/\/www.cutlerydryer.com\/de\/"},{"@type":"ListItem","position":2,"name":"Jet"}]},{"@type":"WebSite","@id":"http:\/\/www.cutlerydryer.com\/de\/#website","url":"http:\/\/www.cutlerydryer.com\/de\/","name":"Cutlery Dryer","description":"Asciuga posate professionali","potentialAction":[{"@type":"SearchAction","target":{"@type":"EntryPoint","urlTemplate":"http:\/\/www.cutlerydryer.com\/de\/?s={search_term_string}"},"query-input":{"@type":"PropertyValueSpecification","valueRequired":true,"valueName":"search_term_string"}}],"inLanguage":"de"}]}},"_links":{"self":[{"href":"https:\/\/www.cutlerydryer.com\/de\/wp-json\/wp\/v2\/pages\/16251","targetHints":{"allow":["GET"]}}],"collection":[{"href":"https:\/\/www.cutlerydryer.com\/de\/wp-json\/wp\/v2\/pages"}],"about":[{"href":"https:\/\/www.cutlerydryer.com\/de\/wp-json\/wp\/v2\/types\/page"}],"author":[{"embeddable":true,"href":"https:\/\/www.cutlerydryer.com\/de\/wp-json\/wp\/v2\/users\/2"}],"replies":[{"embeddable":true,"href":"https:\/\/www.cutlerydryer.com\/de\/wp-json\/wp\/v2\/comments?post=16251"}],"version-history":[{"count":12,"href":"https:\/\/www.cutlerydryer.com\/de\/wp-json\/wp\/v2\/pages\/16251\/revisions"}],"predecessor-version":[{"id":19464,"href":"https:\/\/www.cutlerydryer.com\/de\/wp-json\/wp\/v2\/pages\/16251\/revisions\/19464"}],"wp:attachment":[{"href":"https:\/\/www.cutlerydryer.com\/de\/wp-json\/wp\/v2\/media?parent=16251"}],"curies":[{"name":"wp","href":"https:\/\/api.w.org\/{rel}","templated":true}]}}