
{"id":16236,"date":"2016-03-06T13:17:57","date_gmt":"2016-03-06T12:17:57","guid":{"rendered":"http:\/\/dacos2.dacos.it\/de\/?page_id=16236"},"modified":"2023-02-16T18:14:19","modified_gmt":"2023-02-16T17:14:19","slug":"cutlery-dryer-programm","status":"publish","type":"page","link":"https:\/\/www.cutlerydryer.com\/de\/cutlery-dryer-programm\/","title":{"rendered":"Cutlery Dryer Projekt"},"content":{"rendered":"<div class=\"wpb-content-wrapper\"><p>[vc_row][vc_column width=&#8220;1\/1&#8243;]<h1 class=\"headline font-inherit fontsize-xxl fontweight-600 lh-inherit align-right transform-inherit \" style=\"margin: 0 0 20px 0; color: #f40000;\">&#8230;.. Die St\u00e4rke der Hitze und die Kraft der Vibrationen<\/h1>[\/vc_column][\/vc_row][vc_row][vc_column width=&#8220;5\/6&#8243;]<div class=\"spacer\" style=\"height: 40px;\"><\/div><h1 class=\"headline font-inherit fontsize-l fontweight-inherit lh-inherit align-center transform-inherit \" style=\"margin: 0 0 20px 0;\">EVOLUTION: die qualitative Verbesserung von CUTLERY DRYER<\/h1>[\/vc_column][vc_column width=&#8220;1\/6&#8243;]<div class=\"single_image wpb_content_element align-left   \" data-animation=\"none\" data-delay=\"0\"><img fetchpriority=\"high\" decoding=\"async\" width=\"245\" height=\"206\" src=\"https:\/\/www.cutlerydryer.com\/wp-content\/uploads\/COCCARDA-ROSSA-giusta.png\" class=\"attachment-full\" alt=\"\" title=\"COCCARDA ROSSA giusta\" \/><\/div>[\/vc_column][\/vc_row][vc_row][vc_column width=&#8220;1\/4&#8243;]<div class=\"single_image wpb_content_element align-left   \" data-animation=\"none\" data-delay=\"0\"><img decoding=\"async\" width=\"300\" height=\"196\" src=\"https:\/\/www.cutlerydryer.com\/wp-content\/uploads\/foto-eagle-300x196.jpg\" class=\"attachment-medium\" alt=\"\" title=\"foto eagle\" srcset=\"https:\/\/www.cutlerydryer.com\/wp-content\/uploads\/foto-eagle-300x196.jpg 300w, https:\/\/www.cutlerydryer.com\/wp-content\/uploads\/foto-eagle.jpg 536w\" sizes=\"(max-width: 300px) 100vw, 300px\" \/><\/div>[\/vc_column][vc_column width=&#8220;3\/4&#8243;][vc_column_text]<strong>EVOLUTION<\/strong> ist das Restyling von unserer ganzen Produktlinie. Dank der eingef\u00fchrten Innovationen zusammen mit den erwiesenen Leistungen sind unsere Maschinen noch wettbewerbsf\u00e4higer, noch leistungsf\u00e4higer und noch flexibler.<\/p>\n<p><strong>ACTIVE CONTROL<\/strong> ist die Leiterplatte mit LCD-Display, mit der alle unsere Modelle ausgestattet sind, damit es einfacher ist, die Phasen der Maschinen einfach und auf einer intuitiven Weise zu folgen.<\/p>\n<p><strong>EAGLE<\/strong> neu, exklusive und leistungsf\u00e4hige <strong>EINBAU &#8211;<\/strong>\u00a0oder Tischmodelle.[\/vc_column_text][\/vc_column][\/vc_row][vc_row][vc_column width=&#8220;2\/3&#8243;][vc_column_text]<\/p>\n<p>&nbsp;<\/p>\n<p>Unsere Linie besteht aus automatischen und handbet\u00e4tigten Modellen, die sich durch Anmessungen unterscheiden, die aber alle gleich f\u00fcr Vorteilen und Qualit\u00e4t sind, damit sie zu verschiedenen Bed\u00fcrfnissen anpassen k\u00f6nnen.<\/p>\n<p>Unsere Maschinen sind mit Edelstahl AISI 304 gebaut, und werden mit schallabsorbierenden Paneelen isoliert, um Energie zu sparen und L\u00e4rm zu reduzieren. Alle Komponenten sind von hoher Qualit\u00e4t und <strong>MADE IN ITALY<\/strong>.[\/vc_column_text][\/vc_column][vc_column width=&#8220;1\/3&#8243;]<div class=\"single_image wpb_content_element align-center   \" data-animation=\"none\" data-delay=\"0\"><img decoding=\"async\" width=\"300\" height=\"200\" src=\"https:\/\/www.cutlerydryer.com\/wp-content\/uploads\/Tornado_03_MAN3372_072dpi-300x200.jpg\" class=\"attachment-medium\" alt=\"\" title=\"Tornado_03_MAN3372_072dpi\" srcset=\"https:\/\/www.cutlerydryer.com\/wp-content\/uploads\/Tornado_03_MAN3372_072dpi-300x200.jpg 300w, https:\/\/www.cutlerydryer.com\/wp-content\/uploads\/Tornado_03_MAN3372_072dpi-1024x684.jpg 1024w, https:\/\/www.cutlerydryer.com\/wp-content\/uploads\/Tornado_03_MAN3372_072dpi-600x400.jpg 600w, https:\/\/www.cutlerydryer.com\/wp-content\/uploads\/Tornado_03_MAN3372_072dpi.jpg 1766w\" sizes=\"(max-width: 300px) 100vw, 300px\" \/><\/div>[\/vc_column][\/vc_row][vc_row type=&#8220;full_width_section&#8220;][vc_column width=&#8220;1\/3&#8243;]<div class=\"iconbox  wpb_content_element iconbox-style-1 icon-color-accent color-dark animation-none\"><h3><img src='https:\/\/www.cutlerydryer.com\/wp-content\/uploads\/2016\/03\/ico-dryer-1.png' class='iconimg' \/><span>Trockenes<\/span><\/h3><p><\/p><\/div>[\/vc_column][vc_column width=&#8220;1\/3&#8243;]<div class=\"iconbox  wpb_content_element iconbox-style-1 icon-color-accent color-dark animation-none\"><h3><img src='https:\/\/www.cutlerydryer.com\/wp-content\/uploads\/2016\/03\/ico-sanitizer-1.png' class='iconimg' \/><span>Desinfiziertes<\/span><\/h3><p><\/p><\/div>[\/vc_column][vc_column width=&#8220;1\/3&#8243;]<div class=\"iconbox  wpb_content_element iconbox-style-1 icon-color-accent color-dark animation-none\"><h3><img src='https:\/\/www.cutlerydryer.com\/wp-content\/uploads\/2016\/03\/ico-polisher-1.png' class='iconimg' \/><span>Gl\u00e4nzendes<\/span><\/h3><p><\/p><\/div>[\/vc_column][\/vc_row][vc_row][vc_column width=&#8220;1\/1&#8243;]<div class=\"spacer\" style=\"height: 40px;\"><\/div><div class=\"newdivider align-center\" style=\"border-bottom-style: solid; border-color: #999999; border-bottom-width: 1px; margin-top: 0; margin-bottom: 0; width: 100%; \"><\/div><div class=\"clear\"><\/div><div class=\"spacer\" style=\"height: 40px;\"><\/div>[\/vc_column][\/vc_row][vc_row][vc_column width=&#8220;1\/4&#8243;][\/vc_column][vc_column width=&#8220;1\/2&#8243;]<div class=\"single_image wpb_content_element align-left  animate  image_opacity\" data-animation=\"fade-in-from-bottom\" data-delay=\"0\"><a href=\"https:\/\/www.cutlerydryer.com\/de\/eagle-up\" target=\"_self\"><img loading=\"lazy\" decoding=\"async\" width=\"1080\" height=\"1080\" src=\"https:\/\/www.cutlerydryer.com\/wp-content\/uploads\/NOVITA-3.png\" class=\"attachment-full\" alt=\"\" title=\"NOVIT\u00c0 (3)\" srcset=\"https:\/\/www.cutlerydryer.com\/wp-content\/uploads\/NOVITA-3.png 1080w, https:\/\/www.cutlerydryer.com\/wp-content\/uploads\/NOVITA-3-300x300.png 300w, https:\/\/www.cutlerydryer.com\/wp-content\/uploads\/NOVITA-3-1024x1024.png 1024w, https:\/\/www.cutlerydryer.com\/wp-content\/uploads\/NOVITA-3-150x150.png 150w, https:\/\/www.cutlerydryer.com\/wp-content\/uploads\/NOVITA-3-80x80.png 80w, https:\/\/www.cutlerydryer.com\/wp-content\/uploads\/NOVITA-3-500x500.png 500w, https:\/\/www.cutlerydryer.com\/wp-content\/uploads\/NOVITA-3-1000x1000.png 1000w\" sizes=\"(max-width: 1080px) 100vw, 1080px\" \/><\/a><\/div>[\/vc_column][vc_column width=&#8220;1\/4&#8243;][\/vc_column][\/vc_row][vc_row][vc_column width=&#8220;1\/4&#8243;]<div class=\"single_image wpb_content_element align-left  animate  image_opacity\" data-animation=\"fade-in-from-bottom\" data-delay=\"0\"><a href=\"https:\/\/www.cutlerydryer.com\/de\/jet\" target=\"_self\"><img loading=\"lazy\" decoding=\"async\" width=\"1766\" height=\"1179\" src=\"https:\/\/www.cutlerydryer.com\/wp-content\/uploads\/eagle-tamai-product.jpg\" class=\"attachment-full\" alt=\"\" title=\"eagle-tamai-product\" srcset=\"https:\/\/www.cutlerydryer.com\/wp-content\/uploads\/eagle-tamai-product.jpg 1766w, https:\/\/www.cutlerydryer.com\/wp-content\/uploads\/eagle-tamai-product-300x200.jpg 300w, https:\/\/www.cutlerydryer.com\/wp-content\/uploads\/eagle-tamai-product-1024x684.jpg 1024w, https:\/\/www.cutlerydryer.com\/wp-content\/uploads\/eagle-tamai-product-600x400.jpg 600w\" sizes=\"(max-width: 1766px) 100vw, 1766px\" \/><\/a><\/div>[\/vc_column][vc_column width=&#8220;1\/4&#8243;]<div class=\"single_image wpb_content_element align-left  animate  image_opacity\" data-animation=\"fade-in-from-bottom\" data-delay=\"0\"><a href=\"https:\/\/www.cutlerydryer.com\/de\/star\" target=\"_self\"><img loading=\"lazy\" decoding=\"async\" width=\"1179\" height=\"1766\" src=\"https:\/\/www.cutlerydryer.com\/wp-content\/uploads\/star-evo-tamai-cutlery-dryer.jpg\" class=\"attachment-full\" alt=\"\" title=\"star-evo-tamai-cutlery-dryer\" srcset=\"https:\/\/www.cutlerydryer.com\/wp-content\/uploads\/star-evo-tamai-cutlery-dryer.jpg 1179w, https:\/\/www.cutlerydryer.com\/wp-content\/uploads\/star-evo-tamai-cutlery-dryer-200x300.jpg 200w, https:\/\/www.cutlerydryer.com\/wp-content\/uploads\/star-evo-tamai-cutlery-dryer-684x1024.jpg 684w\" sizes=\"(max-width: 1179px) 100vw, 1179px\" \/><\/a><\/div>[\/vc_column][vc_column width=&#8220;1\/4&#8243;]<div class=\"single_image wpb_content_element align-left  animate  image_opacity\" data-animation=\"fade-in-from-bottom\" data-delay=\"0\"><a href=\"https:\/\/www.cutlerydryer.com\/de\/tornado\" target=\"_self\"><img loading=\"lazy\" decoding=\"async\" width=\"1179\" height=\"1766\" src=\"https:\/\/www.cutlerydryer.com\/wp-content\/uploads\/tornado-evo-cod410.jpg\" class=\"attachment-full\" alt=\"\" title=\"tornado-evo-cod410\" srcset=\"https:\/\/www.cutlerydryer.com\/wp-content\/uploads\/tornado-evo-cod410.jpg 1179w, https:\/\/www.cutlerydryer.com\/wp-content\/uploads\/tornado-evo-cod410-200x300.jpg 200w, https:\/\/www.cutlerydryer.com\/wp-content\/uploads\/tornado-evo-cod410-684x1024.jpg 684w\" sizes=\"(max-width: 1179px) 100vw, 1179px\" \/><\/a><\/div>[\/vc_column][vc_column width=&#8220;1\/4&#8243;]<div class=\"single_image wpb_content_element align-left  animate  image_opacity\" data-animation=\"fade-in-from-bottom\" data-delay=\"0\"><a href=\"https:\/\/www.cutlerydryer.com\/de\/mig\" target=\"_self\"><img loading=\"lazy\" decoding=\"async\" width=\"1766\" height=\"1179\" src=\"https:\/\/www.cutlerydryer.com\/wp-content\/uploads\/eagle-up-cutlery-dryer-tamai.jpg\" class=\"attachment-full\" alt=\"\" title=\"eagle-up-cutlery-dryer-tamai\" srcset=\"https:\/\/www.cutlerydryer.com\/wp-content\/uploads\/eagle-up-cutlery-dryer-tamai.jpg 1766w, https:\/\/www.cutlerydryer.com\/wp-content\/uploads\/eagle-up-cutlery-dryer-tamai-300x200.jpg 300w, https:\/\/www.cutlerydryer.com\/wp-content\/uploads\/eagle-up-cutlery-dryer-tamai-1024x684.jpg 1024w, https:\/\/www.cutlerydryer.com\/wp-content\/uploads\/eagle-up-cutlery-dryer-tamai-600x400.jpg 600w\" sizes=\"(max-width: 1766px) 100vw, 1766px\" \/><\/a><\/div>[\/vc_column][\/vc_row]<\/p>\n<\/div>","protected":false},"excerpt":{"rendered":"<p>[vc_row][vc_column width=&#8220;1\/1&#8243;][\/vc_column][\/vc_row][vc_row][vc_column width=&#8220;5\/6&#8243;][\/vc_column][vc_column width=&#8220;1\/6&#8243;][\/vc_column][\/vc_row][vc_row][vc_column width=&#8220;1\/4&#8243;][\/vc_column][vc_column width=&#8220;3\/4&#8243;][vc_column_text]EVOLUTION ist das Restyling von unserer ganzen Produktlinie. Dank der eingef\u00fchrten Innovationen zusammen mit den erwiesenen Leistungen sind unsere Maschinen noch wettbewerbsf\u00e4higer, noch leistungsf\u00e4higer und noch flexibler. ACTIVE CONTROL ist die Leiterplatte mit LCD-Display, mit der alle unsere Modelle ausgestattet sind, damit es einfacher ist, die Phasen der Maschinen einfach und auf einer intuitiven Weise zu folgen. EAGLE neu, exklusive und leistungsf\u00e4hige EINBAU &#8211;\u00a0oder Tischmodelle.[\/vc_column_text][\/vc_column][\/vc_row][vc_row][vc_column width=&#8220;2\/3&#8243;][vc_column_text] &nbsp; Unsere Linie besteht aus automatischen und handbet\u00e4tigten Modellen, die sich durch Anmessungen unterscheiden, die aber alle gleich f\u00fcr Vorteilen und Qualit\u00e4t sind, damit sie zu verschiedenen Bed\u00fcrfnissen anpassen k\u00f6nnen. Unsere Maschinen sind mit Edelstahl AISI 304 gebaut, und werden mit schallabsorbierenden Paneelen isoliert, um Energie zu sparen und L\u00e4rm zu reduzieren. Alle Komponenten sind von hoher Qualit\u00e4t und MADE IN ITALY.[\/vc_column_text][\/vc_column][vc_column width=&#8220;1\/3&#8243;][\/vc_column][\/vc_row][vc_row type=&#8220;full_width_section&#8220;][vc_column width=&#8220;1\/3&#8243;][\/vc_column][vc_column width=&#8220;1\/3&#8243;][\/vc_column][vc_column width=&#8220;1\/3&#8243;][\/vc_column][\/vc_row][vc_row][vc_column width=&#8220;1\/1&#8243;][\/vc_column][\/vc_row][vc_row][vc_column width=&#8220;1\/4&#8243;][\/vc_column][vc_column width=&#8220;1\/2&#8243;][\/vc_column][vc_column width=&#8220;1\/4&#8243;][\/vc_column][\/vc_row][vc_row][vc_column width=&#8220;1\/4&#8243;][\/vc_column][vc_column width=&#8220;1\/4&#8243;][\/vc_column][vc_column width=&#8220;1\/4&#8243;][\/vc_column][vc_column width=&#8220;1\/4&#8243;][\/vc_column][\/vc_row]<\/p>\n","protected":false},"author":2,"featured_media":0,"parent":0,"menu_order":0,"comment_status":"closed","ping_status":"closed","template":"","meta":{"_monsterinsights_skip_tracking":false,"_monsterinsights_sitenote_active":false,"_monsterinsights_sitenote_note":"","_monsterinsights_sitenote_category":0,"footnotes":""},"class_list":["post-16236","page","type-page","status-publish","hentry"],"yoast_head":"<!-- This site is optimized with the Yoast SEO plugin v26.0 - https:\/\/yoast.com\/wordpress\/plugins\/seo\/ -->\n<title>Cutlery Dryer Programm<\/title>\n<meta name=\"description\" content=\"Das Cutlery Dryer Projekt steht f\u00fcr trockenes, gl\u00e4nzendes und insbesondere f\u00fcr desinfiziertes Besteck und ist eine wichtige Innovation im Bereich der Gastronomieausstattung.\" \/>\n<meta name=\"robots\" content=\"index, follow, max-snippet:-1, max-image-preview:large, max-video-preview:-1\" \/>\n<link rel=\"canonical\" href=\"https:\/\/www.cutlerydryer.com\/de\/cutlery-dryer-programm\/\" \/>\n<meta property=\"og:locale\" content=\"de_DE\" \/>\n<meta property=\"og:type\" content=\"article\" \/>\n<meta property=\"og:title\" content=\"Cutlery Dryer Programm\" \/>\n<meta property=\"og:description\" content=\"Das Cutlery Dryer Projekt steht f\u00fcr trockenes, gl\u00e4nzendes und insbesondere f\u00fcr desinfiziertes Besteck und ist eine wichtige Innovation im Bereich der Gastronomieausstattung.\" \/>\n<meta property=\"og:url\" content=\"https:\/\/www.cutlerydryer.com\/de\/cutlery-dryer-programm\/\" \/>\n<meta property=\"og:site_name\" content=\"Cutlery Dryer\" \/>\n<meta property=\"article:modified_time\" content=\"2023-02-16T17:14:19+00:00\" \/>\n<meta name=\"twitter:card\" content=\"summary_large_image\" \/>\n<meta name=\"twitter:label1\" content=\"Gesch\u00e4tzte Lesezeit\" \/>\n\t<meta name=\"twitter:data1\" content=\"1\u00a0Minute\" \/>\n<script type=\"application\/ld+json\" class=\"yoast-schema-graph\">{\"@context\":\"https:\/\/schema.org\",\"@graph\":[{\"@type\":\"WebPage\",\"@id\":\"https:\/\/www.cutlerydryer.com\/de\/cutlery-dryer-programm\/\",\"url\":\"https:\/\/www.cutlerydryer.com\/de\/cutlery-dryer-programm\/\",\"name\":\"Cutlery Dryer Programm\",\"isPartOf\":{\"@id\":\"http:\/\/www.cutlerydryer.com\/de\/#website\"},\"datePublished\":\"2016-03-06T12:17:57+00:00\",\"dateModified\":\"2023-02-16T17:14:19+00:00\",\"description\":\"Das Cutlery Dryer Projekt steht f\u00fcr trockenes, gl\u00e4nzendes und insbesondere f\u00fcr desinfiziertes Besteck und ist eine wichtige Innovation im Bereich der Gastronomieausstattung.\",\"breadcrumb\":{\"@id\":\"https:\/\/www.cutlerydryer.com\/de\/cutlery-dryer-programm\/#breadcrumb\"},\"inLanguage\":\"de\",\"potentialAction\":[{\"@type\":\"ReadAction\",\"target\":[\"https:\/\/www.cutlerydryer.com\/de\/cutlery-dryer-programm\/\"]}]},{\"@type\":\"BreadcrumbList\",\"@id\":\"https:\/\/www.cutlerydryer.com\/de\/cutlery-dryer-programm\/#breadcrumb\",\"itemListElement\":[{\"@type\":\"ListItem\",\"position\":1,\"name\":\"Home\",\"item\":\"https:\/\/www.cutlerydryer.com\/de\/\"},{\"@type\":\"ListItem\",\"position\":2,\"name\":\"Cutlery Dryer Projekt\"}]},{\"@type\":\"WebSite\",\"@id\":\"http:\/\/www.cutlerydryer.com\/de\/#website\",\"url\":\"http:\/\/www.cutlerydryer.com\/de\/\",\"name\":\"Cutlery Dryer\",\"description\":\"Asciuga posate professionali\",\"potentialAction\":[{\"@type\":\"SearchAction\",\"target\":{\"@type\":\"EntryPoint\",\"urlTemplate\":\"http:\/\/www.cutlerydryer.com\/de\/?s={search_term_string}\"},\"query-input\":{\"@type\":\"PropertyValueSpecification\",\"valueRequired\":true,\"valueName\":\"search_term_string\"}}],\"inLanguage\":\"de\"}]}<\/script>\n<!-- \/ Yoast SEO plugin. -->","yoast_head_json":{"title":"Cutlery Dryer Programm","description":"Das Cutlery Dryer Projekt steht f\u00fcr trockenes, gl\u00e4nzendes und insbesondere f\u00fcr desinfiziertes Besteck und ist eine wichtige Innovation im Bereich der Gastronomieausstattung.","robots":{"index":"index","follow":"follow","max-snippet":"max-snippet:-1","max-image-preview":"max-image-preview:large","max-video-preview":"max-video-preview:-1"},"canonical":"https:\/\/www.cutlerydryer.com\/de\/cutlery-dryer-programm\/","og_locale":"de_DE","og_type":"article","og_title":"Cutlery Dryer Programm","og_description":"Das Cutlery Dryer Projekt steht f\u00fcr trockenes, gl\u00e4nzendes und insbesondere f\u00fcr desinfiziertes Besteck und ist eine wichtige Innovation im Bereich der Gastronomieausstattung.","og_url":"https:\/\/www.cutlerydryer.com\/de\/cutlery-dryer-programm\/","og_site_name":"Cutlery Dryer","article_modified_time":"2023-02-16T17:14:19+00:00","twitter_card":"summary_large_image","twitter_misc":{"Gesch\u00e4tzte Lesezeit":"1\u00a0Minute"},"schema":{"@context":"https:\/\/schema.org","@graph":[{"@type":"WebPage","@id":"https:\/\/www.cutlerydryer.com\/de\/cutlery-dryer-programm\/","url":"https:\/\/www.cutlerydryer.com\/de\/cutlery-dryer-programm\/","name":"Cutlery Dryer Programm","isPartOf":{"@id":"http:\/\/www.cutlerydryer.com\/de\/#website"},"datePublished":"2016-03-06T12:17:57+00:00","dateModified":"2023-02-16T17:14:19+00:00","description":"Das Cutlery Dryer Projekt steht f\u00fcr trockenes, gl\u00e4nzendes und insbesondere f\u00fcr desinfiziertes Besteck und ist eine wichtige Innovation im Bereich der Gastronomieausstattung.","breadcrumb":{"@id":"https:\/\/www.cutlerydryer.com\/de\/cutlery-dryer-programm\/#breadcrumb"},"inLanguage":"de","potentialAction":[{"@type":"ReadAction","target":["https:\/\/www.cutlerydryer.com\/de\/cutlery-dryer-programm\/"]}]},{"@type":"BreadcrumbList","@id":"https:\/\/www.cutlerydryer.com\/de\/cutlery-dryer-programm\/#breadcrumb","itemListElement":[{"@type":"ListItem","position":1,"name":"Home","item":"https:\/\/www.cutlerydryer.com\/de\/"},{"@type":"ListItem","position":2,"name":"Cutlery Dryer Projekt"}]},{"@type":"WebSite","@id":"http:\/\/www.cutlerydryer.com\/de\/#website","url":"http:\/\/www.cutlerydryer.com\/de\/","name":"Cutlery Dryer","description":"Asciuga posate professionali","potentialAction":[{"@type":"SearchAction","target":{"@type":"EntryPoint","urlTemplate":"http:\/\/www.cutlerydryer.com\/de\/?s={search_term_string}"},"query-input":{"@type":"PropertyValueSpecification","valueRequired":true,"valueName":"search_term_string"}}],"inLanguage":"de"}]}},"_links":{"self":[{"href":"https:\/\/www.cutlerydryer.com\/de\/wp-json\/wp\/v2\/pages\/16236","targetHints":{"allow":["GET"]}}],"collection":[{"href":"https:\/\/www.cutlerydryer.com\/de\/wp-json\/wp\/v2\/pages"}],"about":[{"href":"https:\/\/www.cutlerydryer.com\/de\/wp-json\/wp\/v2\/types\/page"}],"author":[{"embeddable":true,"href":"https:\/\/www.cutlerydryer.com\/de\/wp-json\/wp\/v2\/users\/2"}],"replies":[{"embeddable":true,"href":"https:\/\/www.cutlerydryer.com\/de\/wp-json\/wp\/v2\/comments?post=16236"}],"version-history":[{"count":19,"href":"https:\/\/www.cutlerydryer.com\/de\/wp-json\/wp\/v2\/pages\/16236\/revisions"}],"predecessor-version":[{"id":19539,"href":"https:\/\/www.cutlerydryer.com\/de\/wp-json\/wp\/v2\/pages\/16236\/revisions\/19539"}],"wp:attachment":[{"href":"https:\/\/www.cutlerydryer.com\/de\/wp-json\/wp\/v2\/media?parent=16236"}],"curies":[{"name":"wp","href":"https:\/\/api.w.org\/{rel}","templated":true}]}}